{"id":908,"date":"2015-01-14T12:26:07","date_gmt":"2015-01-14T11:26:07","guid":{"rendered":"http:\/\/www.johanna-tschautscher.eu\/?page_id=908"},"modified":"2025-01-07T13:04:04","modified_gmt":"2025-01-07T12:04:04","slug":"beni-altmueller-2","status":"publish","type":"page","link":"https:\/\/www.johanna-tschautscher.eu\/index.php\/filme\/beni-altmueller-2\/","title":{"rendered":"Beni Altm\u00fcller"},"content":{"rendered":"ngg_shortcode_0_placeholder\n\n\n\n<p><strong>&#8222;BENI ALTM\u00dcLLER&#8220;<\/strong><\/p>\n\n\n\n<p><em>Schritt ins Unbestimmte<\/em><\/p>\n\n\n\n<p>&nbsp;<\/p>\n\n\n\n<p>K\u00fcnstlerportrait, 53 min. AUT 2007<\/p>\n\n\n\n<p>Regie\/Kamera\/Schnitt: Johanna Tschautscher<\/p>\n\n\n\n<p>Musik: Gerald H\u00f6fler<\/p>\n\n\n\n<p>Postproduktion: Gerald H\u00f6tzeneder<\/p>\n\n\n\n<p>mit: Beni Altm\u00fcller, Baldo Cappellano, Helmut Rachlinger, Gian Franco Allesandria uvm.<\/p>\n\n\n\n<p>&nbsp;<\/p>\n\n\n\n<p><a href=\"https:\/\/www.johanna-tschautscher.eu\/?page_id=282\" data-type=\"page\" data-id=\"282\">Inhalt<\/a> \/ <a href=\"https:\/\/www.johanna-tschautscher.eu\/?page_id=287\" data-type=\"page\" data-id=\"287\" target=\"_blank\" rel=\"noreferrer noopener\">\u00dcber Beni Altm\u00fcller<\/a> \/ <a href=\"http:\/\/www.flimmit.com\/beni-altm-ller-schritte-ins-unbestimmte\" target=\"_blank\" rel=\"noopener\">Stream<\/a> \/ <a href=\"https:\/\/www.johanna-tschautscher.eu\/?page_id=289\" data-type=\"page\" data-id=\"289\" target=\"_blank\" rel=\"noreferrer noopener\">DVD<\/a> \/ <a href=\"https:\/\/www.johanna-tschautscher.eu\/?page_id=539\" data-type=\"page\" data-id=\"539\" target=\"_blank\" rel=\"noreferrer noopener\">1. Preis Arts&amp;Filmfestival<\/a><\/p>\n","protected":false},"excerpt":{"rendered":"<p>&#8222;BENI ALTM\u00dcLLER&#8220; Schritt ins Unbestimmte &nbsp; K\u00fcnstlerportrait, 53 min. AUT 2007 Regie\/Kamera\/Schnitt: Johanna Tschautscher Musik: Gerald H\u00f6fler Postproduktion: Gerald H\u00f6tzeneder mit: Beni Altm\u00fcller, Baldo Cappellano, Helmut Rachlinger, Gian Franco Allesandria uvm. &nbsp; Inhalt \/ \u00dcber Beni Altm\u00fcller \/ Stream \/ DVD \/ 1. Preis Arts&amp;Filmfestival<\/p>\n","protected":false},"author":1,"featured_media":0,"parent":31,"menu_order":0,"comment_status":"closed","ping_status":"closed","template":"page-full-width.php","meta":{"ngg_post_thumbnail":0,"footnotes":""},"class_list":["post-908","page","type-page","status-publish","hentry"],"_links":{"self":[{"href":"https:\/\/www.johanna-tschautscher.eu\/index.php\/wp-json\/wp\/v2\/pages\/908","targetHints":{"allow":["GET"]}}],"collection":[{"href":"https:\/\/www.johanna-tschautscher.eu\/index.php\/wp-json\/wp\/v2\/pages"}],"about":[{"href":"https:\/\/www.johanna-tschautscher.eu\/index.php\/wp-json\/wp\/v2\/types\/page"}],"author":[{"embeddable":true,"href":"https:\/\/www.johanna-tschautscher.eu\/index.php\/wp-json\/wp\/v2\/users\/1"}],"replies":[{"embeddable":true,"href":"https:\/\/www.johanna-tschautscher.eu\/index.php\/wp-json\/wp\/v2\/comments?post=908"}],"version-history":[{"count":4,"href":"https:\/\/www.johanna-tschautscher.eu\/index.php\/wp-json\/wp\/v2\/pages\/908\/revisions"}],"predecessor-version":[{"id":3869,"href":"https:\/\/www.johanna-tschautscher.eu\/index.php\/wp-json\/wp\/v2\/pages\/908\/revisions\/3869"}],"up":[{"embeddable":true,"href":"https:\/\/www.johanna-tschautscher.eu\/index.php\/wp-json\/wp\/v2\/pages\/31"}],"wp:attachment":[{"href":"https:\/\/www.johanna-tschautscher.eu\/index.php\/wp-json\/wp\/v2\/media?parent=908"}],"curies":[{"name":"wp","href":"https:\/\/api.w.org\/{rel}","templated":true}]}}