{"id":84,"date":"2015-01-09T21:06:24","date_gmt":"2015-01-09T21:06:24","guid":{"rendered":"http:\/\/www.johanna-tschautscher.eu\/?page_id=84"},"modified":"2015-01-14T16:17:36","modified_gmt":"2015-01-14T15:17:36","slug":"termine-is-eh-ois-do","status":"publish","type":"page","link":"https:\/\/www.johanna-tschautscher.eu\/index.php\/filme\/is-eh-ois-do\/termine-is-eh-ois-do\/","title":{"rendered":"Termine &#8211; Is eh ois do"},"content":{"rendered":"<p><strong>VORPREMIERE<br \/>\n<\/strong><\/p>\n<h4><strong>28. August 2011<\/strong><\/h4>\n<p>Filmfestival Freistadt<\/p>\n<p>17 Uhr<\/p>\n<hr \/>\n<p><strong>PREMIERE<\/strong><\/p>\n<h4><strong>14. Oktober 2011<\/strong><\/h4>\n<p>Kino St. Florian<\/p>\n<p>19 Uhr 30<br \/>\nLinz-Premiere<\/p>\n<hr \/>\n<p>&nbsp;<\/p>\n<h4><strong>20. Oktober -2011<\/strong><\/h4>\n<p>Moviemento Kino Linz<\/p>\n<p>19 Uhr<\/p>\n<hr \/>\n<h4><strong>21. bis 27. Oktober<\/strong><\/h4>\n<p>Moviemento Kino Linz<\/p>\n<p>17 Uhr 30<\/p>\n<hr \/>\n<h4><strong>6. November 2011<\/strong><\/h4>\n<p>Local B\u00fchne Freistadt<\/p>\n<p>16 Uhr<\/p>\n<hr \/>\n<p>&nbsp;<\/p>\n<h4><strong>9. November<\/strong><\/h4>\n<p>Local B\u00fchne Freistadt<\/p>\n<p>18 Uhr<\/p>\n<hr \/>\n<p>&nbsp;<\/p>\n<p>&nbsp;<\/p>\n<p><strong>21. Oktober<\/strong><br \/>\nPH-Di\u00f6zese Linz, Kapuzinerstra\u00dfe<\/p>\n<p>9 Uhr &#8211; mit Podiumsdiskussion<\/p>\n<hr \/>\n<p>&nbsp;<\/p>\n<p>&nbsp;<\/p>\n<h4><strong>29. Oktober<\/strong><br \/>\nKino Katsdorf<\/h4>\n<p>20 Uhr<\/p>\n<hr \/>\n<p>&nbsp;<\/p>\n<h4><strong>30. November<\/strong><br \/>\nUniversit\u00e4t Linz,\u00a0 H\u00f6rsaal 3<\/h4>\n<p>18 Uhr<\/p>\n<hr \/>\n<p>&nbsp;<\/p>\n<h4><strong>1. Dezember<\/strong><br \/>\nKino Bad Leonfelden, Kino Leone<\/h4>\n<p>19 Uhr<\/p>\n<hr \/>\n<p>&nbsp;<\/p>\n<p>&nbsp;<\/p>\n<h4><strong>7. Dezember<\/strong><\/h4>\n<p>Brau Union, Firmenveranstaltung<\/p>\n<p>16 Uhr<\/p>\n<hr \/>\n<h4><strong>9. Dezember 2012<br \/>\n<\/strong><\/h4>\n<p>Kino Katsdorf<\/p>\n<p>20 Uhr 15<\/p>\n<hr \/>\n<p>&nbsp;<\/p>\n<p>&nbsp;<\/p>\n<h4><strong>11. Januar 2012<\/strong><br \/>\nKino Lenzing<\/h4>\n<p>20 Uhr mit anschlie\u00dfender Diskussion<\/p>\n<hr \/>\n<p>&nbsp;<\/p>\n<p>&nbsp;<\/p>\n<h4><strong>14. Januar 2012<\/strong><br \/>\nLichtenberg, Seelsorgezentrum Lichtenberg, Kirche<\/h4>\n<p>20 Uhr<\/p>\n<hr \/>\n<p>&nbsp;<\/p>\n<p>&nbsp;<\/p>\n<h4><strong>ab 1. Februar 2012<\/strong><br \/>\nKino Steyr<\/h4>\n<p>20 Uhr<\/p>\n<hr \/>\n<p>&nbsp;<\/p>\n<p>&nbsp;<\/p>\n<h4><strong>8. Februar 2012<\/strong><br \/>\nGramaphon, Gramastetten<\/h4>\n<p>19 Uhr 30<\/p>\n<p>mit anschlie\u00dfender Diskussion mit Rudi Anschober, Gr\u00fcne O\u00d6<\/p>\n<hr \/>\n<p>&nbsp;<\/p>\n<p>&nbsp;<\/p>\n<h4><strong>19. und 21. Januar 2012<\/strong><br \/>\nTamsweg, Kulturverein<\/h4>\n<p>20 Uhr<\/p>\n<hr \/>\n<p>&nbsp;<\/p>\n<p>&nbsp;<\/p>\n<h4><strong>13. Februar<\/strong><br \/>\nKino Kirchdorf<\/h4>\n<p>20 Uhr<\/p>\n<hr \/>\n<p>&nbsp;<\/p>\n<p>&nbsp;<\/p>\n<h4><strong>29. Februar 2012<\/strong><br \/>\nKulturverein AUSSERDEM, Kremsm\u00fcnster<\/h4>\n<p>20 Uhr<\/p>\n<hr \/>\n<p>&nbsp;<\/p>\n<p>&nbsp;<\/p>\n<h4><strong>16. bis 19. Februar, t\u00e4glich<\/strong><br \/>\nBaumesse Wien<\/h4>\n<hr \/>\n<p>&nbsp;<\/p>\n<p>&nbsp;<\/p>\n<h4><strong>4. M\u00e4rz 2012<\/strong><br \/>\nLembach, Alfons Dorfner Halle<\/h4>\n<p>20 Uhr<\/p>\n<hr \/>\n<p>&nbsp;<\/p>\n<p>&nbsp;<\/p>\n<h4><strong>9. M\u00e4rz 2012<\/strong><br \/>\nNeuhofen im Innkreis<\/h4>\n<p>20 Uhr<\/p>\n<hr \/>\n<p>&nbsp;<\/p>\n<p>&nbsp;<\/p>\n<h4><strong>21. M\u00e4rz 2012<\/strong><br \/>\nSt. Ulrich\/ M\u00fchlviertel<\/h4>\n<p>20 Uhr<\/p>\n<hr \/>\n<p>&nbsp;<\/p>\n<p>&nbsp;<\/p>\n<h4><strong>12. Apri 2012<\/strong><br \/>\nSt. Florian \/ Gasthaus Pfisterm\u00fchle<\/h4>\n<p>19 Uhr 30<\/p>\n<hr \/>\n<p>&nbsp;<\/p>\n<p>&nbsp;<\/p>\n<h4><strong>1. Juni 2012<\/strong><br \/>\nGosau, Kulturzentrum<\/h4>\n<p>19 Uhr 30<\/p>\n<hr \/>\n<p>&nbsp;<\/p>\n<p>&nbsp;<\/p>\n<h4><strong>10. Mai 2012<\/strong><br \/>\nTamsweg WK Saal<\/h4>\n<p>19 Uhr 30<\/p>\n<hr \/>\n<p>&nbsp;<\/p>\n<p>&nbsp;<\/p>\n<h4><strong>11. Mai 2012<\/strong><br \/>\nPurgstall, Firma \u00d6kofen<\/h4>\n<p>19 Uhr 30<\/p>\n<hr \/>\n<p>&nbsp;<\/p>\n<p>&nbsp;<\/p>\n<h4><strong>1. Juni 2012<\/strong><br \/>\nKronstorf<\/h4>\n<p>19 Uhr<\/p>\n<hr \/>\n<p>&nbsp;<\/p>\n<p>&nbsp;<\/p>\n<h4><strong>4. Juni,<\/strong><br \/>\nEngerwitzdorf,\u00a0 Veranstalter Gr\u00fcne Engerwitzdorf<\/h4>\n<p>10 Uhr<\/p>\n<hr \/>\n<p>&nbsp;<\/p>\n<h4><strong>5. Juli 2012<\/strong><br \/>\nSt. Florian, Landwirtschaftsschule<\/h4>\n<p>10 Uhr<\/p>\n<hr \/>\n<p>&nbsp;<\/p>\n<p>&nbsp;<\/p>\n<h4>20. Juli 2012<br \/>\nPram-Wendling,\u00a0 im Rahmen des Sommerkino, Katholisches Bildungswerk<\/h4>\n<p>20 Uhr<\/p>\n<hr \/>\n<p>&nbsp;<\/p>\n<p>&nbsp;<\/p>\n<h4>27.9.2012<br \/>\nGrieskirchen, Veranstaltungszentrum Manglburg, Manglburg 13.<\/h4>\n<p>19 Uhr<\/p>\n<hr \/>\n<p>&nbsp;<\/p>\n<p>&nbsp;<\/p>\n<h4><strong>21.Juli 2012<\/strong><br \/>\nB\u00f6heimkirchen\/N\u00d6, Plattnerhof, Marktplatz 4<\/h4>\n<p>18:30 Uhr<\/p>\n<hr \/>\n<p>&nbsp;<\/p>\n<p>&nbsp;<\/p>\n<p><strong>4. Juni 2012<\/strong><br \/>\nEngerwitzdorf, Veranstalter Gr\u00fcne Engerwitzdorf<\/p>\n<p>19 Uhr<\/p>\n<hr \/>\n<p>&nbsp;<\/p>\n<p>&nbsp;<\/p>\n<p><strong>5. Juli 2012<\/strong><br \/>\nSt. Florian, Landwirtschaftsschule<\/p>\n<p>10 Uhr<\/p>\n<p>&nbsp;<\/p>\n<p>20. Juli 2012<br \/>\nPram-Wendling,\u00a0 im Rahmen des Sommerkino, Katholisches Bildungswerk<\/p>\n<p>19 Uhr<\/p>\n<p>&nbsp;<\/p>\n<p><strong>9. September 2012<\/strong><br \/>\nLeonding, Tag der Sonne<\/p>\n<p>ganzt\u00e4gig<\/p>\n<p>&nbsp;<\/p>\n<p><strong>27.9.2012<\/strong><br \/>\nGrieskirchen, Veranstaltungszentrum Manglburg, Manglburg 13.<\/p>\n<p>19 Uhr<\/p>\n<p>&nbsp;<\/p>\n<p><strong>22. November 2012<\/strong><br \/>\nAttnang Puchheim, Veranstalter: Alois Lasinger<\/p>\n<p>19 Uhr, 2012<\/p>\n<p>&nbsp;<\/p>\n<p><strong>22. November 2012<\/strong><br \/>\nSt. Thomas<\/p>\n<p>20 Uhr<\/p>\n<p>&nbsp;<\/p>\n<p><strong>12. 12. 2012<\/strong><br \/>\nATTAC Krems, Gesundheitszentrum Goldenes Kreuz, Langenloiserstra\u00dfe 4<\/p>\n<p>19:00<\/p>\n<p>Podiumsdiskussion zu regionalen Initiativen im Raum Krems.<\/p>\n","protected":false},"excerpt":{"rendered":"<p>VORPREMIERE 28. August 2011 Filmfestival Freistadt 17 Uhr PREMIERE 14. Oktober 2011 Kino St. Florian 19 Uhr 30 Linz-Premiere &nbsp; 20. Oktober -2011 Moviemento Kino Linz 19 Uhr 21. bis 27. Oktober Moviemento Kino Linz 17 Uhr 30 6. November 2011 Local B\u00fchne Freistadt 16 Uhr &nbsp; 9. November Local B\u00fchne Freistadt 18 Uhr &nbsp; [&hellip;]<\/p>\n","protected":false},"author":1,"featured_media":0,"parent":80,"menu_order":0,"comment_status":"closed","ping_status":"closed","template":"","meta":{"ngg_post_thumbnail":0,"footnotes":""},"class_list":["post-84","page","type-page","status-publish","hentry"],"_links":{"self":[{"href":"https:\/\/www.johanna-tschautscher.eu\/index.php\/wp-json\/wp\/v2\/pages\/84","targetHints":{"allow":["GET"]}}],"collection":[{"href":"https:\/\/www.johanna-tschautscher.eu\/index.php\/wp-json\/wp\/v2\/pages"}],"about":[{"href":"https:\/\/www.johanna-tschautscher.eu\/index.php\/wp-json\/wp\/v2\/types\/page"}],"author":[{"embeddable":true,"href":"https:\/\/www.johanna-tschautscher.eu\/index.php\/wp-json\/wp\/v2\/users\/1"}],"replies":[{"embeddable":true,"href":"https:\/\/www.johanna-tschautscher.eu\/index.php\/wp-json\/wp\/v2\/comments?post=84"}],"version-history":[{"count":7,"href":"https:\/\/www.johanna-tschautscher.eu\/index.php\/wp-json\/wp\/v2\/pages\/84\/revisions"}],"predecessor-version":[{"id":902,"href":"https:\/\/www.johanna-tschautscher.eu\/index.php\/wp-json\/wp\/v2\/pages\/84\/revisions\/902"}],"up":[{"embeddable":true,"href":"https:\/\/www.johanna-tschautscher.eu\/index.php\/wp-json\/wp\/v2\/pages\/80"}],"wp:attachment":[{"href":"https:\/\/www.johanna-tschautscher.eu\/index.php\/wp-json\/wp\/v2\/media?parent=84"}],"curies":[{"name":"wp","href":"https:\/\/api.w.org\/{rel}","templated":true}]}}