{"id":766,"date":"2015-01-13T15:52:10","date_gmt":"2015-01-13T14:52:10","guid":{"rendered":"http:\/\/www.johanna-tschautscher.eu\/?page_id=766"},"modified":"2024-12-23T11:55:15","modified_gmt":"2024-12-23T10:55:15","slug":"reaktionen-is-eh-ois-do","status":"publish","type":"page","link":"https:\/\/www.johanna-tschautscher.eu\/index.php\/filme\/is-eh-ois-do\/reaktionen-is-eh-ois-do\/","title":{"rendered":"Reaktionen &#8211; Is eh ois do"},"content":{"rendered":"\n<p>Herzliche Gratulation zum besten Film zu diesem Thema, den ich finden konnte!!!! Ich habe es selbst sehr genossen und ihn guten Gewissens und gerne genutzt, da er sachliche, fachliche Information mit pers\u00f6nlichen Erfahrungen und Emotionen verkn\u00fcpft, ohne dabei \u2013 entgegen anderer Beispiele \u2013 auf die Propagandaschiene zu geraten.<br><strong>DI Claudia Leichtfried \/ Energy Changes<\/strong><\/p>\n\n\n\n<div style=\"height:47px\" aria-hidden=\"true\" class=\"wp-block-spacer\"><\/div>\n\n\n\n<p><strong>28. August 2011<\/strong><br>&#8230; ein unmoralischer Gegenpol, zur Angst, die in \u00d6sterreich vor allem M\u00fchlviertel hinsichtlich Klimawandel und Kernenergie herrscht &#8230;<\/p>\n\n\n\n<div style=\"height:47px\" aria-hidden=\"true\" class=\"wp-block-spacer\"><\/div>\n\n\n\n<p><strong>12. Oktober 2011<\/strong><br>Guten Morgen aus Ungarn,<br>las einen Bericht \u00fcber Ihr neues Projekt.<br>Wo kann man diesen Film hier in Ungarn sehen?<br>Wir werden hier ein einzigartiges Resort errichten.<\/p>\n\n\n\n<div style=\"height:47px\" aria-hidden=\"true\" class=\"wp-block-spacer\"><\/div>\n\n\n\n<p><strong>23. Oktober 2011<\/strong><br>&#8230; besonders diese Schafwolle, die ich in diesem Film gesehen habe, das interessiert mich wirklich, wie geht das genau das Haus damit zu d\u00e4mmen, ich kann mir einfach nicht vorstellen meine H\u00fctte mit Styrophor einzukleben, ich denke wirklich dar\u00fcber nach, habe eine 38 cm Ziegelmauer, ob ich die d\u00e4mme &#8230;<\/p>\n\n\n\n<div style=\"height:47px\" aria-hidden=\"true\" class=\"wp-block-spacer\"><\/div>\n\n\n\n<p><strong>24. Oktober 2011<\/strong><\/p>\n\n\n\n<p>Ich habe am Freitag Ihren Film &#8222;Is eh ois do&#8220; gesehen und wollte Ihnen sagen, dass ich danach ein hoffnungsfroheres Gef\u00fchl hatte, dass es doch zu einem Wandel kommen kann! Ihre gut gew\u00e4hlte Zusammenstellung an engagierten Menschen, die sich alle auf ihre Art und Weise mit der Erneuerung im Energiebereich besch\u00e4ftigen, hat mich sehr positiv ber\u00fchrt und daf\u00fcr ein herzliches Dankesch\u00f6n!PS: Sollte der Film auch auf DVD erh\u00e4ltlich sein, bitte um Info. Ich w\u00fcrde gerne ein paar Exemplare davon erwerben, es w\u00e4re ein sch\u00f6nes Weihnachtsgeschenk f\u00fcr Freunde und Familie.<\/p>\n","protected":false},"excerpt":{"rendered":"<p>Herzliche Gratulation zum besten Film zu diesem Thema, den ich finden konnte!!!! Ich habe es selbst sehr genossen und ihn guten Gewissens und gerne genutzt, da er sachliche, fachliche Information mit pers\u00f6nlichen Erfahrungen und Emotionen verkn\u00fcpft, ohne dabei \u2013 entgegen anderer Beispiele \u2013 auf die Propagandaschiene zu geraten.DI Claudia Leichtfried \/ Energy Changes 28. August [&hellip;]<\/p>\n","protected":false},"author":1,"featured_media":0,"parent":80,"menu_order":0,"comment_status":"closed","ping_status":"closed","template":"","meta":{"ngg_post_thumbnail":0,"footnotes":""},"class_list":["post-766","page","type-page","status-publish","hentry"],"_links":{"self":[{"href":"https:\/\/www.johanna-tschautscher.eu\/index.php\/wp-json\/wp\/v2\/pages\/766","targetHints":{"allow":["GET"]}}],"collection":[{"href":"https:\/\/www.johanna-tschautscher.eu\/index.php\/wp-json\/wp\/v2\/pages"}],"about":[{"href":"https:\/\/www.johanna-tschautscher.eu\/index.php\/wp-json\/wp\/v2\/types\/page"}],"author":[{"embeddable":true,"href":"https:\/\/www.johanna-tschautscher.eu\/index.php\/wp-json\/wp\/v2\/users\/1"}],"replies":[{"embeddable":true,"href":"https:\/\/www.johanna-tschautscher.eu\/index.php\/wp-json\/wp\/v2\/comments?post=766"}],"version-history":[{"count":3,"href":"https:\/\/www.johanna-tschautscher.eu\/index.php\/wp-json\/wp\/v2\/pages\/766\/revisions"}],"predecessor-version":[{"id":3602,"href":"https:\/\/www.johanna-tschautscher.eu\/index.php\/wp-json\/wp\/v2\/pages\/766\/revisions\/3602"}],"up":[{"embeddable":true,"href":"https:\/\/www.johanna-tschautscher.eu\/index.php\/wp-json\/wp\/v2\/pages\/80"}],"wp:attachment":[{"href":"https:\/\/www.johanna-tschautscher.eu\/index.php\/wp-json\/wp\/v2\/media?parent=766"}],"curies":[{"name":"wp","href":"https:\/\/api.w.org\/{rel}","templated":true}]}}