{"id":73,"date":"2015-01-09T20:51:50","date_gmt":"2015-01-09T20:51:50","guid":{"rendered":"http:\/\/www.johanna-tschautscher.eu\/?page_id=73"},"modified":"2015-01-12T15:56:17","modified_gmt":"2015-01-12T14:56:17","slug":"reaktionen-hans-im-glueck","status":"publish","type":"page","link":"https:\/\/www.johanna-tschautscher.eu\/index.php\/filme\/hans-im-glueck\/reaktionen-hans-im-glueck\/","title":{"rendered":"Reaktionen &#8211; Hans im Gl\u00fcck"},"content":{"rendered":"<p><strong>Christine Viehb\u00f6ck, Weberei Haslach<\/strong><\/p>\n<p style=\"text-align: justify;\">Den Abend im Kino habe ich sehr genossen und neben &#8222;friedlich&#8220; auch fr\u00f6hlich gemacht. Ganz gro\u00dfes Kompliment! Ich habe schon oft gesagt, dass ein Unternehmer in hohem Ma\u00df auch &#8222;erm\u00f6glichen&#8220; kann. Ihr n\u00fctzt das in einer Ernsthaftigkeit, die der Lockerheit nicht entbehrt. Ich meine mit &#8222;erm\u00f6glichen&#8220;, Unkonventionelles und Schlummerndes wecken. Werte f\u00f6rdern und dabei nicht verbissen sondern fr\u00f6hlich sein. Ein weisungsgebundener, auf Gewinn angesetzter Manager erlaubt sich so etwas nicht. Auch fehlt Mitarbeitern Macht und M\u00f6glichkeit &#8222;Spintisierereien&#8220; umzusetzen und zu schauen, wohin sie vielleicht f\u00fchren &#8230; Ich, als klassische Ur-Alt-Unternehmerin hafte sowieso f\u00fcr alles, aber ich suchte immer und entdeckte immer wieder Spielr\u00e4ume Denkarten au\u00dferhalb der Wirtschafts-Gesetze zu pflegen und zuzulassen! Das &#8222;erm\u00f6glichen&#8220; wurde zu meiner positiven Grundhaltung, eine Art Gegenpol, f\u00fcr das Gef\u00fchl, dass meine Arbeit Sinn macht. Ich w\u00fcnsche Euch allen, dem Betrieb, den Mitarbeitern und deiner Frau ein gutes Jahr 2013, f\u00fcr heute herzliche Gr\u00fc\u00dfe von Christine Viehb\u00f6ck.&#8220;<\/p>\n<hr \/>\n<p style=\"text-align: justify;\"><strong>Renate Bauer, Filmemacherin<\/strong><br \/>\n&#8222;Der Film hat mir gut getan. Mich erinnerte das an meinen Vater, er war B\u00e4ckermeister, auch er hat oft solche Grundwerte angesprochen.&#8220;<\/p>\n<hr \/>\n<p style=\"text-align: justify;\"><strong>Josef P\u00fchringer, Zollbeamter<\/strong><br \/>\n&#8222;Ja , dieser Hans im Gl\u00fcck, gut, dass es ihn gibt.<br \/>\nGut, dass es solche Leute, solche Unternehmer gibt.<br \/>\nD\u00fcrnau, dieser alte Bauernhof. Das B\u00e4chlein. Diese Wiesen. Der Lerchengesang.<br \/>\nDieser Franz Hochreiter. Spricht wenig und sagt so viel. Verstellt sich nicht mehr, wie er sagt. Dann diese Waldviertler. Gut, dass ich gestern dabei war. Film. Filmmusik. Alles sehr sch\u00f6n. Danke!&#8220;<\/p>\n<hr \/>\n<p style=\"text-align: justify;\"><strong>Josef Durstberger, Techniker<\/strong><br \/>\n&#8222;Der Film hat mir sehr gut gefallen, diese Synergie zwischen Musik und Inhalt, auch die Firmenphilosophie! In so einem Betrieb w\u00fcrde ich sehr gerne arbeiten.&#8220;<\/p>\n<hr \/>\n<p style=\"text-align: justify;\"><strong>Martha Danner, Friseurin<\/strong><br \/>\n&#8222;Dieser Hans, da bin ich dahingeschmolzen. So eine nette Erscheinung!&#8220;<\/p>\n<hr \/>\n<p style=\"text-align: justify;\"><strong>Angelika Fitzurka, Chefredakteurin Tips<\/strong><br \/>\n&#8222;Ich bin immer noch ganz ber\u00fchrt!&#8220;<\/p>\n<hr \/>\n<p style=\"text-align: justify;\"><strong>Gernot Frohler, Bezirksrundschau Urfahr Umgebung<\/strong><br \/>\n&#8222;Ich gratuliere zur Premiere, der Film hat mir sehr gut gefallen&#8220;<\/p>\n<hr \/>\n<p style=\"text-align: justify;\"><strong>Prof. i.R. Dr. Werner Gabriel, Philosoph in Wien<\/strong><br \/>\n&#8222;Die Philosophie fragt nicht: Was tut uns gut, sondern: Was ist das Gute? Dieser Film jedoch ist so gelungen, dass der Intellektuelle schweigt. Der Hans, der in diesem Film auf der Wiese liegt und denkt, der bewei\u00dft etwas, was wir nicht mehr f\u00fcr m\u00f6glich halten: Denken und Gl\u00fccklich sein schlie\u00dfen einander nicht aus. Dieser Hans denkt sp\u00fcrbar und sichtbar st\u00e4ndig, er entwickelt durch seinen Verstand etwas, was Aristoteles die Gl\u00fcckseligkeit nennt. Er denkt an die Sache selbst, die Technik, die beinahe hohe Gl\u00fcckseligkeit bringen kann, da sie tats\u00e4chlich \u201ezu Ende gebracht werden kann\u201c und etwas \u201efunktioniert\u201c und er denkt das Seelentum, das scheinbar kein Ende hat. Er scheint sp\u00fcrbar in jedem Augenblick gl\u00fccklich zu sein, nicht nur einen Augenblick lang, die Schwalbe macht noch keinen Sommer. Auch nicht nur einen Tag des Sommers. So macht auch kein einzelner Augenblick und kein einzelner Tag einen seligen, gl\u00fccklichen Menschen. Dieser Hans ist sp\u00fcrbar immer gl\u00fccklich. Das ist sogar unheimlich an diesem Film, diese anhaltende positive Grundstimmung, bei allen, die etwas sagen. Auch der Mann, der sich nicht mehr verstellt und der Sch\u00fcler, der seine Aufgabe gefunden hat.&#8220;<\/p>\n<hr \/>\n<p style=\"text-align: justify;\"><strong>Anonym<\/strong><br \/>\n&#8222;Ich werde diesen Film meinem Chef zeigen. Im Grunde seines Herzens ist er genau so wie dieser Hans, hat es aber vergessen, meinem Chef geht es nicht mehr so gut, ich glaube, weil er das vergessen hat.&#8220;<\/p>\n<hr \/>\n<p style=\"text-align: justify;\"><strong>Cornelia Erber, Leiterin der interkulturellen Medienwerkstatt PANGEA<\/strong><\/p>\n<p style=\"text-align: justify;\">&#8222;Dieser Film hat bewirkt, dass ich nachdenke &#8230; Arbeit hei\u00dft nicht seine eigene Zeit f\u00fcr das Werk eines anderen herzugeben und vielleicht zu vergeuden,<br \/>\nsondern Arbeit hei\u00dft sich selbst treu zu bleiben, sich wohlzuf\u00fchlen und sich selbst fordern und f\u00f6rdern.&#8220;<\/p>\n<hr \/>\n<p style=\"text-align: justify;\"><strong>Herwig Strobl, Musiker<\/strong><br \/>\n&#8222;Euer Film ist ein toller Impuls, denn die Opfer, &#8222;Kollateralsch\u00e4den&#8220; von Erfolg und Happy-life vermehren sich t\u00e4glich. Eine blinde, getriebene Gesellschaft, die Geld und &#8222;g&#8217;lumpert&#8220; anh\u00e4uft, da entsteht Einsamkeit, ist so viel Verzweiflung da. Einen Stein f\u00fcr dich, Hans, die Donau schwemmt so viele an &#8211; sie seinen trotz Kraftwerke zu wandern, nun wandert er zu dir, als Verbundenheit.&#8220;<\/p>\n<hr \/>\n<p style=\"text-align: justify;\"><strong>Anonym<\/strong><\/p>\n<p style=\"text-align: justify;\">&#8222;Dieser Film hat keine Zahlen, das ist auff\u00e4llig, ich vermute Absicht! Es kommen keine Zahlen vor. Ich glaube, weil es ihnen wirklich nicht um Zahlen geht.&#8220;<\/p>\n<hr \/>\n","protected":false},"excerpt":{"rendered":"<p>Christine Viehb\u00f6ck, Weberei Haslach Den Abend im Kino habe ich sehr genossen und neben &#8222;friedlich&#8220; auch fr\u00f6hlich gemacht. Ganz gro\u00dfes Kompliment! Ich habe schon oft gesagt, dass ein Unternehmer in hohem Ma\u00df auch &#8222;erm\u00f6glichen&#8220; kann. Ihr n\u00fctzt das in einer Ernsthaftigkeit, die der Lockerheit nicht entbehrt. Ich meine mit &#8222;erm\u00f6glichen&#8220;, Unkonventionelles und Schlummerndes wecken. Werte [&hellip;]<\/p>\n","protected":false},"author":1,"featured_media":0,"parent":67,"menu_order":0,"comment_status":"closed","ping_status":"closed","template":"","meta":{"ngg_post_thumbnail":0,"footnotes":""},"class_list":["post-73","page","type-page","status-publish","hentry"],"_links":{"self":[{"href":"https:\/\/www.johanna-tschautscher.eu\/index.php\/wp-json\/wp\/v2\/pages\/73","targetHints":{"allow":["GET"]}}],"collection":[{"href":"https:\/\/www.johanna-tschautscher.eu\/index.php\/wp-json\/wp\/v2\/pages"}],"about":[{"href":"https:\/\/www.johanna-tschautscher.eu\/index.php\/wp-json\/wp\/v2\/types\/page"}],"author":[{"embeddable":true,"href":"https:\/\/www.johanna-tschautscher.eu\/index.php\/wp-json\/wp\/v2\/users\/1"}],"replies":[{"embeddable":true,"href":"https:\/\/www.johanna-tschautscher.eu\/index.php\/wp-json\/wp\/v2\/comments?post=73"}],"version-history":[{"count":4,"href":"https:\/\/www.johanna-tschautscher.eu\/index.php\/wp-json\/wp\/v2\/pages\/73\/revisions"}],"predecessor-version":[{"id":514,"href":"https:\/\/www.johanna-tschautscher.eu\/index.php\/wp-json\/wp\/v2\/pages\/73\/revisions\/514"}],"up":[{"embeddable":true,"href":"https:\/\/www.johanna-tschautscher.eu\/index.php\/wp-json\/wp\/v2\/pages\/67"}],"wp:attachment":[{"href":"https:\/\/www.johanna-tschautscher.eu\/index.php\/wp-json\/wp\/v2\/media?parent=73"}],"curies":[{"name":"wp","href":"https:\/\/api.w.org\/{rel}","templated":true}]}}