{"id":713,"date":"2015-01-13T10:00:17","date_gmt":"2015-01-13T09:00:17","guid":{"rendered":"http:\/\/www.johanna-tschautscher.eu\/?page_id=713"},"modified":"2015-01-14T15:39:07","modified_gmt":"2015-01-14T14:39:07","slug":"17-szenen-is-eh-ois-do","status":"publish","type":"page","link":"https:\/\/www.johanna-tschautscher.eu\/index.php\/filme\/is-eh-ois-do\/17-szenen-is-eh-ois-do\/","title":{"rendered":"17 Szenen &#8211; Is eh ois do"},"content":{"rendered":"<p>&nbsp;<\/p>\n<p><strong>G\u00dcNTHER WALCH<\/strong><br \/>\nB\u00fcrgermeister von Steeg in Tirol<br \/>\nHolzheizung f\u00fcr das Hallenbad<\/p>\n<p>&nbsp;<\/p>\n<p><strong>ERICH RUHMER<\/strong><br \/>\nPhotovoltaikbetreiber in O\u00d6<br \/>\nErzeugt f\u00fcr drei Einfamilienh\u00e4user Strom<\/p>\n<p>&nbsp;<\/p>\n<p><strong>HANS UND VRONI FALKINGER<\/strong><br \/>\nBiobauern, S\u00e4gewerksbetreiber, M\u00fcllner, B\u00e4ckerin in Lembach O\u00d6<br \/>\nBeziehen Energie aus dem Daglesbach<\/p>\n<p>&nbsp;<\/p>\n<p><strong>CHRISTOPH WAGNER<\/strong><br \/>\nPr\u00e4sident Kleinwasserkraft \u00d6sterreich<br \/>\nwww.kleinwasserkraft.at<\/p>\n<p>&nbsp;<\/p>\n<p><strong>ALFRED EBNER<\/strong><br \/>\nSolaranlagen Hersteller &#8211; Firma Solarier<br \/>\nwww.solarier.net<\/p>\n<p>&nbsp;<\/p>\n<p><strong>HERBERT ORTNER &amp; STEFAN ORTNER<\/strong><br \/>\nFirma \u00d6kofen Pelletsheizungen<br \/>\nwww.pelletsheizung.at<\/p>\n<p>&nbsp;<\/p>\n<p><strong>GERHARD GLECHNER<\/strong><br \/>\nHot`ts Pelletserzeugung<br \/>\nwww.holzpellets.com<\/p>\n<p>&nbsp;<\/p>\n<p><strong>Mag. JOHANN BERGER<\/strong><br \/>\nVertrieb KEBA, Energieautomation &#8211; Steuerungen fuer Heizkessel<br \/>\nwww.keba.com<\/p>\n<p>&nbsp;<\/p>\n<p><strong>Dipl. Ing. THOMAS HEIDLMAIR<\/strong><br \/>\nLeitung Produktmanagement Energieautomation, KEBA<br \/>\nwww.keba.com<\/p>\n<p>&nbsp;<\/p>\n<p><strong>Dr. Mag. ALEXANDER KRAJETE<\/strong><br \/>\nErfinder von GREENTHITAN, Erzeugung von Treibstoff aus CO 2 aus der Luft mit<br \/>\nHilfe von Mikroben aus der Tiefsee.<\/p>\n<p>&nbsp;<\/p>\n<p><strong>ALFRED KLEPATSCH<\/strong><br \/>\nMitbegruender des Windparks Sp\u00f6rbichl, Windhaag bei Freistadt,<br \/>\nehemaliger B\u00fcrgermeister von Windhaag, Mitbegr\u00fcnder des Zukunftsforum<br \/>\nWindhaag.<\/p>\n<p>&nbsp;<\/p>\n<p><strong>JOSEF P\u00dcHRINGER<\/strong><br \/>\nWindparkbeteiligter am Windpark Sp\u00f6rbichl<\/p>\n<p>&nbsp;<\/p>\n<p><strong>JOACHIM PAYR<\/strong><br \/>\nEnergiewerkstatt Munderfing<br \/>\nDienstleistungen f\u00fcr Windparkanlagen<br \/>\nBeratung von Gemeinden bei Energiefragen<br \/>\nwww.energiewerkstatt.at<\/p>\n<p>&nbsp;<\/p>\n<p><strong>FIRMA EIBL DRIVES HYDRAULIC TRANSMISSION<\/strong><br \/>\nZulieferbetrieb Windparkanlagen<br \/>\nwww.eibl-hydraulic.at<\/p>\n<p>&nbsp;<\/p>\n<p><strong>NORBERT MIESENBERGER<\/strong><br \/>\nEnergiebezirk Freistadt &#8211; Energieberatungszentrum<br \/>\nwww.energiebezirk.at<\/p>\n<p>&nbsp;<\/p>\n<p><strong>FELIZITAS LEHNER<\/strong><br \/>\nLeitung Isolena Wolle &#8211; Schafwolld\u00e4mmung<br \/>\nwww.isolena.at<\/p>\n<p>&nbsp;<\/p>\n<p><strong>THOMAS EDER<\/strong><br \/>\nZiegelwerk Eder &#8211; Ziegelentwicklung in Passivhausqualit\u00e4t<br \/>\nwww.eder.co.at<\/p>\n<p>&nbsp;<\/p>\n<p><strong>Dipl. Ing. DIETER MOOR<\/strong><br \/>\nMarketing Ertex Solar, Solaranlagen Hersteller<br \/>\nwww.ertex-solar.at<\/p>\n<p>&nbsp;<\/p>\n<p><strong>Dipl. Ing. SIEGFRIED LEGATH<\/strong><br \/>\nEntwicklung der Biogasanlage Strem mit Erzeugung von Biod\u00fcnger<br \/>\nwww.hlc.co.at<\/p>\n<p>&nbsp;<\/p>\n<p><strong>BERNHARD DEUTSCH<\/strong><br \/>\nB\u00fcrgermeister von Strem. Mitinitiator der Fernw\u00e4rme Strem<br \/>\nund der Biogasanlage Strem.<br \/>\nMitarbeiter des Technologiezentrums G\u00fcssing<br \/>\nwww.tze.at<\/p>\n<p>&nbsp;<\/p>\n<p><strong>BERNHARD KERN<\/strong><br \/>\nBesitzer einer fremdenergieautarken Kl\u00e4ranlage.<\/p>\n<p>&nbsp;<\/p>\n<p><strong>STEFAN SCH\u00dcBL<\/strong><br \/>\nEntwickler von fremdenergieautarken Kl\u00e4ranlagen f\u00fcr Private und Gemeinden<\/p>\n<p>&nbsp;<\/p>\n<p><strong>Dr. HORST STEINM\u00dcLLER<\/strong><br \/>\nEnergieinstitut Linz, Johannes Kepler Universit\u00e4t Linz<\/p>\n","protected":false},"excerpt":{"rendered":"<p>&nbsp; G\u00dcNTHER WALCH B\u00fcrgermeister von Steeg in Tirol Holzheizung f\u00fcr das Hallenbad &nbsp; ERICH RUHMER Photovoltaikbetreiber in O\u00d6 Erzeugt f\u00fcr drei Einfamilienh\u00e4user Strom &nbsp; HANS UND VRONI FALKINGER Biobauern, S\u00e4gewerksbetreiber, M\u00fcllner, B\u00e4ckerin in Lembach O\u00d6 Beziehen Energie aus dem Daglesbach &nbsp; CHRISTOPH WAGNER Pr\u00e4sident Kleinwasserkraft \u00d6sterreich www.kleinwasserkraft.at &nbsp; ALFRED EBNER Solaranlagen Hersteller &#8211; Firma Solarier [&hellip;]<\/p>\n","protected":false},"author":1,"featured_media":0,"parent":80,"menu_order":0,"comment_status":"closed","ping_status":"closed","template":"","meta":{"ngg_post_thumbnail":0,"footnotes":""},"class_list":["post-713","page","type-page","status-publish","hentry"],"_links":{"self":[{"href":"https:\/\/www.johanna-tschautscher.eu\/index.php\/wp-json\/wp\/v2\/pages\/713","targetHints":{"allow":["GET"]}}],"collection":[{"href":"https:\/\/www.johanna-tschautscher.eu\/index.php\/wp-json\/wp\/v2\/pages"}],"about":[{"href":"https:\/\/www.johanna-tschautscher.eu\/index.php\/wp-json\/wp\/v2\/types\/page"}],"author":[{"embeddable":true,"href":"https:\/\/www.johanna-tschautscher.eu\/index.php\/wp-json\/wp\/v2\/users\/1"}],"replies":[{"embeddable":true,"href":"https:\/\/www.johanna-tschautscher.eu\/index.php\/wp-json\/wp\/v2\/comments?post=713"}],"version-history":[{"count":3,"href":"https:\/\/www.johanna-tschautscher.eu\/index.php\/wp-json\/wp\/v2\/pages\/713\/revisions"}],"predecessor-version":[{"id":716,"href":"https:\/\/www.johanna-tschautscher.eu\/index.php\/wp-json\/wp\/v2\/pages\/713\/revisions\/716"}],"up":[{"embeddable":true,"href":"https:\/\/www.johanna-tschautscher.eu\/index.php\/wp-json\/wp\/v2\/pages\/80"}],"wp:attachment":[{"href":"https:\/\/www.johanna-tschautscher.eu\/index.php\/wp-json\/wp\/v2\/media?parent=713"}],"curies":[{"name":"wp","href":"https:\/\/api.w.org\/{rel}","templated":true}]}}