{"id":69,"date":"2015-01-09T20:40:53","date_gmt":"2015-01-09T20:40:53","guid":{"rendered":"http:\/\/www.johanna-tschautscher.eu\/?page_id=69"},"modified":"2024-12-23T11:27:20","modified_gmt":"2024-12-23T10:27:20","slug":"inhalt-hans-im-glueck","status":"publish","type":"page","link":"https:\/\/www.johanna-tschautscher.eu\/index.php\/filme\/hans-im-glueck\/inhalt-hans-im-glueck\/","title":{"rendered":"Inhalt  &#8211; Hans im Gl\u00fcck"},"content":{"rendered":"\n<p><em>\u201eDas Pferd dem \u00fcberlassen, der es braucht, die Kuh n\u00fctzen, solange sie an diesem Ort stimmt, sich auf die Gans freuen, weil sie eines Tages dienlicher ist, als das Schwein, den echten Kerl im solide gelernten Handwerk wissen und dadurch niemals das Ich eintauschen, weder gegen Gold noch einen Wetzstein. Mit sich selbst Nach-Hause-Gehen, das ist wirkliche Freiheit.\u201c<\/em><\/p>\n\n\n\n<div style=\"height:47px\" aria-hidden=\"true\" class=\"wp-block-spacer\"><\/div>\n\n\n\n<p><strong>Inhalt:<\/strong><\/p>\n\n\n\n<div style=\"height:47px\" aria-hidden=\"true\" class=\"wp-block-spacer\"><\/div>\n\n\n\n<p><br>Ludwig M\u00fclleder und Hans Hammerschmid gr\u00fcnden 1995 die Maschinenbau Firma Hammerschmid, f\u00fcnfzehn Jahre sp\u00e4ter entwickeln f\u00fcnfunddrei\u00dfig Elektrotechniker, Softwareingeneure, Konstrukteure, Werkzeugmacher, Dreher, Fr\u00e4ser, Mechatroniker und Assistentinnen in diesem Betrieb High-Tech-Anlagen. Grundlage jeder T\u00e4tigkeit ist Verantwortung f\u00fcr das Ganze, die aus der gewissenhaften Frage herr\u00fchrt: \u201eWas tut uns gut?\u201c Ein Film \u00fcber die Entstehung nachhaltiger Innovationen und die gro\u00dfe Autarkie durch ein pr\u00e4zise gelerntes Handwerk Wert-Volles zu erschaffen.<\/p>\n\n\n\n<div style=\"height:47px\" aria-hidden=\"true\" class=\"wp-block-spacer\"><\/div>\n\n\n\n<p><strong>Regiestatement:<\/strong><\/p>\n\n\n\n<div style=\"height:47px\" aria-hidden=\"true\" class=\"wp-block-spacer\"><\/div>\n\n\n\n<p>Der Legende nach schickt der Meister die J\u00fcnglinge auf den Berg, wo sie eine St\u00e4tte finden werden, die sie unterweisen wird. Allein ziehen sie aus, kommen zu einer Gabelung und erkennen: Der Meister hat ihnen nicht alles gesagt. Noch von nichts belehrt, m\u00fcssen sie schon entscheiden. Sie w\u00e4hlen, zerrei\u00dfen die bisher einspurige Bahn und kommen zu einer H\u00f6hle. Begierig treten sie ein, sie erfahren ihre Geheimnisse. Gro\u00dfe Neugier und Ungeduld treibt sie an, auf Grund des Wissens um den anderen Weg. Sobald sie die H\u00f6hle erkannt haben, machen sie sich auf zur Weggabelung. Begierig steigen sie den neuen Weg hinauf und erreichen eine weitere H\u00f6hle. Was sich ihnen dort bietet ist durchg\u00e4ngig verschieden zur ersten Wahl, doch es f\u00fcgt sich wie Luft in die Brust. Jede Erfahrung aus der ersten H\u00f6hle ist eine Treppe zu jeder Anforderung in der zweiten H\u00f6hle. Noch rascher und genauer erkunden sie die neue Welt. Der Legende nach schickt der Meister die J\u00fcnglinge auf den Berg im Wissen um beide H\u00f6hlen. In der einen H\u00f6hle befindet sich die komplexe Gliederung der geselligen Beziehungen. In der anderen H\u00f6hle finden die J\u00fcnglinge die Mechanik der Welt. Gleichg\u00fcltig welche St\u00e4tte sie zuerst betreten, sie steht in komplement\u00e4rer Beziehung zur anderen. Als reife M\u00e4nner kehren sie zur\u00fcck. Sie begr\u00fc\u00dfen den Meister nicht und der Meister erwartet keinen Dank. Die M\u00e4nner werden ihre heranwachsenden J\u00fcnglinge auf den Berg schicken.<\/p>\n\n\n\n<p>Seit drei Jahren versuche ich auseinanderzuhalten, ob der Fokus der Firma Hammerschmid auf der Entwicklung von High-Tech-Anlagen beruht oder der Reifung von jungen Menschen. Im Oktober 2011 rief mich Hans Hammerschmid an, er m\u00f6chte die Herstellung eines neuen Produkts filmisch festhalten, der \u201eBiiista\u201c, ein Elektromotorrad ist mehr als eine Innovation, es geht um die unz\u00e4hligen Gedanken und Gespr\u00e4che, die diese Produktion in der Firma ausl\u00f6st. Nach zwei Wochen Drehzeit war mir klar: Ich befinde mich hier in einer praktizierenden Vaterkultur, die davon ausgeht: Was wird gebraucht? Alles, was nicht Verwendung hat, wird eingetauscht, zu Gunsten der L\u00f6sung des n\u00e4chsten Moments.<\/p>\n\n\n\n<p>Eine starke Erinnerung wurde in mir wach: Auf diese Weise haben wir wom\u00f6glich einmal zusammen gelebt. M\u00e4rchen fielen mir ein, Legenden, Abenteuer, Irrfahrten und \u00dcberlieferungen. Ich wurde sehr sehns\u00fcchtig. Diese Inhalte liefern sehr starke Kontraste zu Konkurrenzangst, Gewinnstreben, Umsatzsteigerung und Dividendenzahlungen.<\/p>\n\n\n\n<p><\/p>\n","protected":false},"excerpt":{"rendered":"<p>\u201eDas Pferd dem \u00fcberlassen, der es braucht, die Kuh n\u00fctzen, solange sie an diesem Ort stimmt, sich auf die Gans freuen, weil sie eines Tages dienlicher ist, als das Schwein, den echten Kerl im solide gelernten Handwerk wissen und dadurch niemals das Ich eintauschen, weder gegen Gold noch einen Wetzstein. Mit sich selbst Nach-Hause-Gehen, das [&hellip;]<\/p>\n","protected":false},"author":1,"featured_media":0,"parent":67,"menu_order":0,"comment_status":"closed","ping_status":"closed","template":"","meta":{"ngg_post_thumbnail":0,"footnotes":""},"class_list":["post-69","page","type-page","status-publish","hentry"],"_links":{"self":[{"href":"https:\/\/www.johanna-tschautscher.eu\/index.php\/wp-json\/wp\/v2\/pages\/69","targetHints":{"allow":["GET"]}}],"collection":[{"href":"https:\/\/www.johanna-tschautscher.eu\/index.php\/wp-json\/wp\/v2\/pages"}],"about":[{"href":"https:\/\/www.johanna-tschautscher.eu\/index.php\/wp-json\/wp\/v2\/types\/page"}],"author":[{"embeddable":true,"href":"https:\/\/www.johanna-tschautscher.eu\/index.php\/wp-json\/wp\/v2\/users\/1"}],"replies":[{"embeddable":true,"href":"https:\/\/www.johanna-tschautscher.eu\/index.php\/wp-json\/wp\/v2\/comments?post=69"}],"version-history":[{"count":4,"href":"https:\/\/www.johanna-tschautscher.eu\/index.php\/wp-json\/wp\/v2\/pages\/69\/revisions"}],"predecessor-version":[{"id":3563,"href":"https:\/\/www.johanna-tschautscher.eu\/index.php\/wp-json\/wp\/v2\/pages\/69\/revisions\/3563"}],"up":[{"embeddable":true,"href":"https:\/\/www.johanna-tschautscher.eu\/index.php\/wp-json\/wp\/v2\/pages\/67"}],"wp:attachment":[{"href":"https:\/\/www.johanna-tschautscher.eu\/index.php\/wp-json\/wp\/v2\/media?parent=69"}],"curies":[{"name":"wp","href":"https:\/\/api.w.org\/{rel}","templated":true}]}}