{"id":67,"date":"2015-01-09T20:38:35","date_gmt":"2015-01-09T20:38:35","guid":{"rendered":"http:\/\/www.johanna-tschautscher.eu\/?page_id=67"},"modified":"2025-01-07T12:46:30","modified_gmt":"2025-01-07T11:46:30","slug":"hans-im-glueck","status":"publish","type":"page","link":"https:\/\/www.johanna-tschautscher.eu\/index.php\/filme\/hans-im-glueck\/","title":{"rendered":"Hans im Gl\u00fcck"},"content":{"rendered":"ngg_shortcode_0_placeholder\n\n\n\n<p><strong>&#8222;HANS IM GL\u00dcCK&#8220;<\/strong><\/p>\n\n\n\n<p><em>Das Pferd dem \u00fcberlassen, der es braucht.<\/em><\/p>\n\n\n\n<div style=\"height:47px\" aria-hidden=\"true\" class=\"wp-block-spacer\"><\/div>\n\n\n\n<p>Doku, 83 min, AUT 2012<br>Regie: Johanna Tschautscher<br>Musik: Gerald H\u00f6fler<br>Buch\/Schnitt: Johanna Tschautcher<\/p>\n\n\n\n<p>Tondesign: Gerald H\u00f6fler<\/p>\n\n\n\n<p>Gitarre: Christian Eilmsteiner, Trompete&amp;Saxophon: Charly Aichhorn, Farbkorrektur: Gerald H\u00f6tzeneder<\/p>\n\n\n\n<p>Encoding: Alex Braschel<\/p>\n\n\n\n<p>Grafik: Martin Reichl<br>mit: Hans Hammerschmid, Ludwig M\u00fclleder, Edi Jenner, Martin Reingruber, Georg Hochreiter, Lukas Geymayer, Franz Hochreiter, Daniel Hammerschmid, Reinhard Ollmann, Christl Hammerschmid u.a.<\/p>\n\n\n\n<p>&nbsp;<\/p>\n\n\n\n<p><a href=\"https:\/\/www.johanna-tschautscher.eu\/?page_id=69\" data-type=\"page\" data-id=\"69\">Inhalt<\/a> \/<a href=\"https:\/\/www.johanna-tschautscher.eu\/?page_id=73\" data-type=\"page\" data-id=\"73\"> Reaktionen<\/a> \/ <a href=\"https:\/\/www.johanna-tschautscher.eu\/?page_id=71\" data-type=\"page\" data-id=\"71\">Termine<\/a> \/ <a href=\"https:\/\/www.johanna-tschautscher.eu\/?page_id=96\" data-type=\"page\" data-id=\"96\">Presse<\/a> \/ <a href=\"http:\/\/www.flimmit.com\/hans-im-gluck\">Stream<\/a><\/p>\n","protected":false},"excerpt":{"rendered":"<p>&#8222;HANS IM GL\u00dcCK&#8220; Das Pferd dem \u00fcberlassen, der es braucht. Doku, 83 min, AUT 2012Regie: Johanna TschautscherMusik: Gerald H\u00f6flerBuch\/Schnitt: Johanna Tschautcher Tondesign: Gerald H\u00f6fler Gitarre: Christian Eilmsteiner, Trompete&amp;Saxophon: Charly Aichhorn, Farbkorrektur: Gerald H\u00f6tzeneder Encoding: Alex Braschel Grafik: Martin Reichlmit: Hans Hammerschmid, Ludwig M\u00fclleder, Edi Jenner, Martin Reingruber, Georg Hochreiter, Lukas Geymayer, Franz Hochreiter, Daniel Hammerschmid, [&hellip;]<\/p>\n","protected":false},"author":1,"featured_media":0,"parent":31,"menu_order":0,"comment_status":"closed","ping_status":"closed","template":"page-full-width.php","meta":{"ngg_post_thumbnail":0,"footnotes":""},"class_list":["post-67","page","type-page","status-publish","hentry"],"_links":{"self":[{"href":"https:\/\/www.johanna-tschautscher.eu\/index.php\/wp-json\/wp\/v2\/pages\/67","targetHints":{"allow":["GET"]}}],"collection":[{"href":"https:\/\/www.johanna-tschautscher.eu\/index.php\/wp-json\/wp\/v2\/pages"}],"about":[{"href":"https:\/\/www.johanna-tschautscher.eu\/index.php\/wp-json\/wp\/v2\/types\/page"}],"author":[{"embeddable":true,"href":"https:\/\/www.johanna-tschautscher.eu\/index.php\/wp-json\/wp\/v2\/users\/1"}],"replies":[{"embeddable":true,"href":"https:\/\/www.johanna-tschautscher.eu\/index.php\/wp-json\/wp\/v2\/comments?post=67"}],"version-history":[{"count":20,"href":"https:\/\/www.johanna-tschautscher.eu\/index.php\/wp-json\/wp\/v2\/pages\/67\/revisions"}],"predecessor-version":[{"id":3833,"href":"https:\/\/www.johanna-tschautscher.eu\/index.php\/wp-json\/wp\/v2\/pages\/67\/revisions\/3833"}],"up":[{"embeddable":true,"href":"https:\/\/www.johanna-tschautscher.eu\/index.php\/wp-json\/wp\/v2\/pages\/31"}],"wp:attachment":[{"href":"https:\/\/www.johanna-tschautscher.eu\/index.php\/wp-json\/wp\/v2\/media?parent=67"}],"curies":[{"name":"wp","href":"https:\/\/api.w.org\/{rel}","templated":true}]}}