{"id":539,"date":"2015-01-12T19:00:47","date_gmt":"2015-01-12T18:00:47","guid":{"rendered":"http:\/\/www.johanna-tschautscher.eu\/?page_id=539"},"modified":"2025-01-07T13:37:40","modified_gmt":"2025-01-07T12:37:40","slug":"1-preis-artsfilm-festival","status":"publish","type":"page","link":"https:\/\/www.johanna-tschautscher.eu\/index.php\/filme\/beni-altmueller-2\/1-preis-artsfilm-festival\/","title":{"rendered":"1. Preis Arts&#038;Film Festival"},"content":{"rendered":"ngg_shortcode_0_placeholder\n\n\n\n<p><strong>2008<\/strong><\/p>\n\n\n\n<p>1. Preis Arts &amp; Film Festival Telc<\/p>\n\n\n\n<p>Kathegorie: All areas of fine Art<\/p>\n\n\n\n<p>&nbsp;<\/p>\n\n\n\n<p><strong>&#8222;BENI ALTM\u00dcLLER&#8220;<\/strong><\/p>\n\n\n\n<p><em>Schritt ins Unbestimmte<\/em><\/p>\n\n\n\n<p>K\u00fcnstlerportrait<\/p>\n\n\n\n<p>Regie: Johanna Tschautscher<\/p>\n\n\n\n<p>Musik: Gerald H\u00f6fler<\/p>\n\n\n\n<p>&nbsp;<\/p>\n\n\n\n<p><a href=\"https:\/\/www.johanna-tschautscher.eu\/?page_id=284\" data-type=\"page\" data-id=\"284\">Presse<\/a><\/p>\n\n\n\n<p>&nbsp;<\/p>\n\n\n\n<p>&nbsp;<\/p>\n","protected":false},"excerpt":{"rendered":"<p>2008 1. Preis Arts &amp; Film Festival Telc Kathegorie: All areas of fine Art &nbsp; &#8222;BENI ALTM\u00dcLLER&#8220; Schritt ins Unbestimmte K\u00fcnstlerportrait Regie: Johanna Tschautscher Musik: Gerald H\u00f6fler &nbsp; Presse &nbsp; &nbsp;<\/p>\n","protected":false},"author":1,"featured_media":0,"parent":908,"menu_order":0,"comment_status":"closed","ping_status":"closed","template":"page-full-width.php","meta":{"ngg_post_thumbnail":0,"footnotes":""},"class_list":["post-539","page","type-page","status-publish","hentry"],"_links":{"self":[{"href":"https:\/\/www.johanna-tschautscher.eu\/index.php\/wp-json\/wp\/v2\/pages\/539","targetHints":{"allow":["GET"]}}],"collection":[{"href":"https:\/\/www.johanna-tschautscher.eu\/index.php\/wp-json\/wp\/v2\/pages"}],"about":[{"href":"https:\/\/www.johanna-tschautscher.eu\/index.php\/wp-json\/wp\/v2\/types\/page"}],"author":[{"embeddable":true,"href":"https:\/\/www.johanna-tschautscher.eu\/index.php\/wp-json\/wp\/v2\/users\/1"}],"replies":[{"embeddable":true,"href":"https:\/\/www.johanna-tschautscher.eu\/index.php\/wp-json\/wp\/v2\/comments?post=539"}],"version-history":[{"count":10,"href":"https:\/\/www.johanna-tschautscher.eu\/index.php\/wp-json\/wp\/v2\/pages\/539\/revisions"}],"predecessor-version":[{"id":3911,"href":"https:\/\/www.johanna-tschautscher.eu\/index.php\/wp-json\/wp\/v2\/pages\/539\/revisions\/3911"}],"up":[{"embeddable":true,"href":"https:\/\/www.johanna-tschautscher.eu\/index.php\/wp-json\/wp\/v2\/pages\/908"}],"wp:attachment":[{"href":"https:\/\/www.johanna-tschautscher.eu\/index.php\/wp-json\/wp\/v2\/media?parent=539"}],"curies":[{"name":"wp","href":"https:\/\/api.w.org\/{rel}","templated":true}]}}