{"id":516,"date":"2015-01-12T18:11:43","date_gmt":"2015-01-12T17:11:43","guid":{"rendered":"http:\/\/www.johanna-tschautscher.eu\/?page_id=516"},"modified":"2024-12-23T10:38:43","modified_gmt":"2024-12-23T09:38:43","slug":"hoerspiel-die-sieben-raben","status":"publish","type":"page","link":"https:\/\/www.johanna-tschautscher.eu\/index.php\/buecher\/hoerspiel-die-sieben-raben\/","title":{"rendered":"H\u00f6rspiel &#8211; Die Sieben Raben"},"content":{"rendered":"\n<p>SAVARIELLA<br>(fl\u00fcstert)<br>Antonino, du hast eine Blume hinter deinem R\u00fccken.<\/p>\n\n\n\n<p><br>PIETRO<br>(fl\u00fcstert)<br>Nein, es ist ein Messer! Er ist ein Don!<\/p>\n\n\n\n<p><br>STAATSANWALT<br>Wie hei\u00dfen sie!<\/p>\n\n\n\n<p><br>STAATSANWALT<br>Sie kennen diesen Mann, Sie wissen, was er getan hat, Sie kennen die Zusammenh\u00e4nge, nennen Sie uns die Namen, wir werden versuchen Sie zu sch\u00fctzen!<\/p>\n\n\n\n<p><br>SAVARIELLA<br>Ich hei\u00dfe &#8230; mein Name ist&#8230;<\/p>\n\n\n\n<p><br>PIETRO<br>(laut und wild)<br>Du bist niemand!<\/p>\n\n\n\n<p><br><em>Pause. Schwerer Atem.<\/em><\/p>\n\n\n\n<p><br>SAVARIELLA<br>Ich bin in dem Palast der sieben Raben, Camillo, aber sie wollen nicht, dass ich sie erinnere.<\/p>\n\n\n\n<p><br>CAMILLO<br>Du kannst Regeln brechen, Giovanna!<\/p>\n\n\n\n<p><br>SAVARIELLA<br>Die sieben Raben kommen nach Hause geflogen, sie fragen, wer hat von meinem Becherchen getrunken, ich sage: Ich bin es.<\/p>\n\n\n\n<p><br>PIETRO<br>Wer bist du?<\/p>\n\n\n\n<p><br>SAVARIELLA<br>Erkennst du mich nicht?<\/p>\n\n\n\n<p><br>PIETRO<br>Wer bist du?<\/p>\n\n\n\n<p><br>SAVARIELLA<br>Erinnerst du dich nicht?<\/p>\n\n\n\n<p><br>PIETRO<br>Wer bist du?<\/p>\n\n\n\n<p><br>SAVARIELLA<br>Sie erinnern sich nicht, wer sie waren, bevor ihr Vater sie verflucht hat.<\/p>\n\n\n\n<p><br>STAATSANWALT<br>Wer sind Sie!<\/p>\n\n\n\n<p><br>SAVARIELLA<br>(fl\u00fcstert kr\u00e4ftig)<br>Antonino, du hast eine Blume hinter deinem R\u00fccken.<\/p>\n\n\n\n<p><br>PIETRO<br>(fl\u00fcstert)<br>Nein, es ist ein Messer! Er ist ein Don!<\/p>\n\n\n\n<p><br>STAATSANWALT<br>Wie hei\u00dfen sie!<\/p>\n\n\n\n<p><br>SAVARIEILLA<br>(fl\u00fcstert)<br>Es ist eine Rose, Antonino, sieh sie dir an.<\/p>\n\n\n\n<p><br>STAATSANWALT<br>Dieser Mann hat drei Menschen get\u00f6tet!<\/p>\n\n\n\n<p><br>SAVARIELLA<br>Ich hei\u00dfe &#8230; mein Name ist&#8230;<\/p>\n\n\n\n<p><br>PIETRO<br>(laut und wild)<br>Es ist ein Messer!<\/p>\n\n\n\n<p><br>SAVARIELLA<br>(verzweifelt)<br>Ich bin niemand. Niemand vermischt mit dem Nichts.<\/p>\n","protected":false},"excerpt":{"rendered":"<p>SAVARIELLA(fl\u00fcstert)Antonino, du hast eine Blume hinter deinem R\u00fccken. PIETRO(fl\u00fcstert)Nein, es ist ein Messer! Er ist ein Don! STAATSANWALTWie hei\u00dfen sie! STAATSANWALTSie kennen diesen Mann, Sie wissen, was er getan hat, Sie kennen die Zusammenh\u00e4nge, nennen Sie uns die Namen, wir werden versuchen Sie zu sch\u00fctzen! SAVARIELLAIch hei\u00dfe &#8230; mein Name ist&#8230; PIETRO(laut und wild)Du bist [&hellip;]<\/p>\n","protected":false},"author":1,"featured_media":0,"parent":312,"menu_order":0,"comment_status":"closed","ping_status":"closed","template":"","meta":{"ngg_post_thumbnail":0,"footnotes":""},"class_list":["post-516","page","type-page","status-publish","hentry"],"_links":{"self":[{"href":"https:\/\/www.johanna-tschautscher.eu\/index.php\/wp-json\/wp\/v2\/pages\/516","targetHints":{"allow":["GET"]}}],"collection":[{"href":"https:\/\/www.johanna-tschautscher.eu\/index.php\/wp-json\/wp\/v2\/pages"}],"about":[{"href":"https:\/\/www.johanna-tschautscher.eu\/index.php\/wp-json\/wp\/v2\/types\/page"}],"author":[{"embeddable":true,"href":"https:\/\/www.johanna-tschautscher.eu\/index.php\/wp-json\/wp\/v2\/users\/1"}],"replies":[{"embeddable":true,"href":"https:\/\/www.johanna-tschautscher.eu\/index.php\/wp-json\/wp\/v2\/comments?post=516"}],"version-history":[{"count":5,"href":"https:\/\/www.johanna-tschautscher.eu\/index.php\/wp-json\/wp\/v2\/pages\/516\/revisions"}],"predecessor-version":[{"id":3488,"href":"https:\/\/www.johanna-tschautscher.eu\/index.php\/wp-json\/wp\/v2\/pages\/516\/revisions\/3488"}],"up":[{"embeddable":true,"href":"https:\/\/www.johanna-tschautscher.eu\/index.php\/wp-json\/wp\/v2\/pages\/312"}],"wp:attachment":[{"href":"https:\/\/www.johanna-tschautscher.eu\/index.php\/wp-json\/wp\/v2\/media?parent=516"}],"curies":[{"name":"wp","href":"https:\/\/api.w.org\/{rel}","templated":true}]}}