{"id":48,"date":"2015-01-09T16:07:09","date_gmt":"2015-01-09T16:07:09","guid":{"rendered":"http:\/\/www.johanna-tschautscher.eu\/?page_id=48"},"modified":"2025-01-09T15:20:04","modified_gmt":"2025-01-09T14:20:04","slug":"termine-too-big-to-tell","status":"publish","type":"page","link":"https:\/\/www.johanna-tschautscher.eu\/index.php\/filme\/too-big-to-tell\/termine-too-big-to-tell\/","title":{"rendered":"Termine &#8211; Too BIG To Tell"},"content":{"rendered":"<h2><strong>13. November 2018<\/strong><\/h2>\n<p>Starmovie Ried-Tumeltsham<\/p>\n<p>19 Uhr<\/p>\n<p>in Anwesenheit von Johanna Tschautscher<\/p>\n<p>und Raimund Dietz, <a href=\"https:\/\/www.raimunddietz.com\/initiative-provollgeld\">\u00d6konom, Gr\u00fcnder der &#8222;Monetative \u00d6sterreich&#8220;<\/a><strong><br \/>\n<\/strong><\/p>\n<hr>\n<h2><strong>30. November 2018<\/strong><\/h2>\n<p>Starmovie Peuerbach<\/p>\n<p>18 Uhr<\/p>\n<p>eine Veranstaltung der Gr\u00fcnen Peuerbach<\/p>\n<p>im Anschluss:&nbsp;<\/p>\n<p>Filmdiskussion mit Johanna Tschautscher<\/p>\n<hr>\n<p>&nbsp;<\/p>\n<p><strong>PREMIERE<\/strong><\/p>\n<h4><strong>9. Mai 2014<\/strong><\/h4>\n<p>Premiere, Moviemento Kino Linz<\/p>\n<p>19 Uhr, 20 Uhr<\/p>\n<hr>\n<h4><strong>10. bis 16. Mai 2014<\/strong><\/h4>\n<p>Moviemento Kino Linz<\/p>\n<p>Uhrzeit siehe Homepage Moviemento<\/p>\n<hr>\n<h4><strong>10. Mai 2014<\/strong><\/h4>\n<p>Moviemento Kino Linz<\/p>\n<p>18 Uhr<\/p>\n<p>in Anwesenheit von Johanna Tschautscher, Graeme Maxton, Dr. Dirk Solte, Hans Scharpf LL.M.<\/p>\n<hr>\n<h2><strong>9. Mai 2014<\/strong><\/h2>\n<p>HBLA Steyr, Vorpremierehr<\/p>\n<p>11 Uhr 30<\/p>\n<hr>\n<p><strong>10. Mai 2014&nbsp;<\/strong><\/p>\n<p>Kronstorf, Kulturverein Medio2<\/p>\n<p>11 Uhr<\/p>\n<p>in Anwesenheit von Johanna Tschautscher, Graeme Maxton, Josef Stampfer, G\u00fcnther Grzega, Hans Scharpf<\/p>\n<hr>\n<h4><strong>15. Mai 2014<\/strong><\/h4>\n<p>Kino St. Florian<\/p>\n<p>19 Uhr 30<\/p>\n<p>in Anwesenheit von Johanna Tschautscher und Josef Stampfer<\/p>\n<hr>\n<h4><strong>20. Mai 2014<br \/>\n<\/strong><\/h4>\n<p>Moviemento Kino Linz<\/p>\n<p>16 Uhr 30<\/p>\n<hr>\n<h4><strong>21. Mai 2014<\/strong><\/h4>\n<p>Moviemento Kino Linz<\/p>\n<p>16 Uhr 30<\/p>\n<hr>\n<h4><strong>22. Mai 2014<\/strong><\/h4>\n<p>Universit\u00e4t Linz, H\u00f6rsaal 6,<\/p>\n<p>18 Uhr<\/p>\n<p>in Anwesenheit von Johanna Tschautscher und Prof. Dr. Gerhard Fr\u00f6hlich<\/p>\n<hr>\n<h4><strong>22. Mai 2014<\/strong><\/h4>\n<p>Kino Freistadt<\/p>\n<p>20 Uhr<\/p>\n<p>in Anwesenheit von G\u00fcnther Lainer, Johanna Tschautscher und Josef Stampfer<\/p>\n<hr>\n<h4><strong>20. Mai 2014<\/strong><\/h4>\n<p>\u00d6GB Fachbibliothek Wien, Rathausgasse, 1010 Wien,<\/p>\n<p>19 Uhr<\/p>\n<p>in Anwesenheit von Graeme Maxton, Sepp Wall Strasser, Johanna Tschautscher<\/p>\n<hr>\n<h4><strong>27. Mai 2014<\/strong><\/h4>\n<p>Kino Freistadt<\/p>\n<p>20 Uhr 15<\/p>\n<hr>\n<h4><strong>30. Mai 2014<\/strong><\/h4>\n<p>Katholikentag Regensburg, Kino Regensburg<\/p>\n<p>in Anwesenheit von Dr. Wolfgang Kessler und Gerhard Schick (Gr\u00fcne Deutschland)<\/p>\n<hr>\n<p><strong>5. Juni 2014<\/strong><\/p>\n<p>Kino Katsdorf<\/p>\n<p>20 Uhr<\/p>\n<p>in Anwesenheit von G\u00fcnther Lainer, Sepp Wall Strasser, Johanna Tschautscher<\/p>\n<hr>\n<h4><strong>6. Juni 2014<\/strong><\/h4>\n<p>Kino Kirchdorf<\/p>\n<p>20 Uhr<\/p>\n<p>in Anwesenheit von Johanna Tschautscher, G\u00fcnther Lainer, Graeme Maxton mit anschlie\u00dfender Diskussion<\/p>\n<hr>\n<h4><strong>12. Juni 2014<\/strong><\/h4>\n<p>Seelsorgezentrum Lichtenberg<\/p>\n<p>20 Uhr<\/p>\n<p>in Anwesenheit von Johanna Tschautscher<\/p>\n<hr>\n<h4><strong>13. Juni 2014<\/strong><\/h4>\n<p>City Kino Steyr<\/p>\n<p>20 Uhr<\/p>\n<p>in Anwesenheit von Johanna Tschautscher und Hans Scharpf LL.M. Wirtschaftsanwalt in Frankfurt, mit anschlie\u00dfender Diskussion<\/p>\n<hr>\n<h4><strong>15. Juni 2014<\/strong><\/h4>\n<p>City Kino Steyr<\/p>\n<p>19 Uhr 45<\/p>\n<hr>\n<h4><strong>16. Juni 2014<\/strong><\/h4>\n<p>Kino Katsdorf<\/p>\n<p>20 Uhr<\/p>\n<p>in Anwesenheit von Johanna Tschautscher<\/p>\n<hr>\n<h4><strong>17. Juni 2014<\/strong><\/h4>\n<p>Kino Grein<\/p>\n<p>20 Uhr<\/p>\n<p>in Anwesenheit von Johanna Tschautscher<\/p>\n<hr>\n<h4><strong>18. Juni 2014<\/strong><\/h4>\n<p>City Kino Steyr<\/p>\n<p>19 Uhr 45<\/p>\n<hr>\n<h4><strong>19. Juni 2014<\/strong><\/h4>\n<p>City Kino Steyr<\/p>\n<p>17 Uhr 30<\/p>\n<hr>\n<h4><strong>19. Juni 2014<\/strong><\/h4>\n<p>Kino Kirchdorf<\/p>\n<p>20 Uhr<\/p>\n<hr>\n<h4><strong>23. Juni 2014<\/strong><\/h4>\n<p>Unviersit\u00e4t Graz, Schumpeter Center<\/p>\n<p>14 Uhr<\/p>\n<p>in Anwesenheit von Dr. Heinz Kurz, Dr. Reinhard Blomert, Johanna Tschautscher mit anschlie\u00dfender Diskussion<\/p>\n<hr>\n<h4><strong>24. Juni 2014<\/strong><\/h4>\n<p>Haus am Dom, Frankfurt am Main<\/p>\n<p>19 Uhr 30<\/p>\n<p>eine Veranstaltung von Publik Forum Verlagsagentur, Chefredakteur: Dr. Wolfgang Kessler. In Anwesenheit von Hans Scharpf LL.M, Johanna Tschautscher und Charlotte Geiger<\/p>\n<hr>\n<h4><strong>26. Juni 2014<\/strong><\/h4>\n<p>Treffpunkt mensch&amp;arbeit Standort VOEST Alpine Linz<\/p>\n<p>17 Uhr<\/p>\n<p>in Anwesenheit von G\u00fcnther Lainer, Johanna Tschautscher, Dr. Reinhard Blomert, Wissenschaftszentrum Berlin<\/p>\n<hr>\n<h4><strong>27. Juni 2014<\/strong><\/h4>\n<p>Kino Kirchdorf, Sch\u00fclervorstellungen, HAK<\/p>\n<p>10 Uhr<\/p>\n<hr>\n<h4><strong>1. Juli 2014<\/strong><\/h4>\n<p>Kino Lambach<\/p>\n<p>20 Uhr 15<\/p>\n<p>in Anwesenheit von Johanna Tschautscher<\/p>\n<hr>\n<h4><strong>9. Juli 2014<\/strong><\/h4>\n<p>Kino Lambach<\/p>\n<p>20 Uhr 15<\/p>\n<hr>\n<h4><strong>7. August 2014<\/strong><\/h4>\n<p>Kino Leone, Bad Leonfelden<\/p>\n<p>20 Uhr<\/p>\n<p>in Anwesenheit von Johanna Tschautscher, Nina Kr\u00e4mer, Frank Kr\u00e4mer<\/p>\n<hr>\n<h4><strong>4. September 2014<\/strong><\/h4>\n<p>Bad Goisern, Evangelisches Altenheim, Marktplatz<\/p>\n<p>15 Uhr<\/p>\n<p>in Anwesenheit von G\u00fcnter Grzega, Josef Stampfer, Johanna Tschautscher, organisiert von Helmut Besendorfer<\/p>\n<hr>\n<h4><strong>17. September 2014<\/strong><\/h4>\n<p>Cardjin Haus, Linz, Kapuzinerstra\u00dfe<\/p>\n<p>19 Uhr<\/p>\n<p>Moderation: Hans Riedler<\/p>\n<p>in Anwesenheit von Johanna Tschautscher<\/p>\n<hr>\n<h4><strong>20. September 2014<\/strong><\/h4>\n<p>Programmkino Wels, Pollheimerstra\u00dfe<\/p>\n<p>19 Uhr<\/p>\n<p>Gespr\u00e4ch mit der Regisseurin Johanna Tschautscher, Erich Gerber (ATTAC) und Alexander Popovic (Projekt Bank f\u00fcr Gemeinwohl). Der Film l\u00e4uft mindestens 2 Wochen ab 20. September<\/p>\n<hr>\n<h4><strong>24. September 2014<\/strong><\/h4>\n<p>Haus der Frau, Linz, Volksgartenstra\u00dfe<\/p>\n<p>19 Uhr<\/p>\n<p>in Anwesenheit von Johanna Tschautscher und Prof. Dr. Friedrich Schneider<\/p>\n<hr>\n<h4><strong>26. September 2014<\/strong><\/h4>\n<p>Global Marshall Plan Initiative, Jahrestreffen in Salzburg, n\u00e4here Infos: www.globalmarshallplan.org<\/p>\n<hr>\n<h4><strong>30. September 2014<\/strong><\/h4>\n<p>NAXOS Kino, Frankfurt am Mai<\/p>\n<p>20 Uhr,<\/p>\n<p>in Anwesenheit von Johanna Tschautscher, Hans Scharpf LL.M. Raimund Brichta, Moderator der Teleb\u00f6rse bei n-tv.<\/p>\n<hr>\n<h4><strong>9. Oktober 2014<\/strong><\/h4>\n<p>Amstetten, Rathaussaal<\/p>\n<p>19 Uhr<\/p>\n<p>Eine Veranstaltung von Filmfestspiele Amstetten, Gerhard Steinkellner<\/p>\n<p>in Anwesenheit von Johanna Tschautscher<\/p>\n<hr>\n<h4><strong>9. Oktober 2014<\/strong><\/h4>\n<p>Gymnasium Amstetten Sch\u00fclervorstellungen<\/p>\n<p>7 Uhr 30, 10 Uhr<\/p>\n<p>in Anwesenheit von Johanna Tschautscher<\/p>\n<hr>\n<h4><strong>10. Oktober 2014<\/strong><\/h4>\n<p>Helfenberg O\u00d6, Pfarrsaal<\/p>\n<p>19 Uhr<\/p>\n<p>in Anwesenheit von Prof. Dr. Friedrich Schneider und Johanna Tschautscher<\/p>\n<p>Organisiert von der Katholischen Bildungswerkstatt<\/p>\n<hr>\n<h4><strong>12. Oktober 2014&nbsp;<\/strong><\/h4>\n<p>Programmkino Wels, Pollheimerstra\u00dfe<\/p>\n<p>18 Uhr<\/p>\n<hr>\n<h4><strong>15. Oktober 2014<\/strong><\/h4>\n<p>Innsbruck, Haus der Begegnung in Zusammenarbeit mit Treffpunkt Mensch und Arbeit<\/p>\n<p>19 Uhr 30<\/p>\n<p>Organisation: Stefan Freytag<\/p>\n<p>in Anwesenheit von Johanna Tschautscher<\/p>\n<hr>\n<h4><strong>16. Oktober 2014<\/strong><\/h4>\n<p>Kino Lenzing<\/p>\n<p>20 Uhr<\/p>\n<p>in Anwesenheit von Johanna Tschautscher und Andreas Grein, Projekt Bank f\u00fcr Gemeinwohl<\/p>\n<hr>\n<h4><strong>21. Oktober 2014<\/strong><\/h4>\n<p>Wien, Kulturzentrum Frauenhetz, 3. Bezirk<\/p>\n<p>20 Uhr<\/p>\n<p>in Anwesenheit von Johanna Tschautscher<\/p>\n<hr>\n<h4><strong>27. Oktober 2014<\/strong><\/h4>\n<p>Evangelische Pfarre Innere Stadt Linz, Landstra\u00dfe<\/p>\n<p>19 Uhr<\/p>\n<p>Eine Veranstaltung von Pax Christi<\/p>\n<p>In Anwesenheit von Johanna Tschautscher<\/p>\n<hr>\n<h4><strong>12. November 2014<\/strong><\/h4>\n<p>Johannes Kepler Universit\u00e4t Linz<\/p>\n<p>18 Uhr, HS 8 = Physikgeb\u00e4ude<\/p>\n<p>in Anwesenheit von Johanna Tschautscher und PD DR. DIRK SOLTE, FAW\/n Forschungsinstitut f\u00fcr anwendungsorientierte Wissensverarbeitung\/n, ULM. Titel der Vorlesung und Veranstaltung: www.kulturinstitut.jku.at<\/p>\n<hr>\n<h4><strong>13. November 2014<\/strong><\/h4>\n<p>Sch\u00fclervorstellungen, Moviemento Kino Linz<\/p>\n<p>8 Uhr<\/p>\n<p>in Anwesenheit von Johanna Tschautscher, Dr. Dirk Solte<\/p>\n<hr>\n<h4><strong>13. November 2014<\/strong><\/h4>\n<p>Votiv-Kino Wien<\/p>\n<p>19 Uhr 30<\/p>\n<p>on Anwesenheit von Johanna Tschautscher, Dr. Dirk Solte, Hans Scharpf LL.M. Werner Kogler<\/p>\n<hr>\n<h4><strong>13. November 2014<\/strong><\/h4>\n<p>Global Marshal Plan Jugend, Bonn<\/p>\n<hr>\n<h4><strong>14. November 2014<\/strong><\/h4>\n<p>Sch\u00fclervorstellung, Votiv Kino Wien<\/p>\n<p>11 Uhr<\/p>\n<p>in Anwesenheit von Dr. Dirk Solte, Hans Scharpf LL.M. Johanna Tschautscher<\/p>\n<hr>\n<h4><strong>14. November 2014<\/strong><\/h4>\n<p>Krems, eine Veranstaltung von Attac Krems, Gesundheitszentrum Krems<\/p>\n<p>19 Uhr<\/p>\n<p>in Anwesenheit von Hans Scharpf LL.M., Dr. Dirk Solte, FAW Ulm und Johanna Tschautscher<\/p>\n<hr>\n<p><strong>26. November 2014<\/strong><\/p>\n<p>Votiv Kino Wien<\/p>\n<p>9 Uhr<\/p>\n<hr>\n<h4><strong>30. November 2014<\/strong><\/h4>\n<p>CINEMA Dachau<\/p>\n<p>10 bis 14 Uhr<\/p>\n<p>in Anwesenheit von Hans Scharpf LL.M. Johanna Tschautscher, Klaus Mahr<\/p>\n<hr>\n<h4><strong>13. Dezember 2014<\/strong><\/h4>\n<p>Sch\u00e4rding, Atelier Galerie Freiraum, Innbruckstra\u00dfe 15<\/p>\n<p>19 Uhr<\/p>\n<p>in Anwesenheit von Johanna Tschautscher<\/p>\n<hr>\n<h4><strong>17. Dezember 2014<\/strong><\/h4>\n<p>Votiv Kino Wien<\/p>\n<p>11 Uhr 15<\/p>\n<hr>\n<h4><strong>19. J\u00e4nner 2015<\/strong><\/h4>\n<p>Universit\u00e4t Bayreuth<\/p>\n<p>Arbeitskreise &#8222;Plurale \u00d6konomik&#8220; und &#8222;Oikos&#8220; pr\u00e4sentieren:<br \/>\n19h s.t. H 18 NW 2<\/p>\n<p>mit anschlie\u00dfender Diskussion mit Hans Scharpf und Rainer Voss (angefragt)<\/p>\n<p><a href=\"http:\/\/tipbt.de\/2015\/01\/too-big-to-tell\/#more-8586\" target=\"_blank\" rel=\"noopener\">n\u00e4here Infos<\/a><\/p>\n<hr>\n<h4><strong>22. J\u00e4nner 2015<\/strong><\/h4>\n<p>Pfarre Mauthausen<\/p>\n<p>19 Uhr 30<\/p>\n<p>in Anwesenheit von Johanna Tschautscher<\/p>\n<hr>\n<h4><strong>26. J\u00e4nner 2015<\/strong><\/h4>\n<p>Leonding bei Linz, Pfarrheim<\/p>\n<p>19 Uhr<\/p>\n<p>in Anwesenheit von Prof. Dr. Friedrich Schneider, Gerhard Zwingler, NET&#8217;s &#8211; Nachhaltig leben, Johanna Tschautscher<\/p>\n<p>Moderation: Dr. Christine Haiden<br \/>\nVeranstalter: Pfarre St. Johannes\/Hart, Pfarre St. Michael\/Leonding (KMB, KFB), Kulturforum Leonding, Urbanfarm Leonding &#8211; B\u00fcro f\u00fcr Kultur und Kommunikation<\/p>\n<hr>\n<h4><strong>27. J\u00e4nner 2015<\/strong><\/h4>\n<p>Attac Seitenstetten, Bildungshaus St. Benedikt<\/p>\n<p>19 Uhr, Eintritt frei<\/p>\n<p>in Anwesenheit von Johanna Tschautscher<\/p>\n<hr>\n<h4><strong>29. J\u00e4nner 2015<\/strong><\/h4>\n<p>Bildungsverein der KP\u00d6 Steiermark<br class=\"\"><br class=\"\">Lagergasse 98a, 8020 Graz<\/p>\n<p>19 Uhr<\/p>\n<p>in Anwesenheit von Johanna Tschautscher und Leo K\u00fchberger<\/p>\n<hr>\n<h4><strong>2. Februar 2015<\/strong><\/h4>\n<p>&#8222;Das Kino&#8220; Salzburg<\/p>\n<p>13 Uhr 30 Sch\u00fclervorstellung<\/p>\n<p>in Anwesenheit von Johanna Tschautscher<\/p>\n<hr>\n<h4><strong>11. Februar 2015<\/strong><\/h4>\n<p>InfoCafe &#8222;palaver&#8220;, Organisation: Verein Frauenservice Graz<\/p>\n<p>18 Uhr<\/p>\n<p>in Anwesenheit von Johanna Tschautscher<\/p>\n<hr>\n<h4><strong>15. M\u00e4rz 2015<\/strong><\/h4>\n<p>Winterthur<\/p>\n<p>11 bis 14 Uhr<\/p>\n<p>Im Saal der Wohnsiedlung Giesserei Ida-Str\u00e4uli-Strasse 65 8404 Winterthur<br \/>\nEintritt: Kollekte<br \/>\nSnacks und Getr\u00e4nke vorhanden<\/p>\n<p>Einf\u00fchrung Markus Schatzmann, eidg. dipl. Bankfachexperte<\/p>\n<p>Nach dem Film findet ein Gespr\u00e4ch statt.<\/p>\n<p>Moderation: Nele Pintelon<\/p>\n<hr>\n<p>&nbsp;<\/p>\n<h4 style=\"text-align: left;\">19. M\u00e4rz 2015<\/h4>\n<p style=\"text-align: left;\">Waidhofen an der Ybbs<\/p>\n<p style=\"text-align: left;\">19 Uhr<\/p>\n<p style=\"text-align: left;\">Mit anschlie\u00dfender Publikumsdiskussion mit Prof. Dr. Friedrch Schneider JKU Linz und Johanna Tschautscher<\/p>\n<p style=\"text-align: left;\">Organisation: Alfred Beyer<\/p>\n<hr>\n<h4 style=\"text-align: left;\">&nbsp;<\/h4>\n<h4><strong>24. M\u00e4rz 2015<\/strong><\/h4>\n<p>Betriebsseelsorgezentrum Braunau<\/p>\n<p>19 Uhr<\/p>\n<p>in Anwesenheit von Johanna Tschautscher<\/p>\n<hr>\n<h4><strong>16.April 2015<\/strong><\/h4>\n<p>Landesmusikschule Altheim \u2013 Kultursaal<\/p>\n<p>19:30 Uhr<\/p>\n<p>Veranstalter: Stadtbibliothek Altheim<\/p>\n<p>in Anwesenheit von Johanna Tschautscher<\/p>\n<hr>\n<h4>&nbsp;<strong>23. April 2015<\/strong><\/h4>\n<p>Eisenstadt, Kongresszentrum<\/p>\n<p>17 Uhr<\/p>\n<p>im Rahmen der 6. \u00d6sterreichischen Schuldnerberatungstagung<\/p>\n<hr>\n<h4>26. April 2015<\/h4>\n<p style=\"text-align: left;\">V\u00f6cklabruck , Offenes Kultuhaus, 17 Uhr<\/p>\n<p>Wir starten um 17 Uhr mit einem&nbsp;\u201e5-Uhr-Tee\u201c, um 17:30 startet der Film und etwa&nbsp;nach einer Stunde werden wir eine kleine Pause einlegen und mit Vertretern der anwesenden Initiativen erste Gedanken austauschen&nbsp;\u2026<\/p>\n<p>Der Eintritt ist frei aber nicht umsonst!<\/p>\n<p style=\"text-align: left;\"><b class=\"\"><a class=\"\" href=\"http:\/\/okh.or.at\/Veranstaltung-toobigtotell\">http:\/\/okh.or.at\/Veranstaltung-toobigtotell<\/a><\/b><\/p>\n<hr>\n<h4><strong>1. Mai 2015<\/strong><\/h4>\n<p>Neustadt an der Weinstra\u00dfe, Deutschland<\/p>\n<p><strong>\u201eB\u00fcrger-Werkstatt f\u00fcr einen Verfassungs-Konvent\u201c<\/strong><\/p>\n<p>20 Uhr<\/p>\n<p>in Anwesenheit von Johanna Tschautscher, Hans Scharpf LL.M. Joachim Sikora<\/p>\n<hr>\n<h4>7. Mai 2015<\/h4>\n<p>Scharfrichterkino Passau<\/p>\n<p>19 Uhr<\/p>\n<p>in Anwesenheit von Prof. Dr. Friedrich Schneider<\/p>\n<p>eine Veranstaltung der Universit\u00e4t Passau<\/p>\n<p>im Rahmen der Nachhaltigkeitswochen<\/p>\n<hr>\n<p>&nbsp;<\/p>\n<h4><strong>8. Mai 2015<\/strong><\/h4>\n<p>Stift Seitenstetten<\/p>\n<p>durchg\u00e4ngige Vorf\u00fchrungen ab 9 Uhr<\/p>\n<p>Filmvorf\u00fchrungen im Rahmen der Veranstaltung<\/p>\n<p>&nbsp;<\/p>\n<hr>\n<h4><strong>5. Juni 2015<\/strong><\/h4>\n<p>Veranstaltungszentrum Stuttgard<\/p>\n<p>eine Veranstaltung von Publik Forum<\/p>\n","protected":false},"excerpt":{"rendered":"<p>13. November 2018 Starmovie Ried-Tumeltsham 19 Uhr in Anwesenheit von Johanna Tschautscher und Raimund Dietz, \u00d6konom, Gr\u00fcnder der &#8222;Monetative \u00d6sterreich&#8220; 30. November 2018 Starmovie Peuerbach 18 Uhr eine Veranstaltung der Gr\u00fcnen Peuerbach im Anschluss:&nbsp; Filmdiskussion mit Johanna Tschautscher &nbsp; PREMIERE 9. Mai 2014 Premiere, Moviemento Kino Linz 19 Uhr, 20 Uhr 10. bis 16. Mai [&hellip;]<\/p>\n","protected":false},"author":1,"featured_media":0,"parent":37,"menu_order":0,"comment_status":"closed","ping_status":"closed","template":"","meta":{"ngg_post_thumbnail":0,"footnotes":""},"class_list":["post-48","page","type-page","status-publish","hentry"],"_links":{"self":[{"href":"https:\/\/www.johanna-tschautscher.eu\/index.php\/wp-json\/wp\/v2\/pages\/48","targetHints":{"allow":["GET"]}}],"collection":[{"href":"https:\/\/www.johanna-tschautscher.eu\/index.php\/wp-json\/wp\/v2\/pages"}],"about":[{"href":"https:\/\/www.johanna-tschautscher.eu\/index.php\/wp-json\/wp\/v2\/types\/page"}],"author":[{"embeddable":true,"href":"https:\/\/www.johanna-tschautscher.eu\/index.php\/wp-json\/wp\/v2\/users\/1"}],"replies":[{"embeddable":true,"href":"https:\/\/www.johanna-tschautscher.eu\/index.php\/wp-json\/wp\/v2\/comments?post=48"}],"version-history":[{"count":46,"href":"https:\/\/www.johanna-tschautscher.eu\/index.php\/wp-json\/wp\/v2\/pages\/48\/revisions"}],"predecessor-version":[{"id":3923,"href":"https:\/\/www.johanna-tschautscher.eu\/index.php\/wp-json\/wp\/v2\/pages\/48\/revisions\/3923"}],"up":[{"embeddable":true,"href":"https:\/\/www.johanna-tschautscher.eu\/index.php\/wp-json\/wp\/v2\/pages\/37"}],"wp:attachment":[{"href":"https:\/\/www.johanna-tschautscher.eu\/index.php\/wp-json\/wp\/v2\/media?parent=48"}],"curies":[{"name":"wp","href":"https:\/\/api.w.org\/{rel}","templated":true}]}}