{"id":392,"date":"2015-01-12T10:46:19","date_gmt":"2015-01-12T09:46:19","guid":{"rendered":"http:\/\/www.johanna-tschautscher.eu\/?page_id=392"},"modified":"2020-10-24T12:24:25","modified_gmt":"2020-10-24T10:24:25","slug":"impressum","status":"publish","type":"page","link":"https:\/\/www.johanna-tschautscher.eu\/index.php\/impressum\/","title":{"rendered":"Impressum"},"content":{"rendered":"<p style=\"text-align: center;\"><strong><img loading=\"lazy\" decoding=\"async\" class=\"aligncenter size-full wp-image-1199\" src=\"\/wp-content\/uploads\/2015\/01\/logo_impressum1.jpg\" alt=\"logo_impressum\" width=\"300\" height=\"88\"><br \/>\nInhaber der Webseite:<\/strong><\/p>\n<p style=\"text-align: center;\">Johanna Tschautscher<\/p>\n<p style=\"text-align: center;\">Ebengasse 51<br \/>\n4040 Neulichtenberg<br \/>\nTel.: +43 699 12722533<br \/>\nE-Mail: film[at]johanna-tschautscher.eu*<\/p>\n<p style=\"text-align: center;\">Haftungshinweis:&nbsp;Trotz sorgf\u00e4ltiger inhaltlicher Kontrolle \u00fcbernehmen wir keine Haftung f\u00fcr die Inhalte externer Links. F\u00fcr den Inhalt der verlinkten Seiten sind ausschlie\u00dflich deren Betreiber verantwortlich.<\/p>\n<p style=\"text-align: center;\">*) Spamschutz \u2013 Ersetzen Sie bitte in der E-Mailadresse&nbsp;die Zeichenfolge \u201c[at]\u201d durch \u201c@\u201d.<\/p>\n","protected":false},"excerpt":{"rendered":"<p>Inhaber der Webseite: Johanna Tschautscher Ebengasse 51 4040 Neulichtenberg Tel.: +43 699 12722533 E-Mail: film[at]johanna-tschautscher.eu* Haftungshinweis:&nbsp;Trotz sorgf\u00e4ltiger inhaltlicher Kontrolle \u00fcbernehmen wir keine Haftung f\u00fcr die Inhalte externer Links. F\u00fcr den Inhalt der verlinkten Seiten sind ausschlie\u00dflich deren Betreiber verantwortlich. *) Spamschutz \u2013 Ersetzen Sie bitte in der E-Mailadresse&nbsp;die Zeichenfolge \u201c[at]\u201d durch \u201c@\u201d.<\/p>\n","protected":false},"author":1,"featured_media":0,"parent":0,"menu_order":0,"comment_status":"closed","ping_status":"closed","template":"page-full-width.php","meta":{"ngg_post_thumbnail":0,"footnotes":""},"class_list":["post-392","page","type-page","status-publish","hentry"],"_links":{"self":[{"href":"https:\/\/www.johanna-tschautscher.eu\/index.php\/wp-json\/wp\/v2\/pages\/392","targetHints":{"allow":["GET"]}}],"collection":[{"href":"https:\/\/www.johanna-tschautscher.eu\/index.php\/wp-json\/wp\/v2\/pages"}],"about":[{"href":"https:\/\/www.johanna-tschautscher.eu\/index.php\/wp-json\/wp\/v2\/types\/page"}],"author":[{"embeddable":true,"href":"https:\/\/www.johanna-tschautscher.eu\/index.php\/wp-json\/wp\/v2\/users\/1"}],"replies":[{"embeddable":true,"href":"https:\/\/www.johanna-tschautscher.eu\/index.php\/wp-json\/wp\/v2\/comments?post=392"}],"version-history":[{"count":8,"href":"https:\/\/www.johanna-tschautscher.eu\/index.php\/wp-json\/wp\/v2\/pages\/392\/revisions"}],"predecessor-version":[{"id":2852,"href":"https:\/\/www.johanna-tschautscher.eu\/index.php\/wp-json\/wp\/v2\/pages\/392\/revisions\/2852"}],"wp:attachment":[{"href":"https:\/\/www.johanna-tschautscher.eu\/index.php\/wp-json\/wp\/v2\/media?parent=392"}],"curies":[{"name":"wp","href":"https:\/\/api.w.org\/{rel}","templated":true}]}}