{"id":37,"date":"2015-01-09T15:25:00","date_gmt":"2015-01-09T15:25:00","guid":{"rendered":"http:\/\/www.johanna-tschautscher.eu\/?page_id=37"},"modified":"2024-12-29T19:13:05","modified_gmt":"2024-12-29T18:13:05","slug":"too-big-to-tell","status":"publish","type":"page","link":"https:\/\/www.johanna-tschautscher.eu\/index.php\/filme\/too-big-to-tell\/","title":{"rendered":"Too BIG To Tell"},"content":{"rendered":"ngg_shortcode_0_placeholder\n\n\n\n<p><strong>&#8222;TOO BIG TO TELL&#8220;<\/strong><\/p>\n\n\n\n<p><em>Recherchen in der Finanzwelt<\/em><\/p>\n\n\n\n<p>&nbsp;<\/p>\n\n\n\n<p><a title=\"Too BIG To Tell - Recherchen in der Finanzwelt\" href=\"https:\/\/youtu.be\/SSUIYIsC_EI\" target=\"_blank\" rel=\"noopener noreferrer\">Deutsche Version<\/a><\/p>\n\n\n\n<figure class=\"wp-block-embed is-type-video is-provider-youtube wp-block-embed-youtube wp-embed-aspect-16-9 wp-has-aspect-ratio\"><div class=\"wp-block-embed__wrapper\">\n<iframe loading=\"lazy\" title=\"TOO BIG TO TELL - deutsche Version\" width=\"500\" height=\"281\" src=\"https:\/\/www.youtube.com\/embed\/SSUIYIsC_EI?feature=oembed\" frameborder=\"0\" allow=\"accelerometer; autoplay; clipboard-write; encrypted-media; gyroscope; picture-in-picture; web-share\" referrerpolicy=\"strict-origin-when-cross-origin\" allowfullscreen><\/iframe>\n<\/div><\/figure>\n\n\n\n<p><a href=\"https:\/\/youtu.be\/B70IoYzw8ls\" target=\"_blank\" rel=\"noopener noreferrer\">Englische Version<\/a><\/p>\n\n\n\n<figure class=\"wp-block-embed is-type-video is-provider-youtube wp-block-embed-youtube wp-embed-aspect-16-9 wp-has-aspect-ratio\"><div class=\"wp-block-embed__wrapper\">\n<iframe loading=\"lazy\" title=\"Too BIG To Tell   Research on the financial world\" width=\"500\" height=\"281\" src=\"https:\/\/www.youtube.com\/embed\/B70IoYzw8ls?feature=oembed\" frameborder=\"0\" allow=\"accelerometer; autoplay; clipboard-write; encrypted-media; gyroscope; picture-in-picture; web-share\" referrerpolicy=\"strict-origin-when-cross-origin\" allowfullscreen><\/iframe>\n<\/div><\/figure>\n\n\n\n<p>Dokumentarische Form, 114 min, AUT 2014<br>Fassung f\u00fcr deutsches Publikum, 104 min. mit Untertitel<br>Regie\/Schnitt\/Buch: Johanna Tschautscher<br>Kabarettistische Szenen: G\u00fcnther Lainer<br>Kamera: Viktor Schaider, Gerhard Mayrhofer<br>Musik: Gerald H\u00f6fler<br>Mit: Dr. Dirk Solte, Peter Konle, Dr. Margrit Kennedy, Graeme Maxton, Manfred Linhart, Dr. Wolfgang Kessler, Prof. Dr. Friedrich Schneider, Josef Stampfer, Thierry Philipponnat, Joost Mulder, Sven Giegold, Hans Scharpf LL.M. Reinhard Mammerler, Dr. Reinhard Blomert, Reinhold Mortiz, Karola Niederhuber, Harald Bodingbauer, Mathias Lenz<\/p>\n\n\n\n<p>&nbsp;<\/p>\n\n\n\n<p>&nbsp;<\/p>\n\n\n\n<p><strong>Der Film kann seit September 2015 kostenlos vorgef\u00fchrt werden.<\/strong><\/p>\n\n\n\n<p><strong>Eine DVD bestellen Sie bitte \u00fcber das Kontaktformular dieser Homepage<\/strong><\/p>\n\n\n\n<p>&nbsp;<\/p>\n\n\n\n<p>&nbsp;<\/p>\n\n\n\n<p>&nbsp;<\/p>\n\n\n\n<p><a title=\"Inhalt \u2013 Too BIG To Tell\" href=\"http:\/\/www.johanna-tschautscher.eu\/?page_id=39\">Inhalt<\/a> \/ <a title=\"Reaktionen \u2013 Too BIG To Tell\" href=\"http:\/\/www.johanna-tschautscher.eu\/?page_id=41\">Reaktionen <\/a>\/ <a title=\"Termine \u2013 Too BIG To Tell\" href=\"http:\/\/www.johanna-tschautscher.eu\/?page_id=48\">Termine<\/a> \/ <a href=\"https:\/\/www.johanna-tschautscher.eu\/?page_id=1118\" data-type=\"page\" data-id=\"1118\">Regiestatement<\/a> \/ <a title=\"DVD  \u2013 Too BIG To Tell\" href=\"http:\/\/www.johanna-tschautscher.eu\/?page_id=60\">DVD<\/a><\/p>\n\n\n\n<p>&nbsp;<\/p>\n\n\n\n<p>&nbsp;<\/p>\n\n\n\n<p>&nbsp;<\/p>\n\n\n\n<p>&nbsp;<\/p>\n\n\n\n<hr class=\"wp-block-separator has-alpha-channel-opacity\"\/>\n\n\n\n<p><a title=\"Bundeszentrale f\u00fcr Politische Bildung\" href=\"http:\/\/www.bpb.de\/shop\/lernen\/themen-und-materialien\/200345\/oekonomie-und-gesellschaft%20\">Die Bundeszentrale f\u00fcr Politische Bildung\/Bonn h\u00e4ngt diesen Film ihren Unterrichtsmaterialien &#8222;\u00d6konomie und Gesellschaft&#8220; 2015 in einer Auflage von 10.000 St\u00fcck an.<\/a><\/p>\n\n\n\n<hr class=\"wp-block-separator has-alpha-channel-opacity\"\/>\n\n\n\n<p><a href=\"https:\/\/www.suedwind-buchwelt.at\" target=\"_blank\" rel=\"noreferrer noopener\">S\u00fcdwind-Buchwelt, Bestsellerliste 2014<\/a><\/p>\n\n\n\n<hr class=\"wp-block-separator has-alpha-channel-opacity\"\/>\n\n\n\n<p><a href=\"https:\/\/jungkbibliothek.wordpress.com\/2014\/12\/24\/robert-jungk-bibliothek-zieht-erste-bilanz-top-ten-der-zukunftsliteratur-2014\/\" target=\"_blank\" rel=\"noopener noreferrer\">Robert-Jungk-Bibliothek Salzburg, Top Ten Zukunftsliteratur<\/a><\/p>\n\n\n\n<hr class=\"wp-block-separator has-alpha-channel-opacity\"\/>\n\n\n\n<p><a href=\"http:\/\/www.edugroup.at\/medien\/detailseite.html?medienid=4800181#.VK-U5je48NY.facebook\" target=\"_blank\" rel=\"noopener noreferrer\">Education Group O\u00d6 stellt den Film f\u00fcr alle Landeslehrer in \u00d6sterreich online<\/a><\/p>\n\n\n\n<hr class=\"wp-block-separator has-alpha-channel-opacity\"\/>\n\n\n\n<p>Global Marshal Plan Initiative Deutschland verteilt 500 Kopien des Filmes an den eigenen Lesekreis und veranstaltet Filmvorf\u00fchrungen<\/p>\n\n\n\n<p>&nbsp;<\/p>\n\n\n\n<p>&nbsp;<\/p>\n\n\n\n<p>&nbsp;<\/p>\n\n\n\n<p>&nbsp;<\/p>\n\n\n\n<p>&nbsp;<\/p>\n\n\n\n<p>&nbsp;<\/p>\n","protected":false},"excerpt":{"rendered":"<p>&#8222;TOO BIG TO TELL&#8220; Recherchen in der Finanzwelt &nbsp; Deutsche Version Englische Version Dokumentarische Form, 114 min, AUT 2014Fassung f\u00fcr deutsches Publikum, 104 min. mit UntertitelRegie\/Schnitt\/Buch: Johanna TschautscherKabarettistische Szenen: G\u00fcnther LainerKamera: Viktor Schaider, Gerhard MayrhoferMusik: Gerald H\u00f6flerMit: Dr. Dirk Solte, Peter Konle, Dr. Margrit Kennedy, Graeme Maxton, Manfred Linhart, Dr. Wolfgang Kessler, Prof. Dr. Friedrich [&hellip;]<\/p>\n","protected":false},"author":1,"featured_media":0,"parent":31,"menu_order":0,"comment_status":"closed","ping_status":"closed","template":"page-full-width.php","meta":{"ngg_post_thumbnail":0,"footnotes":""},"class_list":["post-37","page","type-page","status-publish","hentry"],"_links":{"self":[{"href":"https:\/\/www.johanna-tschautscher.eu\/index.php\/wp-json\/wp\/v2\/pages\/37","targetHints":{"allow":["GET"]}}],"collection":[{"href":"https:\/\/www.johanna-tschautscher.eu\/index.php\/wp-json\/wp\/v2\/pages"}],"about":[{"href":"https:\/\/www.johanna-tschautscher.eu\/index.php\/wp-json\/wp\/v2\/types\/page"}],"author":[{"embeddable":true,"href":"https:\/\/www.johanna-tschautscher.eu\/index.php\/wp-json\/wp\/v2\/users\/1"}],"replies":[{"embeddable":true,"href":"https:\/\/www.johanna-tschautscher.eu\/index.php\/wp-json\/wp\/v2\/comments?post=37"}],"version-history":[{"count":45,"href":"https:\/\/www.johanna-tschautscher.eu\/index.php\/wp-json\/wp\/v2\/pages\/37\/revisions"}],"predecessor-version":[{"id":3797,"href":"https:\/\/www.johanna-tschautscher.eu\/index.php\/wp-json\/wp\/v2\/pages\/37\/revisions\/3797"}],"up":[{"embeddable":true,"href":"https:\/\/www.johanna-tschautscher.eu\/index.php\/wp-json\/wp\/v2\/pages\/31"}],"wp:attachment":[{"href":"https:\/\/www.johanna-tschautscher.eu\/index.php\/wp-json\/wp\/v2\/media?parent=37"}],"curies":[{"name":"wp","href":"https:\/\/api.w.org\/{rel}","templated":true}]}}