{"id":3348,"date":"2023-11-10T11:53:05","date_gmt":"2023-11-10T10:53:05","guid":{"rendered":"https:\/\/www.johanna-tschautscher.eu\/?page_id=3348"},"modified":"2023-11-10T12:00:12","modified_gmt":"2023-11-10T11:00:12","slug":"the-needs-of-the-nations","status":"publish","type":"page","link":"https:\/\/www.johanna-tschautscher.eu\/index.php\/the-needs-of-the-nations\/","title":{"rendered":"THE NEEDS OF THE NATIONS"},"content":{"rendered":"\n<p>Dokumentarfilm, 90 min<\/p>\n\n\n\n<p>(nicht fertiggestellt, Filmproduktion eingestellt)<\/p>\n\n\n\n<figure class=\"wp-block-gallery has-nested-images columns-default is-cropped wp-block-gallery-1 is-layout-flex wp-block-gallery-is-layout-flex\">\n<figure class=\"wp-block-image size-large\"><a href=\"https:\/\/www.johanna-tschautscher.eu\/wp-content\/uploads\/2023\/11\/20181029-121600-IMG_0727.jpg\"><img loading=\"lazy\" decoding=\"async\" width=\"640\" height=\"427\" data-id=\"3352\" src=\"https:\/\/www.johanna-tschautscher.eu\/wp-content\/uploads\/2023\/11\/20181029-121600-IMG_0727.jpg\" alt=\"\" class=\"wp-image-3352\" srcset=\"https:\/\/www.johanna-tschautscher.eu\/wp-content\/uploads\/2023\/11\/20181029-121600-IMG_0727.jpg 640w, https:\/\/www.johanna-tschautscher.eu\/wp-content\/uploads\/2023\/11\/20181029-121600-IMG_0727-300x200.jpg 300w\" sizes=\"auto, (max-width: 640px) 100vw, 640px\" \/><\/a><\/figure>\n\n\n\n<figure class=\"wp-block-image size-large\"><a href=\"https:\/\/www.johanna-tschautscher.eu\/wp-content\/uploads\/2023\/11\/D75_2205-Kopie.jpg\"><img loading=\"lazy\" decoding=\"async\" width=\"640\" height=\"427\" data-id=\"3354\" src=\"https:\/\/www.johanna-tschautscher.eu\/wp-content\/uploads\/2023\/11\/D75_2205-Kopie.jpg\" alt=\"\" class=\"wp-image-3354\" srcset=\"https:\/\/www.johanna-tschautscher.eu\/wp-content\/uploads\/2023\/11\/D75_2205-Kopie.jpg 640w, https:\/\/www.johanna-tschautscher.eu\/wp-content\/uploads\/2023\/11\/D75_2205-Kopie-300x200.jpg 300w\" sizes=\"auto, (max-width: 640px) 100vw, 640px\" \/><\/a><\/figure>\n\n\n\n<figure class=\"wp-block-image size-large\"><a href=\"https:\/\/www.johanna-tschautscher.eu\/wp-content\/uploads\/2023\/11\/1315790221.jpg\"><img loading=\"lazy\" decoding=\"async\" width=\"790\" height=\"427\" data-id=\"3353\" src=\"https:\/\/www.johanna-tschautscher.eu\/wp-content\/uploads\/2023\/11\/1315790221.jpg\" alt=\"\" class=\"wp-image-3353\" srcset=\"https:\/\/www.johanna-tschautscher.eu\/wp-content\/uploads\/2023\/11\/1315790221.jpg 790w, https:\/\/www.johanna-tschautscher.eu\/wp-content\/uploads\/2023\/11\/1315790221-300x162.jpg 300w, https:\/\/www.johanna-tschautscher.eu\/wp-content\/uploads\/2023\/11\/1315790221-768x415.jpg 768w\" sizes=\"auto, (max-width: 790px) 100vw, 790px\" \/><\/a><\/figure>\n\n\n\n<figure class=\"wp-block-image size-large\"><a href=\"https:\/\/www.johanna-tschautscher.eu\/wp-content\/uploads\/2023\/11\/D75_1807-Kopie.jpg\"><img loading=\"lazy\" decoding=\"async\" width=\"640\" height=\"427\" data-id=\"3355\" src=\"https:\/\/www.johanna-tschautscher.eu\/wp-content\/uploads\/2023\/11\/D75_1807-Kopie.jpg\" alt=\"\" class=\"wp-image-3355\" srcset=\"https:\/\/www.johanna-tschautscher.eu\/wp-content\/uploads\/2023\/11\/D75_1807-Kopie.jpg 640w, https:\/\/www.johanna-tschautscher.eu\/wp-content\/uploads\/2023\/11\/D75_1807-Kopie-300x200.jpg 300w\" sizes=\"auto, (max-width: 640px) 100vw, 640px\" \/><\/a><\/figure>\n\n\n\n<figure class=\"wp-block-image size-large\"><a href=\"https:\/\/www.johanna-tschautscher.eu\/wp-content\/uploads\/2023\/11\/D75_1817-Kopie.jpg\"><img loading=\"lazy\" decoding=\"async\" width=\"640\" height=\"427\" data-id=\"3358\" src=\"https:\/\/www.johanna-tschautscher.eu\/wp-content\/uploads\/2023\/11\/D75_1817-Kopie.jpg\" alt=\"\" class=\"wp-image-3358\" srcset=\"https:\/\/www.johanna-tschautscher.eu\/wp-content\/uploads\/2023\/11\/D75_1817-Kopie.jpg 640w, https:\/\/www.johanna-tschautscher.eu\/wp-content\/uploads\/2023\/11\/D75_1817-Kopie-300x200.jpg 300w\" sizes=\"auto, (max-width: 640px) 100vw, 640px\" \/><\/a><\/figure>\n\n\n\n<figure class=\"wp-block-image size-large\"><a href=\"https:\/\/www.johanna-tschautscher.eu\/wp-content\/uploads\/2023\/11\/D75_1913-Kopie.jpg\"><img loading=\"lazy\" decoding=\"async\" width=\"640\" height=\"427\" data-id=\"3357\" src=\"https:\/\/www.johanna-tschautscher.eu\/wp-content\/uploads\/2023\/11\/D75_1913-Kopie.jpg\" alt=\"\" class=\"wp-image-3357\" srcset=\"https:\/\/www.johanna-tschautscher.eu\/wp-content\/uploads\/2023\/11\/D75_1913-Kopie.jpg 640w, https:\/\/www.johanna-tschautscher.eu\/wp-content\/uploads\/2023\/11\/D75_1913-Kopie-300x200.jpg 300w\" sizes=\"auto, (max-width: 640px) 100vw, 640px\" \/><\/a><\/figure>\n\n\n\n<figure class=\"wp-block-image size-large\"><a href=\"https:\/\/www.johanna-tschautscher.eu\/wp-content\/uploads\/2023\/11\/D75_2031.jpg\"><img loading=\"lazy\" decoding=\"async\" width=\"800\" height=\"534\" data-id=\"3359\" src=\"https:\/\/www.johanna-tschautscher.eu\/wp-content\/uploads\/2023\/11\/D75_2031.jpg\" alt=\"\" class=\"wp-image-3359\" srcset=\"https:\/\/www.johanna-tschautscher.eu\/wp-content\/uploads\/2023\/11\/D75_2031.jpg 800w, https:\/\/www.johanna-tschautscher.eu\/wp-content\/uploads\/2023\/11\/D75_2031-300x200.jpg 300w, https:\/\/www.johanna-tschautscher.eu\/wp-content\/uploads\/2023\/11\/D75_2031-768x513.jpg 768w\" sizes=\"auto, (max-width: 800px) 100vw, 800px\" \/><\/a><\/figure>\n\n\n\n<figure class=\"wp-block-image size-large\"><a href=\"https:\/\/www.johanna-tschautscher.eu\/wp-content\/uploads\/2023\/11\/D75_2038-Kopie.jpg\"><img loading=\"lazy\" decoding=\"async\" width=\"640\" height=\"427\" data-id=\"3361\" src=\"https:\/\/www.johanna-tschautscher.eu\/wp-content\/uploads\/2023\/11\/D75_2038-Kopie.jpg\" alt=\"\" class=\"wp-image-3361\" srcset=\"https:\/\/www.johanna-tschautscher.eu\/wp-content\/uploads\/2023\/11\/D75_2038-Kopie.jpg 640w, https:\/\/www.johanna-tschautscher.eu\/wp-content\/uploads\/2023\/11\/D75_2038-Kopie-300x200.jpg 300w\" sizes=\"auto, (max-width: 640px) 100vw, 640px\" \/><\/a><\/figure>\n\n\n\n<figure class=\"wp-block-image size-large\"><a href=\"https:\/\/www.johanna-tschautscher.eu\/wp-content\/uploads\/2023\/11\/D75_2085-Kopie.jpg\"><img loading=\"lazy\" decoding=\"async\" width=\"640\" height=\"427\" data-id=\"3356\" src=\"https:\/\/www.johanna-tschautscher.eu\/wp-content\/uploads\/2023\/11\/D75_2085-Kopie.jpg\" alt=\"\" class=\"wp-image-3356\" srcset=\"https:\/\/www.johanna-tschautscher.eu\/wp-content\/uploads\/2023\/11\/D75_2085-Kopie.jpg 640w, https:\/\/www.johanna-tschautscher.eu\/wp-content\/uploads\/2023\/11\/D75_2085-Kopie-300x200.jpg 300w\" sizes=\"auto, (max-width: 640px) 100vw, 640px\" \/><\/a><\/figure>\n<\/figure>\n\n\n\n<h1 class=\"wp-block-heading\">Synopsis<\/h1>\n\n\n\n<p>Kampfflugzeuge \u00fcber dem Flughafen von Seoul. Boote schaukeln am Bodensee. M\u00e4nner beobachten das ruhige Ufer der Stadt Konstanz. Panzer, Lenkraketen, Pistolen, Splittergranaten ausgestellt in der Waffenmesse in Seoul. Eine Landkarte der Waffenproduktionsfirmen am Scho\u00df des Friedensaktivisten im Boot am Bodensee. Die Boote rudern. Friedensaktivisten in Seoul am Gel\u00e4nde vor der Waffenmesse.<\/p>\n\n\n\n<p><strong><em>Katherine Hahn Singer<\/em><\/strong> leitet ein Zentrum f\u00fcr \u201cGewaltfreie Kommunikation\u201d in Seoul, sie arbeitet auch mit Soldaten, die an der Demarkationslinie zu Nord-Korea stationiert sind. <strong><em>Jae young Lee<\/em><\/strong> vereint sechs NGO\u2019s, eine Friedensschule und ein Friedenscafe in Namyangiu, einem Vorort von Seoul. Er organisiert internationale Sommercamps zur Friedenserziehung in Nord-Ost-Asien. Der Direktor des National Council of Churches, <strong><em>Shin Seung Min<\/em><\/strong> trifft weltweit Politiker und religi\u00f6se F\u00fchrer um mit ihnen \u00fcber einen Friedensvertrag zwischen Nord und S\u00fcdkorea zu sprechen. Er h\u00e4lt auch Kontakt zu den 10.000 Christenin North Korea. Manager <strong><em>Hanui Choi <\/em><\/strong>von der NGO \u201cPeace-momo\u201d organisiert friedliche Kampagnen in Jeju Island um auf die Zerst\u00f6rung der Natur und die Missachtung demokratischer Prozesse aufmerksam zu machen, die durch die Errichtung einer US Milit\u00e4rbasis auf der Insel ausgegangen sind. <strong><em>Dr. Yonggap Moon<\/em><\/strong> und seiner Frau <strong><em>Prof. Dr. Namok Lee<\/em><\/strong> bilden in Seoul Mediatoren und Familientherapeuten aus. Sie besch\u00e4ftigen sich mit systemischer Aufstellungsarbeit, sie denken \u00fcber eine \u201eNations Constellation\u201c nach um die Komplexit\u00e4t in der sich S\u00fcdkorea befindet darstellen und bearbeiten zu k\u00f6nnen.<\/p>\n\n\n\n<p>Im Boot am Bodensee erz\u00e4hlt der Vater von zwei Kindern, die in der Waffenindustrie arbeiten von seinem Schmerz, Widerspr\u00fcchen, Sehnsucht nach Frieden, Druck, Schweigen.<\/p>\n\n\n\n<p>Die pers\u00f6nlichen Hintergr\u00fcnde und Motive der Friedensaktivisten f\u00fchren uns in eine Kindheit w\u00e4hrend des Korea Krieges, in ein Soldatenleben als der ehemalige Nordkoreanische Pr\u00e4sident Kim Il Sung starb, zu Nordkoreanischen Christen, gewaltfreie \u00dcbungen auf einem Sommercamp, die das historische und chronische Misstrauen gegen\u00fcber Japan abbauen helfen sollen, zu einer Amerikanerin die Bewusstsein f\u00fcr die Rolle der USA in Korea schaffen will, systemische Aufstellungen, die die nationalen Kr\u00e4fte und Bed\u00fcrfnisse aufzeigen, die S\u00fcdkorea umgeben.<\/p>\n\n\n\n<p>Eine abstrakte zweite Erz\u00e4hlebene, in stop-motion gefilmte Karten spielende Knetmassefiguren von Pr\u00e4sidenten, Gener\u00e4len, Ministern, Unternehmern, Bildungspersonal, Umweltsch\u00fctzern der einflussreichen Nationen rund um S\u00fcdkorea zeigt und verdeckt die \u201eneeds\u201c ihrer Nationen.<\/p>\n","protected":false},"excerpt":{"rendered":"<p>Dokumentarfilm, 90 min (nicht fertiggestellt, Filmproduktion eingestellt) Synopsis Kampfflugzeuge \u00fcber dem Flughafen von Seoul. Boote schaukeln am Bodensee. M\u00e4nner beobachten das ruhige Ufer der Stadt Konstanz. Panzer, Lenkraketen, Pistolen, Splittergranaten ausgestellt in der Waffenmesse in Seoul. Eine Landkarte der Waffenproduktionsfirmen am Scho\u00df des Friedensaktivisten im Boot am Bodensee. Die Boote rudern. Friedensaktivisten in Seoul am [&hellip;]<\/p>\n","protected":false},"author":1,"featured_media":0,"parent":0,"menu_order":0,"comment_status":"closed","ping_status":"closed","template":"","meta":{"ngg_post_thumbnail":0,"footnotes":""},"class_list":["post-3348","page","type-page","status-publish","hentry"],"_links":{"self":[{"href":"https:\/\/www.johanna-tschautscher.eu\/index.php\/wp-json\/wp\/v2\/pages\/3348","targetHints":{"allow":["GET"]}}],"collection":[{"href":"https:\/\/www.johanna-tschautscher.eu\/index.php\/wp-json\/wp\/v2\/pages"}],"about":[{"href":"https:\/\/www.johanna-tschautscher.eu\/index.php\/wp-json\/wp\/v2\/types\/page"}],"author":[{"embeddable":true,"href":"https:\/\/www.johanna-tschautscher.eu\/index.php\/wp-json\/wp\/v2\/users\/1"}],"replies":[{"embeddable":true,"href":"https:\/\/www.johanna-tschautscher.eu\/index.php\/wp-json\/wp\/v2\/comments?post=3348"}],"version-history":[{"count":2,"href":"https:\/\/www.johanna-tschautscher.eu\/index.php\/wp-json\/wp\/v2\/pages\/3348\/revisions"}],"predecessor-version":[{"id":3362,"href":"https:\/\/www.johanna-tschautscher.eu\/index.php\/wp-json\/wp\/v2\/pages\/3348\/revisions\/3362"}],"wp:attachment":[{"href":"https:\/\/www.johanna-tschautscher.eu\/index.php\/wp-json\/wp\/v2\/media?parent=3348"}],"curies":[{"name":"wp","href":"https:\/\/api.w.org\/{rel}","templated":true}]}}