{"id":3323,"date":"2023-10-30T16:18:22","date_gmt":"2023-10-30T15:18:22","guid":{"rendered":"https:\/\/www.johanna-tschautscher.eu\/?page_id=3323"},"modified":"2023-10-30T16:18:22","modified_gmt":"2023-10-30T15:18:22","slug":"inhalt-rene-girard","status":"publish","type":"page","link":"https:\/\/www.johanna-tschautscher.eu\/index.php\/inhalt-rene-girard\/","title":{"rendered":"INHALT REN\u00c9 GIRARD"},"content":{"rendered":"\n<p>Der Kulturanthropologe Ren\u00e9 Girard<\/p>\n\n\n\n<p>entdeckte und benannte den S\u00fcndenbockmechanismus, der in archaischen und modernen Gesellschaften immer wieder auftritt: Besser \u201ealle gegen einen\u201c, als \u201ealle gegen alle\u201c. Mythen und Rituale legitimieren diese immer wiederkehrende Opferung von Unschuldigen, die von Religionen lange verschleiert und \u201egottgegeben\u201c ins Unbewusste verdr\u00e4ngt und gleichzeitig in regelbasierten Grenzen gehalten wurde. Ursprung aller Gewalt sieht der Literaturwissenschaftler im \u201emimetischen Begehren\u201c, das bereits im Alten Testament thematisiert wird: \u201eDu sollst nicht begehren deines N\u00e4chsten Gut, Frau, Esel, Haus, Besitz.\u201c Tiefenpsychologische und spirituelle Ans\u00e4tze Gewaltmechanismen pers\u00f6nlich und damit in weiterer Folge kollektiv zu \u00fcberwinden, liegen in der Mystik verschiedener Religionen bereits vor. Auch die Arbeit mit dem \u201eEnneagramm\u201c fu\u00dft auf diesen Erkenntnissen: Durch eine vertiefte Schau nach innen wird es m\u00f6glich eine Nachahmung im Au\u00dfen durch eine wachsende Innenleitung zu ersetzen. Dieser \u201eradikale Weg nach Innen\u201c integriert eigene Schattenanteile und f\u00fchrt als psycho-spirituelle Friedensarbeit zu neuen, heilenden Wirklichkeiten.<\/p>\n\n\n\n<p>Der Film basiert auf Gedanken eines Mannes, der als \u201eDarwin der Humanwissenschaften\u201c bezeichnet wurde. Die Erkenntnis eines gewaltfreien Gottes, der keine Opfer braucht, ist nach der Lekt\u00fcre seines Lebenswerkes zwingend.<\/p>\n","protected":false},"excerpt":{"rendered":"<p>Der Kulturanthropologe Ren\u00e9 Girard entdeckte und benannte den S\u00fcndenbockmechanismus, der in archaischen und modernen Gesellschaften immer wieder auftritt: Besser \u201ealle gegen einen\u201c, als \u201ealle gegen alle\u201c. Mythen und Rituale legitimieren diese immer wiederkehrende Opferung von Unschuldigen, die von Religionen lange verschleiert und \u201egottgegeben\u201c ins Unbewusste verdr\u00e4ngt und gleichzeitig in regelbasierten Grenzen gehalten wurde. Ursprung aller [&hellip;]<\/p>\n","protected":false},"author":1,"featured_media":0,"parent":0,"menu_order":0,"comment_status":"closed","ping_status":"closed","template":"","meta":{"ngg_post_thumbnail":0,"footnotes":""},"class_list":["post-3323","page","type-page","status-publish","hentry"],"_links":{"self":[{"href":"https:\/\/www.johanna-tschautscher.eu\/index.php\/wp-json\/wp\/v2\/pages\/3323","targetHints":{"allow":["GET"]}}],"collection":[{"href":"https:\/\/www.johanna-tschautscher.eu\/index.php\/wp-json\/wp\/v2\/pages"}],"about":[{"href":"https:\/\/www.johanna-tschautscher.eu\/index.php\/wp-json\/wp\/v2\/types\/page"}],"author":[{"embeddable":true,"href":"https:\/\/www.johanna-tschautscher.eu\/index.php\/wp-json\/wp\/v2\/users\/1"}],"replies":[{"embeddable":true,"href":"https:\/\/www.johanna-tschautscher.eu\/index.php\/wp-json\/wp\/v2\/comments?post=3323"}],"version-history":[{"count":1,"href":"https:\/\/www.johanna-tschautscher.eu\/index.php\/wp-json\/wp\/v2\/pages\/3323\/revisions"}],"predecessor-version":[{"id":3324,"href":"https:\/\/www.johanna-tschautscher.eu\/index.php\/wp-json\/wp\/v2\/pages\/3323\/revisions\/3324"}],"wp:attachment":[{"href":"https:\/\/www.johanna-tschautscher.eu\/index.php\/wp-json\/wp\/v2\/media?parent=3323"}],"curies":[{"name":"wp","href":"https:\/\/api.w.org\/{rel}","templated":true}]}}