{"id":328,"date":"2015-01-11T13:08:18","date_gmt":"2015-01-11T12:08:18","guid":{"rendered":"http:\/\/www.johanna-tschautscher.eu\/?page_id=328"},"modified":"2025-01-07T13:10:50","modified_gmt":"2025-01-07T12:10:50","slug":"jeanne-darc-beendet-den-heiligen-krieg","status":"publish","type":"page","link":"https:\/\/www.johanna-tschautscher.eu\/index.php\/buecher\/jeanne-darc-beendet-den-heiligen-krieg\/","title":{"rendered":"Jeanne d&#8217;Arc beendet den Heiligen Krieg"},"content":{"rendered":"<div class=\"wp-block-image\">\n<figure class=\"alignright\"><a href=\"http:\/\/www.johanna-tschautscher.eu\/wp-content\/uploads\/2015\/01\/Jeanne-dArc-3D.jpg\"><img loading=\"lazy\" decoding=\"async\" width=\"350\" height=\"333\" src=\"http:\/\/www.johanna-tschautscher.eu\/wp-content\/uploads\/2015\/01\/Jeanne-dArc-3D.jpg\" alt=\"Jeanne-dArc-3D\" class=\"wp-image-778\" srcset=\"https:\/\/www.johanna-tschautscher.eu\/wp-content\/uploads\/2015\/01\/Jeanne-dArc-3D.jpg 350w, https:\/\/www.johanna-tschautscher.eu\/wp-content\/uploads\/2015\/01\/Jeanne-dArc-3D-300x285.jpg 300w\" sizes=\"auto, (max-width: 350px) 100vw, 350px\" \/><\/a><\/figure><\/div>\n\n\n<p>Inhalt:<\/p>\n\n\n\n<p>&nbsp;<\/p>\n\n\n\n<p>Zeit der M\u00e4rtyrer, Terroristen und struktureller Gewalt. Hunger, Naturgesetze des Marktes, moderner Counterterrorismus. Hier liegt die Szene. Der \u00e4u\u00dfere Plot ein Thriller: Eine junge Schwedin, gen\u00f6tigt f\u00fcr einen Geheimdienst zu t\u00f6ten begeht laut Polizeibericht Selbstmord. Ihre Freundin, Juliette Catherine Dumoulin, Tochter des Wirtschaftsmagnaten Pierre Dumoulin, glaubt nicht an Suizid, sie will die M\u00f6rder finden. Das innere Spannungsfeld: Vierzehn Engel sehen in Juliette Catherine die fr\u00fchere Jeanne d\u2019Arc, die in die Gegenwart zur\u00fcckgekehrt ist, um Krieg, Martyrium und die L\u00fcgen des Himmels zu \u00fcberwinden.<\/p>\n\n\n\n<p><em>Immer am Rande der Skurrilit\u00e4t, vermischt mit wiederkehrenden surrealen Elementen thematisiert diese Geschichte die Frage nach Frieden und dem \u201eEnde der Heiligen Kriege\u201c, in einer Welt, in der die Kulturen enger zusammenr\u00fccken und damit auch die Religionen, Interpretationen und Machtanspr\u00fcche.<\/em><\/p>\n\n\n\n<p>&nbsp;<\/p>\n\n\n\n<p>Textausschnitt:<\/p>\n\n\n\n<p>\u201eManchmal w\u00fcnsche ich mir ein St\u00fcck Erde, die sich nicht mit H\u00e4nden ber\u00fchren l\u00e4sst. Ein Boden, Monsieur Flaherty, in der sich die Wurzeln, die mir gewachsen sind, verankern k\u00f6nnen. Wenn die Seele einen Boden braucht, dann ist es das, was mir fehlt.\u201c Juliette Catherine Dumoulin<\/p>\n\n\n\n<p>&nbsp;<\/p>\n\n\n\n<p><a href=\"https:\/\/www.johanna-tschautscher.eu\/?page_id=1138\" data-type=\"page\" data-id=\"1138\">\u00d61 TEXTE Literatur aus \u00d6sterreich<\/a> \/ <a href=\"https:\/\/www.johanna-tschautscher.eu\/?page_id=1141\" data-type=\"page\" data-id=\"1141\">Cover<\/a><\/p>\n\n\n\n<p>&nbsp;<\/p>\n","protected":false},"excerpt":{"rendered":"<p>Inhalt: &nbsp; Zeit der M\u00e4rtyrer, Terroristen und struktureller Gewalt. Hunger, Naturgesetze des Marktes, moderner Counterterrorismus. Hier liegt die Szene. Der \u00e4u\u00dfere Plot ein Thriller: Eine junge Schwedin, gen\u00f6tigt f\u00fcr einen Geheimdienst zu t\u00f6ten begeht laut Polizeibericht Selbstmord. Ihre Freundin, Juliette Catherine Dumoulin, Tochter des Wirtschaftsmagnaten Pierre Dumoulin, glaubt nicht an Suizid, sie will die M\u00f6rder [&hellip;]<\/p>\n","protected":false},"author":1,"featured_media":1074,"parent":312,"menu_order":0,"comment_status":"closed","ping_status":"closed","template":"","meta":{"ngg_post_thumbnail":0,"footnotes":""},"class_list":["post-328","page","type-page","status-publish","has-post-thumbnail","hentry"],"_links":{"self":[{"href":"https:\/\/www.johanna-tschautscher.eu\/index.php\/wp-json\/wp\/v2\/pages\/328","targetHints":{"allow":["GET"]}}],"collection":[{"href":"https:\/\/www.johanna-tschautscher.eu\/index.php\/wp-json\/wp\/v2\/pages"}],"about":[{"href":"https:\/\/www.johanna-tschautscher.eu\/index.php\/wp-json\/wp\/v2\/types\/page"}],"author":[{"embeddable":true,"href":"https:\/\/www.johanna-tschautscher.eu\/index.php\/wp-json\/wp\/v2\/users\/1"}],"replies":[{"embeddable":true,"href":"https:\/\/www.johanna-tschautscher.eu\/index.php\/wp-json\/wp\/v2\/comments?post=328"}],"version-history":[{"count":9,"href":"https:\/\/www.johanna-tschautscher.eu\/index.php\/wp-json\/wp\/v2\/pages\/328\/revisions"}],"predecessor-version":[{"id":3890,"href":"https:\/\/www.johanna-tschautscher.eu\/index.php\/wp-json\/wp\/v2\/pages\/328\/revisions\/3890"}],"up":[{"embeddable":true,"href":"https:\/\/www.johanna-tschautscher.eu\/index.php\/wp-json\/wp\/v2\/pages\/312"}],"wp:featuredmedia":[{"embeddable":true,"href":"https:\/\/www.johanna-tschautscher.eu\/index.php\/wp-json\/wp\/v2\/media\/1074"}],"wp:attachment":[{"href":"https:\/\/www.johanna-tschautscher.eu\/index.php\/wp-json\/wp\/v2\/media?parent=328"}],"curies":[{"name":"wp","href":"https:\/\/api.w.org\/{rel}","templated":true}]}}