{"id":3264,"date":"2023-09-14T12:52:40","date_gmt":"2023-09-14T10:52:40","guid":{"rendered":"https:\/\/www.johanna-tschautscher.eu\/?page_id=3264"},"modified":"2025-01-07T13:25:39","modified_gmt":"2025-01-07T12:25:39","slug":"rene-girard-der-lange-weg-von-der-gewalt-zur-liebe","status":"publish","type":"page","link":"https:\/\/www.johanna-tschautscher.eu\/index.php\/rene-girard-der-lange-weg-von-der-gewalt-zur-liebe\/","title":{"rendered":"&#8222;REN\u00c9 GIRARD, DER LANGE WEG VON DER GEWALT  ZUR LIEBE&#8220;"},"content":{"rendered":"\n<figure class=\"wp-block-gallery has-nested-images columns-default is-cropped wp-block-gallery-1 is-layout-flex wp-block-gallery-is-layout-flex\">\n<figure class=\"wp-block-image size-large\"><a href=\"https:\/\/www.johanna-tschautscher.eu\/wp-content\/uploads\/2023\/10\/Bildschirm\u00adfoto-2023-01-30-um-13.27.40-Kopie.png\"><img loading=\"lazy\" decoding=\"async\" width=\"800\" height=\"445\" data-id=\"3310\" src=\"https:\/\/www.johanna-tschautscher.eu\/wp-content\/uploads\/2023\/10\/Bildschirm\u00adfoto-2023-01-30-um-13.27.40-Kopie.png\" alt=\"\" class=\"wp-image-3310\" srcset=\"https:\/\/www.johanna-tschautscher.eu\/wp-content\/uploads\/2023\/10\/Bildschirm\u00adfoto-2023-01-30-um-13.27.40-Kopie.png 800w, https:\/\/www.johanna-tschautscher.eu\/wp-content\/uploads\/2023\/10\/Bildschirm\u00adfoto-2023-01-30-um-13.27.40-Kopie-300x167.png 300w, https:\/\/www.johanna-tschautscher.eu\/wp-content\/uploads\/2023\/10\/Bildschirm\u00adfoto-2023-01-30-um-13.27.40-Kopie-768x427.png 768w\" sizes=\"auto, (max-width: 800px) 100vw, 800px\" \/><\/a><\/figure>\n\n\n\n<figure class=\"wp-block-image size-large\"><a href=\"https:\/\/www.johanna-tschautscher.eu\/wp-content\/uploads\/2023\/10\/Bildschirmfoto-2023-05-15-um-08.58.58-Kopie.png\"><img loading=\"lazy\" decoding=\"async\" width=\"800\" height=\"450\" data-id=\"3319\" src=\"https:\/\/www.johanna-tschautscher.eu\/wp-content\/uploads\/2023\/10\/Bildschirmfoto-2023-05-15-um-08.58.58-Kopie.png\" alt=\"\" class=\"wp-image-3319\" srcset=\"https:\/\/www.johanna-tschautscher.eu\/wp-content\/uploads\/2023\/10\/Bildschirmfoto-2023-05-15-um-08.58.58-Kopie.png 800w, https:\/\/www.johanna-tschautscher.eu\/wp-content\/uploads\/2023\/10\/Bildschirmfoto-2023-05-15-um-08.58.58-Kopie-300x169.png 300w, https:\/\/www.johanna-tschautscher.eu\/wp-content\/uploads\/2023\/10\/Bildschirmfoto-2023-05-15-um-08.58.58-Kopie-768x432.png 768w\" sizes=\"auto, (max-width: 800px) 100vw, 800px\" \/><\/a><\/figure>\n\n\n\n<figure class=\"wp-block-image size-large\"><a href=\"https:\/\/www.johanna-tschautscher.eu\/wp-content\/uploads\/2023\/10\/Bildschirm\u00adfoto-2023-01-31-um-14.32.10-Kopie.png\"><img loading=\"lazy\" decoding=\"async\" width=\"800\" height=\"447\" data-id=\"3311\" src=\"https:\/\/www.johanna-tschautscher.eu\/wp-content\/uploads\/2023\/10\/Bildschirm\u00adfoto-2023-01-31-um-14.32.10-Kopie.png\" alt=\"\" class=\"wp-image-3311\" srcset=\"https:\/\/www.johanna-tschautscher.eu\/wp-content\/uploads\/2023\/10\/Bildschirm\u00adfoto-2023-01-31-um-14.32.10-Kopie.png 800w, https:\/\/www.johanna-tschautscher.eu\/wp-content\/uploads\/2023\/10\/Bildschirm\u00adfoto-2023-01-31-um-14.32.10-Kopie-300x168.png 300w, https:\/\/www.johanna-tschautscher.eu\/wp-content\/uploads\/2023\/10\/Bildschirm\u00adfoto-2023-01-31-um-14.32.10-Kopie-768x429.png 768w\" sizes=\"auto, (max-width: 800px) 100vw, 800px\" \/><\/a><\/figure>\n\n\n\n<figure class=\"wp-block-image size-large\"><a href=\"https:\/\/www.johanna-tschautscher.eu\/wp-content\/uploads\/2023\/10\/Bildschirmfoto-2023-10-02-um-16.11.03.png\"><img loading=\"lazy\" decoding=\"async\" width=\"800\" height=\"426\" data-id=\"3313\" src=\"https:\/\/www.johanna-tschautscher.eu\/wp-content\/uploads\/2023\/10\/Bildschirmfoto-2023-10-02-um-16.11.03.png\" alt=\"\" class=\"wp-image-3313\" srcset=\"https:\/\/www.johanna-tschautscher.eu\/wp-content\/uploads\/2023\/10\/Bildschirmfoto-2023-10-02-um-16.11.03.png 800w, https:\/\/www.johanna-tschautscher.eu\/wp-content\/uploads\/2023\/10\/Bildschirmfoto-2023-10-02-um-16.11.03-300x160.png 300w, https:\/\/www.johanna-tschautscher.eu\/wp-content\/uploads\/2023\/10\/Bildschirmfoto-2023-10-02-um-16.11.03-768x409.png 768w\" sizes=\"auto, (max-width: 800px) 100vw, 800px\" \/><\/a><\/figure>\n\n\n\n<figure class=\"wp-block-image size-large\"><a href=\"https:\/\/www.johanna-tschautscher.eu\/wp-content\/uploads\/2023\/10\/Bildschirm\u00adfoto-2023-01-28-um-08.33.33-Kopie.png\"><img loading=\"lazy\" decoding=\"async\" width=\"800\" height=\"449\" data-id=\"3312\" src=\"https:\/\/www.johanna-tschautscher.eu\/wp-content\/uploads\/2023\/10\/Bildschirm\u00adfoto-2023-01-28-um-08.33.33-Kopie.png\" alt=\"\" class=\"wp-image-3312\" srcset=\"https:\/\/www.johanna-tschautscher.eu\/wp-content\/uploads\/2023\/10\/Bildschirm\u00adfoto-2023-01-28-um-08.33.33-Kopie.png 800w, https:\/\/www.johanna-tschautscher.eu\/wp-content\/uploads\/2023\/10\/Bildschirm\u00adfoto-2023-01-28-um-08.33.33-Kopie-300x168.png 300w, https:\/\/www.johanna-tschautscher.eu\/wp-content\/uploads\/2023\/10\/Bildschirm\u00adfoto-2023-01-28-um-08.33.33-Kopie-768x431.png 768w\" sizes=\"auto, (max-width: 800px) 100vw, 800px\" \/><\/a><\/figure>\n\n\n\n<figure class=\"wp-block-image size-large\"><a href=\"https:\/\/www.johanna-tschautscher.eu\/wp-content\/uploads\/2023\/10\/Bildschirmfoto-2023-10-02-um-16.13.51.png\"><img loading=\"lazy\" decoding=\"async\" width=\"800\" height=\"430\" data-id=\"3314\" src=\"https:\/\/www.johanna-tschautscher.eu\/wp-content\/uploads\/2023\/10\/Bildschirmfoto-2023-10-02-um-16.13.51.png\" alt=\"\" class=\"wp-image-3314\" srcset=\"https:\/\/www.johanna-tschautscher.eu\/wp-content\/uploads\/2023\/10\/Bildschirmfoto-2023-10-02-um-16.13.51.png 800w, https:\/\/www.johanna-tschautscher.eu\/wp-content\/uploads\/2023\/10\/Bildschirmfoto-2023-10-02-um-16.13.51-300x161.png 300w, https:\/\/www.johanna-tschautscher.eu\/wp-content\/uploads\/2023\/10\/Bildschirmfoto-2023-10-02-um-16.13.51-768x413.png 768w\" sizes=\"auto, (max-width: 800px) 100vw, 800px\" \/><\/a><\/figure>\n\n\n\n<figure class=\"wp-block-image size-large\"><a href=\"https:\/\/www.johanna-tschautscher.eu\/wp-content\/uploads\/2023\/10\/Bildschirmfoto-2023-05-15-um-09.02.24-Kopie.png\"><img loading=\"lazy\" decoding=\"async\" width=\"800\" height=\"447\" data-id=\"3317\" src=\"https:\/\/www.johanna-tschautscher.eu\/wp-content\/uploads\/2023\/10\/Bildschirmfoto-2023-05-15-um-09.02.24-Kopie.png\" alt=\"\" class=\"wp-image-3317\" srcset=\"https:\/\/www.johanna-tschautscher.eu\/wp-content\/uploads\/2023\/10\/Bildschirmfoto-2023-05-15-um-09.02.24-Kopie.png 800w, https:\/\/www.johanna-tschautscher.eu\/wp-content\/uploads\/2023\/10\/Bildschirmfoto-2023-05-15-um-09.02.24-Kopie-300x168.png 300w, https:\/\/www.johanna-tschautscher.eu\/wp-content\/uploads\/2023\/10\/Bildschirmfoto-2023-05-15-um-09.02.24-Kopie-768x429.png 768w\" sizes=\"auto, (max-width: 800px) 100vw, 800px\" \/><\/a><\/figure>\n\n\n\n<figure class=\"wp-block-image size-large\"><a href=\"https:\/\/www.johanna-tschautscher.eu\/wp-content\/uploads\/2023\/10\/Bildschirmfoto-2023-10-02-um-16.18.48.png\"><img loading=\"lazy\" decoding=\"async\" width=\"800\" height=\"440\" data-id=\"3315\" src=\"https:\/\/www.johanna-tschautscher.eu\/wp-content\/uploads\/2023\/10\/Bildschirmfoto-2023-10-02-um-16.18.48.png\" alt=\"\" class=\"wp-image-3315\" srcset=\"https:\/\/www.johanna-tschautscher.eu\/wp-content\/uploads\/2023\/10\/Bildschirmfoto-2023-10-02-um-16.18.48.png 800w, https:\/\/www.johanna-tschautscher.eu\/wp-content\/uploads\/2023\/10\/Bildschirmfoto-2023-10-02-um-16.18.48-300x165.png 300w, https:\/\/www.johanna-tschautscher.eu\/wp-content\/uploads\/2023\/10\/Bildschirmfoto-2023-10-02-um-16.18.48-768x422.png 768w\" sizes=\"auto, (max-width: 800px) 100vw, 800px\" \/><\/a><\/figure>\n\n\n\n<figure class=\"wp-block-image size-full\"><a href=\"https:\/\/www.johanna-tschautscher.eu\/wp-content\/uploads\/2023\/10\/Bildschirm\u00adfoto-2023-01-26-um-12.06.35.png\"><img loading=\"lazy\" decoding=\"async\" width=\"800\" height=\"450\" data-id=\"3308\" src=\"https:\/\/www.johanna-tschautscher.eu\/wp-content\/uploads\/2023\/10\/Bildschirm\u00adfoto-2023-01-26-um-12.06.35.png\" alt=\"\" class=\"wp-image-3308\" srcset=\"https:\/\/www.johanna-tschautscher.eu\/wp-content\/uploads\/2023\/10\/Bildschirm\u00adfoto-2023-01-26-um-12.06.35.png 800w, https:\/\/www.johanna-tschautscher.eu\/wp-content\/uploads\/2023\/10\/Bildschirm\u00adfoto-2023-01-26-um-12.06.35-300x169.png 300w, https:\/\/www.johanna-tschautscher.eu\/wp-content\/uploads\/2023\/10\/Bildschirm\u00adfoto-2023-01-26-um-12.06.35-768x432.png 768w\" sizes=\"auto, (max-width: 800px) 100vw, 800px\" \/><\/a><\/figure>\n<\/figure>\n\n\n\n<p>&#8230;&#8230;&#8230;&#8230;&#8230;&#8230;&#8230;&#8230;&#8230;&#8230;&#8230;&#8230;&#8230;&#8230;&#8230;&#8230;&#8230;&#8230;&#8230;&#8230;&#8230;&#8230;&#8230;&#8230;&#8230;&#8230;&#8230;&#8230;&#8230;&#8230;&#8230;&#8230;&#8230;&#8230;&#8230;&#8230;&#8230;&#8230;&#8230;&#8230;&#8230;&#8230;&#8230;&#8230;&#8230;&#8230;&#8230;&#8230;&#8230;&#8230;&#8230;&#8230;&#8230;&#8230;&#8230;&#8230;&#8230;&#8230;&#8230;&#8230;&#8230;&#8230;&#8230;&#8230;&#8230;&#8230;&#8230;&#8230;&#8230;&#8230;&#8230;&#8230;&#8230;&#8230;&#8230;&#8230;&#8230;<\/p>\n\n\n\n<p>________________________________________________________________________________________________________________________________________________________________________________________<\/p>\n\n\n\n<figure class=\"wp-block-embed is-type-video is-provider-youtube wp-block-embed-youtube wp-embed-aspect-16-9 wp-has-aspect-ratio\"><div class=\"wp-block-embed__wrapper\">\n<iframe loading=\"lazy\" title=\"Trailer \/ Rene\u0301 Girard: Der lange Weg von der Gewalt zur Liebe\" width=\"500\" height=\"281\" src=\"https:\/\/www.youtube.com\/embed\/CpNRoTkLdAE?feature=oembed\" frameborder=\"0\" allow=\"accelerometer; autoplay; clipboard-write; encrypted-media; gyroscope; picture-in-picture; web-share\" referrerpolicy=\"strict-origin-when-cross-origin\" allowfullscreen><\/iframe>\n<\/div><\/figure>\n\n\n\n<p>Essayfilm, 65 min, AUT 2023<br>Regie\/Kamera\/Schnitt\/Buch: Johanna Tschautscher<br>Musik: Gerald H\u00f6fler<br>Sprecher: Cornelius Obonya<br>Schauspiel: Tara Ewers, Lieselotte Judith H\u00f6fler, J\u00fcrgen Matzat<br>Sprache: Deutsch<br>Untertitel: keine<\/p>\n\n\n\n<p>Mit: Prof. Dr. Wolfgang Palaver, Dr. PD Petra Steinmair-P\u00f6sel, Dr. phil Samuel Jakob, Ruth Jakob-Gautschi, Seminarteilnehmer<\/p>\n\n\n\n<p><\/p>\n\n\n\n<p><a href=\"https:\/\/www.johanna-tschautscher.eu\/?page_id=3323\" data-type=\"page\" data-id=\"3323\">Inhalt<\/a> \/ <a href=\"https:\/\/www.johanna-tschautscher.eu\/?page_id=3331\" data-type=\"page\" data-id=\"3331\">Regiestatement<\/a><\/p>\n\n\n\n<p>&#8230;&#8230;&#8230;&#8230;&#8230;&#8230;&#8230;&#8230;&#8230;&#8230;&#8230;.<\/p>\n\n\n\n<p><a href=\"https:\/\/www.uibk.ac.at\/de\/events\/info\/2023\/abschiedsvorlesung-wolfgang-palaver\/\">Vorpremiere \u00d6sterreich: 6. Oktober, Universit\u00e4t Innsbruck, 17 Uhr<\/a><\/p>\n\n\n\n<p><a href=\"https:\/\/www.oberwilerkurse.ch\/kurse\/von-der-gewalt-zur-liebe-11-11-23\/\">Vorpremiere Schweiz: 11. November, Oberwil bei Zug, 19 Uhr<\/a><\/p>\n\n\n\n<p>Geschlossene Veranstaltung: 5. J\u00e4nner 2024, Ritzing<\/p>\n\n\n\n<p>Geschlossene Veranstaltung: 20. J\u00e4nner 2024, Wien<\/p>\n\n\n\n<p>Geschlossene Veranstaltung: 27. J\u00e4nner 2024, Linz<\/p>\n\n\n\n<p>6. April 2024, Wien, Verein Generation Grundeinkommen, Anmeldung via Kontaktformular erforderlich<\/p>\n\n\n\n<p>27. April 2024, Lichtenberg, Anmeldung via Kontaktformular erforderlich<\/p>\n\n\n\n<p>&#8230;&#8230;&#8230;&#8230;&#8230;&#8230;&#8230;&#8230;&#8230;&#8230;&#8230;.<\/p>\n\n\n\n<p><\/p>\n\n\n\n<p>Der Film ist \u00fcber das Kontaktformular im Format USB Stick in voller Qualit\u00e4t bestellbar.<\/p>\n\n\n\n<p>Film: \u20ac 24,- plus Porto<\/p>\n\n\n\n<p>&#8230;&#8230;&#8230;&#8230;&#8230;&#8230;&#8230;&#8230;&#8230;&#8230;&#8230;&#8230;<\/p>\n\n\n\n<figure class=\"wp-block-image size-large is-resized\"><a href=\"https:\/\/www.johanna-tschautscher.eu\/wp-content\/uploads\/2022\/04\/Folie1.jpeg\"><img loading=\"lazy\" decoding=\"async\" width=\"1024\" height=\"576\" src=\"https:\/\/www.johanna-tschautscher.eu\/wp-content\/uploads\/2022\/04\/Folie1-1024x576.jpeg\" alt=\"\" class=\"wp-image-3255\" srcset=\"https:\/\/www.johanna-tschautscher.eu\/wp-content\/uploads\/2022\/04\/Folie1-1024x576.jpeg 1024w, https:\/\/www.johanna-tschautscher.eu\/wp-content\/uploads\/2022\/04\/Folie1-300x169.jpeg 300w, https:\/\/www.johanna-tschautscher.eu\/wp-content\/uploads\/2022\/04\/Folie1-768x432.jpeg 768w, https:\/\/www.johanna-tschautscher.eu\/wp-content\/uploads\/2022\/04\/Folie1-1536x864.jpeg 1536w, https:\/\/www.johanna-tschautscher.eu\/wp-content\/uploads\/2022\/04\/Folie1-2048x1152.jpeg 2048w, https:\/\/www.johanna-tschautscher.eu\/wp-content\/uploads\/2022\/04\/Folie1-1320x743.jpeg 1320w\" sizes=\"auto, (max-width: 1024px) 100vw, 1024px\" \/><\/a><\/figure>\n\n\n\n<figure class=\"wp-block-image size-large is-resized\"><a href=\"https:\/\/www.johanna-tschautscher.eu\/wp-content\/uploads\/2022\/04\/Folie3.jpeg\"><img loading=\"lazy\" decoding=\"async\" width=\"1024\" height=\"576\" src=\"https:\/\/www.johanna-tschautscher.eu\/wp-content\/uploads\/2022\/04\/Folie3-1024x576.jpeg\" alt=\"\" class=\"wp-image-3257\" srcset=\"https:\/\/www.johanna-tschautscher.eu\/wp-content\/uploads\/2022\/04\/Folie3-1024x576.jpeg 1024w, https:\/\/www.johanna-tschautscher.eu\/wp-content\/uploads\/2022\/04\/Folie3-300x169.jpeg 300w, https:\/\/www.johanna-tschautscher.eu\/wp-content\/uploads\/2022\/04\/Folie3-768x432.jpeg 768w, https:\/\/www.johanna-tschautscher.eu\/wp-content\/uploads\/2022\/04\/Folie3-1536x864.jpeg 1536w, https:\/\/www.johanna-tschautscher.eu\/wp-content\/uploads\/2022\/04\/Folie3-2048x1152.jpeg 2048w, https:\/\/www.johanna-tschautscher.eu\/wp-content\/uploads\/2022\/04\/Folie3-1320x743.jpeg 1320w\" sizes=\"auto, (max-width: 1024px) 100vw, 1024px\" \/><\/a><\/figure>\n\n\n\n<figure class=\"wp-block-image size-large is-resized\"><a href=\"https:\/\/www.johanna-tschautscher.eu\/wp-content\/uploads\/2022\/04\/Folie4.jpeg\"><img loading=\"lazy\" decoding=\"async\" width=\"1024\" height=\"576\" src=\"https:\/\/www.johanna-tschautscher.eu\/wp-content\/uploads\/2022\/04\/Folie4-1024x576.jpeg\" alt=\"\" class=\"wp-image-3258\" srcset=\"https:\/\/www.johanna-tschautscher.eu\/wp-content\/uploads\/2022\/04\/Folie4-1024x576.jpeg 1024w, https:\/\/www.johanna-tschautscher.eu\/wp-content\/uploads\/2022\/04\/Folie4-300x169.jpeg 300w, https:\/\/www.johanna-tschautscher.eu\/wp-content\/uploads\/2022\/04\/Folie4-768x432.jpeg 768w, https:\/\/www.johanna-tschautscher.eu\/wp-content\/uploads\/2022\/04\/Folie4-1536x864.jpeg 1536w, https:\/\/www.johanna-tschautscher.eu\/wp-content\/uploads\/2022\/04\/Folie4-2048x1152.jpeg 2048w, https:\/\/www.johanna-tschautscher.eu\/wp-content\/uploads\/2022\/04\/Folie4-1320x743.jpeg 1320w\" sizes=\"auto, (max-width: 1024px) 100vw, 1024px\" \/><\/a><\/figure>\n","protected":false},"excerpt":{"rendered":"<p>&#8230;&#8230;&#8230;&#8230;&#8230;&#8230;&#8230;&#8230;&#8230;&#8230;&#8230;&#8230;&#8230;&#8230;&#8230;&#8230;&#8230;&#8230;&#8230;&#8230;&#8230;&#8230;&#8230;&#8230;&#8230;&#8230;&#8230;&#8230;&#8230;&#8230;&#8230;&#8230;&#8230;&#8230;&#8230;&#8230;&#8230;&#8230;&#8230;&#8230;&#8230;&#8230;&#8230;&#8230;&#8230;&#8230;&#8230;&#8230;&#8230;&#8230;&#8230;&#8230;&#8230;&#8230;&#8230;&#8230;&#8230;&#8230;&#8230;&#8230;&#8230;&#8230;&#8230;&#8230;&#8230;&#8230;&#8230;&#8230;&#8230;&#8230;&#8230;&#8230;&#8230;&#8230;&#8230;&#8230;&#8230; ________________________________________________________________________________________________________________________________________________________________________________________ Essayfilm, 65 min, AUT 2023Regie\/Kamera\/Schnitt\/Buch: Johanna TschautscherMusik: Gerald H\u00f6flerSprecher: Cornelius ObonyaSchauspiel: Tara Ewers, Lieselotte Judith H\u00f6fler, J\u00fcrgen MatzatSprache: DeutschUntertitel: keine Mit: Prof. Dr. Wolfgang Palaver, Dr. PD Petra Steinmair-P\u00f6sel, Dr. phil Samuel Jakob, Ruth Jakob-Gautschi, Seminarteilnehmer Inhalt \/ Regiestatement &#8230;&#8230;&#8230;&#8230;&#8230;&#8230;&#8230;&#8230;&#8230;&#8230;&#8230;. Vorpremiere \u00d6sterreich: 6. Oktober, Universit\u00e4t Innsbruck, 17 Uhr Vorpremiere Schweiz: 11. November, Oberwil [&hellip;]<\/p>\n","protected":false},"author":1,"featured_media":3255,"parent":0,"menu_order":0,"comment_status":"closed","ping_status":"closed","template":"page-full-width.php","meta":{"ngg_post_thumbnail":0,"footnotes":""},"class_list":["post-3264","page","type-page","status-publish","has-post-thumbnail","hentry"],"_links":{"self":[{"href":"https:\/\/www.johanna-tschautscher.eu\/index.php\/wp-json\/wp\/v2\/pages\/3264","targetHints":{"allow":["GET"]}}],"collection":[{"href":"https:\/\/www.johanna-tschautscher.eu\/index.php\/wp-json\/wp\/v2\/pages"}],"about":[{"href":"https:\/\/www.johanna-tschautscher.eu\/index.php\/wp-json\/wp\/v2\/types\/page"}],"author":[{"embeddable":true,"href":"https:\/\/www.johanna-tschautscher.eu\/index.php\/wp-json\/wp\/v2\/users\/1"}],"replies":[{"embeddable":true,"href":"https:\/\/www.johanna-tschautscher.eu\/index.php\/wp-json\/wp\/v2\/comments?post=3264"}],"version-history":[{"count":43,"href":"https:\/\/www.johanna-tschautscher.eu\/index.php\/wp-json\/wp\/v2\/pages\/3264\/revisions"}],"predecessor-version":[{"id":3899,"href":"https:\/\/www.johanna-tschautscher.eu\/index.php\/wp-json\/wp\/v2\/pages\/3264\/revisions\/3899"}],"wp:featuredmedia":[{"embeddable":true,"href":"https:\/\/www.johanna-tschautscher.eu\/index.php\/wp-json\/wp\/v2\/media\/3255"}],"wp:attachment":[{"href":"https:\/\/www.johanna-tschautscher.eu\/index.php\/wp-json\/wp\/v2\/media?parent=3264"}],"curies":[{"name":"wp","href":"https:\/\/api.w.org\/{rel}","templated":true}]}}