{"id":324,"date":"2015-01-11T13:06:34","date_gmt":"2015-01-11T12:06:34","guid":{"rendered":"http:\/\/www.johanna-tschautscher.eu\/?page_id=324"},"modified":"2015-01-14T15:41:45","modified_gmt":"2015-01-14T14:41:45","slug":"die-wassergoettin-wie-ich-den-bann-des-voodoo-brach","status":"publish","type":"page","link":"https:\/\/www.johanna-tschautscher.eu\/index.php\/buecher\/die-wassergoettin-wie-ich-den-bann-des-voodoo-brach\/","title":{"rendered":"Die Wasserg\u00f6ttin &#8211; Wie ich den Bann des Voodoo brach"},"content":{"rendered":"<p style=\"text-align: justify;\">Inhalt:<\/p>\n<p style=\"text-align: justify;\">Johanna Tschautscher schreibt als Ghostwriterin f\u00fcr Joana Adesuwa Reiterer<\/p>\n<p style=\"text-align: justify;\">Adesuwa w\u00e4chst in Nigeria auf. Sie entstammt einer wohlhabenden Familie und erlebt eine unbeschwerte Kindheit. Doch das Gl\u00fcck zerbricht j\u00e4h. Nach herben gesch\u00e4ftlichen Fehlschl\u00e4gen f\u00e4llt ihr geliebter Vater in die heidnischen Traditionen seines Landes zur\u00fcck: Er macht seine Frau f\u00fcr den Misserfolg verantwortlich und bezichtigt sie der Hexerei. Als sie die Familie verl\u00e4sst, geraten auch die beiden minderj\u00e4hrigen T\u00f6chter ins Visier. Damit verstrickt sich Adesuwa in einen Teufelskreis, aus dem es kein Entrinnen zu geben scheint. Sie muss den Vater verlassen, er glaubt fest daran, sie w\u00e4re eine &#8222;Wasserhexe&#8220;. Als solche habe sie magische Kr\u00e4fte und werde nie heiraten.<br \/>\nDer mutige Lebensbericht einer starken Frau<\/p>\n","protected":false},"excerpt":{"rendered":"<p>Inhalt: Johanna Tschautscher schreibt als Ghostwriterin f\u00fcr Joana Adesuwa Reiterer Adesuwa w\u00e4chst in Nigeria auf. Sie entstammt einer wohlhabenden Familie und erlebt eine unbeschwerte Kindheit. Doch das Gl\u00fcck zerbricht j\u00e4h. Nach herben gesch\u00e4ftlichen Fehlschl\u00e4gen f\u00e4llt ihr geliebter Vater in die heidnischen Traditionen seines Landes zur\u00fcck: Er macht seine Frau f\u00fcr den Misserfolg verantwortlich und bezichtigt [&hellip;]<\/p>\n","protected":false},"author":1,"featured_media":0,"parent":312,"menu_order":0,"comment_status":"closed","ping_status":"closed","template":"","meta":{"ngg_post_thumbnail":0,"footnotes":""},"class_list":["post-324","page","type-page","status-publish","hentry"],"_links":{"self":[{"href":"https:\/\/www.johanna-tschautscher.eu\/index.php\/wp-json\/wp\/v2\/pages\/324","targetHints":{"allow":["GET"]}}],"collection":[{"href":"https:\/\/www.johanna-tschautscher.eu\/index.php\/wp-json\/wp\/v2\/pages"}],"about":[{"href":"https:\/\/www.johanna-tschautscher.eu\/index.php\/wp-json\/wp\/v2\/types\/page"}],"author":[{"embeddable":true,"href":"https:\/\/www.johanna-tschautscher.eu\/index.php\/wp-json\/wp\/v2\/users\/1"}],"replies":[{"embeddable":true,"href":"https:\/\/www.johanna-tschautscher.eu\/index.php\/wp-json\/wp\/v2\/comments?post=324"}],"version-history":[{"count":4,"href":"https:\/\/www.johanna-tschautscher.eu\/index.php\/wp-json\/wp\/v2\/pages\/324\/revisions"}],"predecessor-version":[{"id":802,"href":"https:\/\/www.johanna-tschautscher.eu\/index.php\/wp-json\/wp\/v2\/pages\/324\/revisions\/802"}],"up":[{"embeddable":true,"href":"https:\/\/www.johanna-tschautscher.eu\/index.php\/wp-json\/wp\/v2\/pages\/312"}],"wp:attachment":[{"href":"https:\/\/www.johanna-tschautscher.eu\/index.php\/wp-json\/wp\/v2\/media?parent=324"}],"curies":[{"name":"wp","href":"https:\/\/api.w.org\/{rel}","templated":true}]}}