{"id":322,"date":"2015-01-11T13:05:46","date_gmt":"2015-01-11T12:05:46","guid":{"rendered":"http:\/\/www.johanna-tschautscher.eu\/?page_id=322"},"modified":"2015-01-14T15:41:24","modified_gmt":"2015-01-14T14:41:24","slug":"die-sieben-raben","status":"publish","type":"page","link":"https:\/\/www.johanna-tschautscher.eu\/index.php\/buecher\/die-sieben-raben\/","title":{"rendered":"Die sieben Raben"},"content":{"rendered":"<p><a href=\"http:\/\/www.johanna-tschautscher.eu\/wp-content\/uploads\/2015\/01\/Sieben-Raben-Cover-homepage-2.jpg\"><img loading=\"lazy\" decoding=\"async\" class=\"alignright wp-image-375\" src=\"http:\/\/www.johanna-tschautscher.eu\/wp-content\/uploads\/2015\/01\/Sieben-Raben-Cover-homepage-2.jpg\" alt=\"Sieben-Raben-Cover homepage 2\" width=\"200\" height=\"307\" srcset=\"https:\/\/www.johanna-tschautscher.eu\/wp-content\/uploads\/2015\/01\/Sieben-Raben-Cover-homepage-2.jpg 520w, https:\/\/www.johanna-tschautscher.eu\/wp-content\/uploads\/2015\/01\/Sieben-Raben-Cover-homepage-2-195x300.jpg 195w\" sizes=\"auto, (max-width: 200px) 100vw, 200px\" \/><\/a>Inhalt:<\/p>\n<p>&nbsp;<\/p>\n<p style=\"text-align: justify;\">Savariella Calvaruso, Tochter der Aristokratin Rita Esperate und des Mafiaanwaltes Salvatore Calvaruso w\u00e4chst mit ihren sieben Geschwistern auf einem Landgut in Sizilien auf. Die Mutter liebt den Bankdirektor Lorenzo di Scopello. Der Vater, Salvatore s\u00fchnt den Ehebruch mit einem Mord. Gesch\u00fctzt von der Mafia zieht Salvatore mit seiner Frau und Savariella nach Florenz. Die sieben Geschwister bleiben in Sizilien bei einem Onkel.<br \/>\nNach achtzehn Jahren steht das Haus der Calvarusos in Florenz in Flammen. Vater und Mutter liegen ermordet vor dem Haus. Savariella steht alleine vor den Leichen. Vage Erinnerungen an eine verlorene Kindheit veranlassen sie zu einer Reise nach Sizilien. Auf der F\u00e4hre trifft sie ihren j\u00fcngsten Bruder Antonino, den sie immer in ihren Tr\u00e4umen gesehen hat. Ungeachtet der Zeit, die vergangen ist, erkennen sie einander wieder und lieben sich wie Mann und Frau. Aber Antonino ist kriminell. Von der \u201aFamilie\u2019 erzogen, versucht er ein Don zu werden. Er hat Vater und Mutter verbrannt, weil der Vater im Begriff gewesen war auszupacken. Antonino, der Bruder wird wegen mehrer Verbrechen von der Justiz gesucht.<br \/>\nSavariella versucht ihn zu retten. Nicht nur vor der Justiz. Auch vor dem Fluch in einer Mafiafamilie geboren worden zu sein. Sie glaubt an ihre Liebe und an einen Jungen, der einst in ihrem Garten getanzt hat. \u201eWer bist du, Antonino Calvaruso, kannst du dich erinnern wer du warst, bevor unser Vater uns verflucht hat?\u201c<br \/>\nDer Glaube einer jungen Frau an eine Erinnerung steht zwischen russischen Kartellen, der sizilianischen Cosa Nostra, der Gerechtigkeit der Justiz und ihrer eigenen Identit\u00e4t.<\/p>\n<p>Coverbild: Beni Altm\u00fcller<\/p>\n","protected":false},"excerpt":{"rendered":"<p>Inhalt: &nbsp; Savariella Calvaruso, Tochter der Aristokratin Rita Esperate und des Mafiaanwaltes Salvatore Calvaruso w\u00e4chst mit ihren sieben Geschwistern auf einem Landgut in Sizilien auf. Die Mutter liebt den Bankdirektor Lorenzo di Scopello. Der Vater, Salvatore s\u00fchnt den Ehebruch mit einem Mord. Gesch\u00fctzt von der Mafia zieht Salvatore mit seiner Frau und Savariella nach Florenz. [&hellip;]<\/p>\n","protected":false},"author":1,"featured_media":0,"parent":312,"menu_order":0,"comment_status":"closed","ping_status":"closed","template":"","meta":{"ngg_post_thumbnail":0,"footnotes":""},"class_list":["post-322","page","type-page","status-publish","hentry"],"_links":{"self":[{"href":"https:\/\/www.johanna-tschautscher.eu\/index.php\/wp-json\/wp\/v2\/pages\/322","targetHints":{"allow":["GET"]}}],"collection":[{"href":"https:\/\/www.johanna-tschautscher.eu\/index.php\/wp-json\/wp\/v2\/pages"}],"about":[{"href":"https:\/\/www.johanna-tschautscher.eu\/index.php\/wp-json\/wp\/v2\/types\/page"}],"author":[{"embeddable":true,"href":"https:\/\/www.johanna-tschautscher.eu\/index.php\/wp-json\/wp\/v2\/users\/1"}],"replies":[{"embeddable":true,"href":"https:\/\/www.johanna-tschautscher.eu\/index.php\/wp-json\/wp\/v2\/comments?post=322"}],"version-history":[{"count":6,"href":"https:\/\/www.johanna-tschautscher.eu\/index.php\/wp-json\/wp\/v2\/pages\/322\/revisions"}],"predecessor-version":[{"id":783,"href":"https:\/\/www.johanna-tschautscher.eu\/index.php\/wp-json\/wp\/v2\/pages\/322\/revisions\/783"}],"up":[{"embeddable":true,"href":"https:\/\/www.johanna-tschautscher.eu\/index.php\/wp-json\/wp\/v2\/pages\/312"}],"wp:attachment":[{"href":"https:\/\/www.johanna-tschautscher.eu\/index.php\/wp-json\/wp\/v2\/media?parent=322"}],"curies":[{"name":"wp","href":"https:\/\/api.w.org\/{rel}","templated":true}]}}