{"id":320,"date":"2015-01-11T13:05:08","date_gmt":"2015-01-11T12:05:08","guid":{"rendered":"http:\/\/www.johanna-tschautscher.eu\/?page_id=320"},"modified":"2015-01-14T15:40:04","modified_gmt":"2015-01-14T14:40:04","slug":"der-garten-in-der-wueste","status":"publish","type":"page","link":"https:\/\/www.johanna-tschautscher.eu\/index.php\/buecher\/der-garten-in-der-wueste\/","title":{"rendered":"Der Garten in der W\u00fcste"},"content":{"rendered":"<p style=\"text-align: justify;\"><strong>Inhalt:<\/strong><\/p>\n<p style=\"text-align: justify;\">Vier Geschwister errichten an der Nordwestk\u00fcste Afrikas ein Ozeankraftwerk, einen Garten in der W\u00fcste.<\/p>\n<p style=\"text-align: justify;\">Alexander, der \u00c4lteste und unfreiwillig Intellektuelle, f\u00fchlt sich in die kalte Welt gesto\u00dfen, Gott h\u00e4tte sich mit seiner Geburt geirrt, seine Entstehung sei nur eine Sache der Biologie, nicht des Himmels, der mit der Erschaffung der Welt einem Irrtum unterlag, weil sich das G\u00f6ttliche nur in seiner Singularit\u00e4t begreifen lasse, die \u201cAufspaltung\u201d in die Welt und ihrer Vielschichtigkeit sei nur ein schmerzvoller Versuch das Unbegreifliche lebbar zu machen.<br \/>\nLisa, auf seltsame Weise mit Alexandre verbunden, nimmt die Welt durch Schwingungen wahr. Sie ist f\u00e4hig ihre Kr\u00e4fte anderen zur Verf\u00fcgung zu stellen, reflektorische Ma\u00dfnahmen zu ergreifen, um St\u00f6rungen im Harmoniehaushalt von Lebewesen auszugleichen, aber durch Widrigkeiten verletzbar, an den Rand der Existenz zu bringen.\u201d<br \/>\nMaximilian, von Geburt an mit dem naturwissenschaftlich orientierten Vater verbunden, interessiert sich vor allem f\u00fcr die Naturgesetze, er verbringt seine Zeit im v\u00e4terlichen Forschungszentrum, erledigt die physikalischen Auftr\u00e4ge, w\u00e4hrend der Vater auf dem Weg ist die Welt zu perfektionieren, er will das Unm\u00f6gliche, n\u00e4mlich das Sonnenlicht koh\u00e4rent zu machen.<br \/>\nF\u00fcr die extravagante Arabella bleibt das Offensichtliche. Sie studiert L\u00e4nder, V\u00f6lker, Kulturen, ihr bleiben die \u00c4sthetik, das Sch\u00f6ne, die Kunst. Sie wei\u00df zu gefallen und gef\u00e4llt, die Wege in die Welt \u00f6ffnen ihr einflussreiche Pers\u00f6nlichkeiten, denen sie sich hingibt. Sie wird die Geschwister verbinden. Sie macht deren spezialisierten F\u00e4higkeiten irdisch und stellt ihnen in der W\u00fcste in Mauretanien Land zur Verf\u00fcgung, f\u00fcr ein Ozeankraftwerk, das Strom und Trinkwasser erzeugt.<\/p>\n","protected":false},"excerpt":{"rendered":"<p>Inhalt: Vier Geschwister errichten an der Nordwestk\u00fcste Afrikas ein Ozeankraftwerk, einen Garten in der W\u00fcste. Alexander, der \u00c4lteste und unfreiwillig Intellektuelle, f\u00fchlt sich in die kalte Welt gesto\u00dfen, Gott h\u00e4tte sich mit seiner Geburt geirrt, seine Entstehung sei nur eine Sache der Biologie, nicht des Himmels, der mit der Erschaffung der Welt einem Irrtum unterlag, [&hellip;]<\/p>\n","protected":false},"author":1,"featured_media":0,"parent":312,"menu_order":0,"comment_status":"closed","ping_status":"closed","template":"","meta":{"ngg_post_thumbnail":0,"footnotes":""},"class_list":["post-320","page","type-page","status-publish","hentry"],"_links":{"self":[{"href":"https:\/\/www.johanna-tschautscher.eu\/index.php\/wp-json\/wp\/v2\/pages\/320","targetHints":{"allow":["GET"]}}],"collection":[{"href":"https:\/\/www.johanna-tschautscher.eu\/index.php\/wp-json\/wp\/v2\/pages"}],"about":[{"href":"https:\/\/www.johanna-tschautscher.eu\/index.php\/wp-json\/wp\/v2\/types\/page"}],"author":[{"embeddable":true,"href":"https:\/\/www.johanna-tschautscher.eu\/index.php\/wp-json\/wp\/v2\/users\/1"}],"replies":[{"embeddable":true,"href":"https:\/\/www.johanna-tschautscher.eu\/index.php\/wp-json\/wp\/v2\/comments?post=320"}],"version-history":[{"count":4,"href":"https:\/\/www.johanna-tschautscher.eu\/index.php\/wp-json\/wp\/v2\/pages\/320\/revisions"}],"predecessor-version":[{"id":979,"href":"https:\/\/www.johanna-tschautscher.eu\/index.php\/wp-json\/wp\/v2\/pages\/320\/revisions\/979"}],"up":[{"embeddable":true,"href":"https:\/\/www.johanna-tschautscher.eu\/index.php\/wp-json\/wp\/v2\/pages\/312"}],"wp:attachment":[{"href":"https:\/\/www.johanna-tschautscher.eu\/index.php\/wp-json\/wp\/v2\/media?parent=320"}],"curies":[{"name":"wp","href":"https:\/\/api.w.org\/{rel}","templated":true}]}}