{"id":312,"date":"2015-01-11T13:00:51","date_gmt":"2015-01-11T12:00:51","guid":{"rendered":"http:\/\/www.johanna-tschautscher.eu\/?page_id=312"},"modified":"2024-12-29T19:29:04","modified_gmt":"2024-12-29T18:29:04","slug":"buecher","status":"publish","type":"page","link":"https:\/\/www.johanna-tschautscher.eu\/index.php\/buecher\/","title":{"rendered":"Buch\/Drehbuch\/H\u00f6rspiel"},"content":{"rendered":"<div class=\"wp-block-image\">\n<figure class=\"alignright\"><a href=\"https:\/\/www.johanna-tschautscher.eu\/wp-content\/uploads\/2015\/01\/johanna7.jpg\"><img loading=\"lazy\" decoding=\"async\" width=\"1700\" height=\"1100\" src=\"http:\/\/www.johanna-tschautscher.eu\/wp-content\/uploads\/2015\/01\/johanna7.jpg\" alt=\"\" class=\"wp-image-906\" srcset=\"https:\/\/www.johanna-tschautscher.eu\/wp-content\/uploads\/2015\/01\/johanna7.jpg 1700w, https:\/\/www.johanna-tschautscher.eu\/wp-content\/uploads\/2015\/01\/johanna7-300x194.jpg 300w, https:\/\/www.johanna-tschautscher.eu\/wp-content\/uploads\/2015\/01\/johanna7-1024x663.jpg 1024w\" sizes=\"auto, (max-width: 1700px) 100vw, 1700px\" \/><\/a><\/figure><\/div>\n\n\n<div style=\"height:43px\" aria-hidden=\"true\" class=\"wp-block-spacer\"><\/div>\n\n\n\n<h3 class=\"wp-block-heading\"><strong>PROSA<\/strong><\/h3>\n\n\n\n<hr class=\"wp-block-separator has-alpha-channel-opacity\"\/>\n\n\n\n<p><strong>2010<\/strong><br><a href=\"https:\/\/www.johanna-tschautscher.eu\/?page_id=328\" data-type=\"page\" data-id=\"328\">JEANNE D&#8217;ARC BEENDET DEN HEILIGEN KRIEG<\/a><br>Roman<br>Albatros<\/p>\n\n\n\n<hr class=\"wp-block-separator has-alpha-channel-opacity\"\/>\n\n\n\n<p><strong>2010<\/strong><br><a href=\"https:\/\/www.johanna-tschautscher.eu\/?page_id=333\" data-type=\"page\" data-id=\"333\">VERGEBT UNS IHR HERREN<\/a><br>Erz\u00e4hlung<br>Arovell<\/p>\n\n\n\n<hr class=\"wp-block-separator has-alpha-channel-opacity\"\/>\n\n\n\n<p><strong>2008<\/strong><br>Auftragsarbeit f\u00fcr Joana Adesuwa Reiterer<br><a href=\"https:\/\/www.johanna-tschautscher.eu\/?page_id=324\" data-type=\"page\" data-id=\"324\">DIE WASSERG\u00d6TTIN<\/a><br>Roman<br>Weltbild, Droemer-Knaur<\/p>\n\n\n\n<hr class=\"wp-block-separator has-alpha-channel-opacity\"\/>\n\n\n\n<p><strong>2007<\/strong><br><a href=\"https:\/\/www.johanna-tschautscher.eu\/?page_id=322\" data-type=\"page\" data-id=\"322\">DIE SIEBEN RABEN<\/a><br>Roman<br>Albatros<\/p>\n\n\n\n<hr class=\"wp-block-separator has-alpha-channel-opacity\"\/>\n\n\n\n<p><strong>2005<\/strong><br><a href=\"https:\/\/www.johanna-tschautscher.eu\/?page_id=326\" data-type=\"page\" data-id=\"326\">IDENTIT\u00c4T<\/a><br>Texte<br>Arovell<\/p>\n\n\n\n<hr class=\"wp-block-separator has-alpha-channel-opacity\"\/>\n\n\n\n<p><strong>2001<\/strong><br><a href=\"https:\/\/www.johanna-tschautscher.eu\/?page_id=320\" data-type=\"page\" data-id=\"320\">DER GARTEN IN DER W\u00dcSTE<\/a><br>Roman<br>Arovell<\/p>\n\n\n\n<hr class=\"wp-block-separator has-alpha-channel-opacity\"\/>\n\n\n\n<h3 class=\"wp-block-heading\"><strong>H\u00d6RSPIEL<\/strong><\/h3>\n\n\n\n<hr class=\"wp-block-separator has-alpha-channel-opacity\"\/>\n\n\n\n<p><strong>2011<\/strong><\/p>\n\n\n\n<p><a href=\"https:\/\/www.johanna-tschautscher.eu\/?page_id=516\" data-type=\"page\" data-id=\"516\">DIE SIEBEN RABEN<\/a><\/p>\n\n\n\n<p>eine Produktion von \u00d61 und Deutschland Radio Kultur<\/p>\n\n\n\n<p>nominiert zum H\u00f6rspiel 2011<\/p>\n\n\n\n<hr class=\"wp-block-separator has-alpha-channel-opacity\"\/>\n\n\n\n<h3 class=\"wp-block-heading\"><strong>DREHBUCH<\/strong><\/h3>\n\n\n\n<hr class=\"wp-block-separator has-alpha-channel-opacity\"\/>\n\n\n\n<p><strong>2006<\/strong><br>DIE SIEBEN RABEN<br>Spielfilm<\/p>\n\n\n\n<hr class=\"wp-block-separator has-alpha-channel-opacity\"\/>\n\n\n\n<p><strong>2002<\/strong><br>DER WALD<br>Spielfilm<\/p>\n\n\n\n<hr class=\"wp-block-separator has-alpha-channel-opacity\"\/>\n\n\n\n<h3 class=\"wp-block-heading\"><strong>THEATERST\u00dcCKE<\/strong><\/h3>\n\n\n\n<hr class=\"wp-block-separator has-alpha-channel-opacity\"\/>\n\n\n\n<p><strong>2005<\/strong><br><a href=\"https:\/\/www.johanna-tschautscher.eu\/?page_id=330\" data-type=\"page\" data-id=\"330\">SHAREHOLDER VALUE<\/a><br>Schauspiel<\/p>\n\n\n\n<hr class=\"wp-block-separator has-alpha-channel-opacity\"\/>\n\n\n\n<p><strong>2001<\/strong><br>DIE MUTTER DIE ES NICHT GAB<br>Schauspiel<br>Urauff\u00fchrung Kosmos Theater Wien 2001<\/p>\n\n\n\n<p>Regie: Anna Hauer<\/p>\n\n\n\n<hr class=\"wp-block-separator has-alpha-channel-opacity\"\/>\n\n\n\n<p><strong>1999<\/strong><br>IMAGO<br>Schauspiel<\/p>\n\n\n\n<hr class=\"wp-block-separator has-alpha-channel-opacity\"\/>\n\n\n\n<p><strong>1998<\/strong><br>DER WALD<br>Schauspiel<\/p>\n\n\n\n<hr class=\"wp-block-separator has-alpha-channel-opacity\"\/>\n\n\n\n<p><strong>1993<\/strong><br>H\u00d6LLE IN DER KRISE<br>Schauspiel<br>Urauff\u00fchrung Graumannstudio Wien 1993<\/p>\n\n\n\n<hr class=\"wp-block-separator has-alpha-channel-opacity\"\/>\n\n\n\n<p>&nbsp;<\/p>\n\n\n\n<p>&nbsp;<\/p>\n","protected":false},"excerpt":{"rendered":"<p>PROSA 2010JEANNE D&#8217;ARC BEENDET DEN HEILIGEN KRIEGRomanAlbatros 2010VERGEBT UNS IHR HERRENErz\u00e4hlungArovell 2008Auftragsarbeit f\u00fcr Joana Adesuwa ReitererDIE WASSERG\u00d6TTINRomanWeltbild, Droemer-Knaur 2007DIE SIEBEN RABENRomanAlbatros 2005IDENTIT\u00c4TTexteArovell 2001DER GARTEN IN DER W\u00dcSTERomanArovell H\u00d6RSPIEL 2011 DIE SIEBEN RABEN eine Produktion von \u00d61 und Deutschland Radio Kultur nominiert zum H\u00f6rspiel 2011 DREHBUCH 2006DIE SIEBEN RABENSpielfilm 2002DER WALDSpielfilm THEATERST\u00dcCKE 2005SHAREHOLDER VALUESchauspiel 2001DIE MUTTER [&hellip;]<\/p>\n","protected":false},"author":1,"featured_media":0,"parent":0,"menu_order":0,"comment_status":"closed","ping_status":"closed","template":"","meta":{"ngg_post_thumbnail":0,"footnotes":""},"class_list":["post-312","page","type-page","status-publish","hentry"],"_links":{"self":[{"href":"https:\/\/www.johanna-tschautscher.eu\/index.php\/wp-json\/wp\/v2\/pages\/312","targetHints":{"allow":["GET"]}}],"collection":[{"href":"https:\/\/www.johanna-tschautscher.eu\/index.php\/wp-json\/wp\/v2\/pages"}],"about":[{"href":"https:\/\/www.johanna-tschautscher.eu\/index.php\/wp-json\/wp\/v2\/types\/page"}],"author":[{"embeddable":true,"href":"https:\/\/www.johanna-tschautscher.eu\/index.php\/wp-json\/wp\/v2\/users\/1"}],"replies":[{"embeddable":true,"href":"https:\/\/www.johanna-tschautscher.eu\/index.php\/wp-json\/wp\/v2\/comments?post=312"}],"version-history":[{"count":31,"href":"https:\/\/www.johanna-tschautscher.eu\/index.php\/wp-json\/wp\/v2\/pages\/312\/revisions"}],"predecessor-version":[{"id":3812,"href":"https:\/\/www.johanna-tschautscher.eu\/index.php\/wp-json\/wp\/v2\/pages\/312\/revisions\/3812"}],"wp:attachment":[{"href":"https:\/\/www.johanna-tschautscher.eu\/index.php\/wp-json\/wp\/v2\/media?parent=312"}],"curies":[{"name":"wp","href":"https:\/\/api.w.org\/{rel}","templated":true}]}}