{"id":2920,"date":"2021-04-17T21:12:23","date_gmt":"2021-04-17T19:12:23","guid":{"rendered":"https:\/\/www.johanna-tschautscher.eu\/?page_id=2920"},"modified":"2023-10-30T10:21:04","modified_gmt":"2023-10-30T09:21:04","slug":"vom-lied-ohne-gott","status":"publish","type":"page","link":"https:\/\/www.johanna-tschautscher.eu\/index.php\/vom-lied-ohne-gott\/","title":{"rendered":"Vom Lied ohne Gott"},"content":{"rendered":"\n<p>Regie <\/p>\n\n\n\n<p>Auftragsarbeit f\u00fcr Katholische Akademie Dresden<\/p>\n\n\n\n<p><strong>5 Miniaturkunstfilme \u00e0 5 &#8211; 7min.<\/strong><\/p>\n\n\n\n<p>Konzepte: Judith Hamberger<\/p>\n\n\n\n<p><\/p>\n\n\n\n<p><a href=\"https:\/\/youtu.be\/tgPTA7IhMck\">1. Ersch\u00fctterung &#8211; Verschwunden<\/a><br><a href=\"https:\/\/youtu.be\/bwP0OgsdEXU\">2. Dimensionen &#8211; Suche<\/a><br><a href=\"https:\/\/youtu.be\/w2SCK6UE89M\">3. Nacht<\/a><br><a href=\"https:\/\/youtu.be\/0pGHd4R8yLQ\">4. Identit\u00e4t \u2013 Wer bin ich<\/a><br><a href=\"https:\/\/youtu.be\/KoYs7hkueKc\">5. Verlassenheit \u2013 Feuer<\/a><\/p>\n\n\n\n<p>Schauspieler\/in:<br>Katharina V\u00f6tter<br>Manuel Klein<\/p>\n\n\n\n<p>Saxophon:<br>Anne Kaftan<\/p>\n\n\n\n<p>Organist:<br>Jacobus Gladziwa<\/p>\n\n\n\n<p>Film\/Ton\/Schnittregie:<br>Johanna Tschautscher, Gerald H\u00f6fler<\/p>\n\n\n\n<p>Kamera:<br>Othmar Dickbauer, Gerald H\u00f6fler<\/p>\n","protected":false},"excerpt":{"rendered":"<p>Regie Auftragsarbeit f\u00fcr Katholische Akademie Dresden 5 Miniaturkunstfilme \u00e0 5 &#8211; 7min. Konzepte: Judith Hamberger 1. Ersch\u00fctterung &#8211; Verschwunden2. Dimensionen &#8211; Suche3. Nacht4. Identit\u00e4t \u2013 Wer bin ich5. Verlassenheit \u2013 Feuer Schauspieler\/in:Katharina V\u00f6tterManuel Klein Saxophon:Anne Kaftan Organist:Jacobus Gladziwa Film\/Ton\/Schnittregie:Johanna Tschautscher, Gerald H\u00f6fler Kamera:Othmar Dickbauer, Gerald H\u00f6fler<\/p>\n","protected":false},"author":1,"featured_media":0,"parent":0,"menu_order":0,"comment_status":"closed","ping_status":"closed","template":"page-full-width.php","meta":{"ngg_post_thumbnail":0,"footnotes":""},"class_list":["post-2920","page","type-page","status-publish","hentry"],"_links":{"self":[{"href":"https:\/\/www.johanna-tschautscher.eu\/index.php\/wp-json\/wp\/v2\/pages\/2920","targetHints":{"allow":["GET"]}}],"collection":[{"href":"https:\/\/www.johanna-tschautscher.eu\/index.php\/wp-json\/wp\/v2\/pages"}],"about":[{"href":"https:\/\/www.johanna-tschautscher.eu\/index.php\/wp-json\/wp\/v2\/types\/page"}],"author":[{"embeddable":true,"href":"https:\/\/www.johanna-tschautscher.eu\/index.php\/wp-json\/wp\/v2\/users\/1"}],"replies":[{"embeddable":true,"href":"https:\/\/www.johanna-tschautscher.eu\/index.php\/wp-json\/wp\/v2\/comments?post=2920"}],"version-history":[{"count":6,"href":"https:\/\/www.johanna-tschautscher.eu\/index.php\/wp-json\/wp\/v2\/pages\/2920\/revisions"}],"predecessor-version":[{"id":3289,"href":"https:\/\/www.johanna-tschautscher.eu\/index.php\/wp-json\/wp\/v2\/pages\/2920\/revisions\/3289"}],"wp:attachment":[{"href":"https:\/\/www.johanna-tschautscher.eu\/index.php\/wp-json\/wp\/v2\/media?parent=2920"}],"curies":[{"name":"wp","href":"https:\/\/api.w.org\/{rel}","templated":true}]}}