{"id":287,"date":"2015-01-11T12:20:34","date_gmt":"2015-01-11T11:20:34","guid":{"rendered":"http:\/\/www.johanna-tschautscher.eu\/?page_id=287"},"modified":"2015-01-14T16:20:22","modified_gmt":"2015-01-14T15:20:22","slug":"ueber-beni-altmueller","status":"publish","type":"page","link":"https:\/\/www.johanna-tschautscher.eu\/index.php\/filme\/beni-altmueller-2\/ueber-beni-altmueller\/","title":{"rendered":"\u00dcber Beni Altm\u00fcller"},"content":{"rendered":"<p style=\"text-align: justify;\">\u201eDas Leben h\u00e4lt sich in Schwung\u201c, die \u201en\u00e4chst beste Gegenwart\u201c, der \u201eTanz ins Unbestimmte\u201c. Die Erkenntnis der interaktiven Mobilit\u00e4ten.<br \/>\nJohanna Tschautscher begleitete Beni Altm\u00fcller im Jahr 2005 mit der Kamera und entwickelte eine Gesamtschau seines Werkes und einen Einblick in seine Lebensanschauungen.<br \/>\nDer Film h\u00e4lt R\u00fcckschau auf die Zeit der Metallplastik in den siebziger Jahren, das Rohr und den Schlauch, die sp\u00e4ter zum \u201eBand\u201c werden. Hier findet man bereits \u201edie Fahrt\u201c und die Teilaspekte, die mit dem Ganzen in Bezug stehen. \u201eDie Dinge sind zu einander in Bewegung.\u201c Der Film thematisiert auch die poetische und sinnliche Auseinandersetzung mit Weingegenden in Europa. Man kann diese Zeit \u201eWork in progress\u201c nennen. St\u00e4ndig auf Reisen setzt sich der K\u00fcnstler permanent mit einem Thema auseinander: Die Vereinigung der Sinne, Geschmack, mit bildender Kunst. Auch hier verh\u00e4lt sich Esskultur mit Malerei und Architektur zueinander. Sp\u00e4ter stehen die Pflanzen im Mittelpunkt und dann das, was aus den Pflanzen entsteht. Wein. \u00dcber das Keltern kam Beni Altm\u00fcller zur Mikrobiologie, von dort zur DNA-Schleife, \u201eDas Band\u201c. Die Schwebstoffe, die bei der Verwandlung von Zucker in Alkohol entstehen, den \u201efondo\u201c vermischte er mit Ei und gewann eine neue Farbe. So wurde die \u201eDarmverarbeitung\u201c im weiteren Sinn zur Verbindung zwischen Geschmack und Optik. Heute arbeitet Altm\u00fcller vorwiegend in Ober\u00f6sterreich.<br \/>\nIn einem seiner letzten Bilder stehen vier K\u00fche: Europa, Amerika, die Sowjetunion und Australien vor einem schwarzen Loch im Raum. Wenn man will, trinken sie auch daraus. Beni Altm\u00fcller will nicht S\u00e4tze f\u00fcr seine Bilder finden, ihm gen\u00fcgen die Titel. \u201eGescheit ist, wenn alles in Bewegung ist.&#8220; Die Dinge sind zueinander \u201eauf Wanderung\u201c. Die Naturwissenschaft, die Geographie, die V\u00f6lker, die Evolution, die Geschichte.<\/p>\n","protected":false},"excerpt":{"rendered":"<p>\u201eDas Leben h\u00e4lt sich in Schwung\u201c, die \u201en\u00e4chst beste Gegenwart\u201c, der \u201eTanz ins Unbestimmte\u201c. Die Erkenntnis der interaktiven Mobilit\u00e4ten. Johanna Tschautscher begleitete Beni Altm\u00fcller im Jahr 2005 mit der Kamera und entwickelte eine Gesamtschau seines Werkes und einen Einblick in seine Lebensanschauungen. Der Film h\u00e4lt R\u00fcckschau auf die Zeit der Metallplastik in den siebziger Jahren, [&hellip;]<\/p>\n","protected":false},"author":1,"featured_media":0,"parent":908,"menu_order":0,"comment_status":"closed","ping_status":"closed","template":"","meta":{"ngg_post_thumbnail":0,"footnotes":""},"class_list":["post-287","page","type-page","status-publish","hentry"],"_links":{"self":[{"href":"https:\/\/www.johanna-tschautscher.eu\/index.php\/wp-json\/wp\/v2\/pages\/287","targetHints":{"allow":["GET"]}}],"collection":[{"href":"https:\/\/www.johanna-tschautscher.eu\/index.php\/wp-json\/wp\/v2\/pages"}],"about":[{"href":"https:\/\/www.johanna-tschautscher.eu\/index.php\/wp-json\/wp\/v2\/types\/page"}],"author":[{"embeddable":true,"href":"https:\/\/www.johanna-tschautscher.eu\/index.php\/wp-json\/wp\/v2\/users\/1"}],"replies":[{"embeddable":true,"href":"https:\/\/www.johanna-tschautscher.eu\/index.php\/wp-json\/wp\/v2\/comments?post=287"}],"version-history":[{"count":3,"href":"https:\/\/www.johanna-tschautscher.eu\/index.php\/wp-json\/wp\/v2\/pages\/287\/revisions"}],"predecessor-version":[{"id":989,"href":"https:\/\/www.johanna-tschautscher.eu\/index.php\/wp-json\/wp\/v2\/pages\/287\/revisions\/989"}],"up":[{"embeddable":true,"href":"https:\/\/www.johanna-tschautscher.eu\/index.php\/wp-json\/wp\/v2\/pages\/908"}],"wp:attachment":[{"href":"https:\/\/www.johanna-tschautscher.eu\/index.php\/wp-json\/wp\/v2\/media?parent=287"}],"curies":[{"name":"wp","href":"https:\/\/api.w.org\/{rel}","templated":true}]}}