{"id":282,"date":"2015-01-11T12:16:02","date_gmt":"2015-01-11T11:16:02","guid":{"rendered":"http:\/\/www.johanna-tschautscher.eu\/?page_id=282"},"modified":"2015-01-14T15:51:14","modified_gmt":"2015-01-14T14:51:14","slug":"inhalt-beni-altmueller","status":"publish","type":"page","link":"https:\/\/www.johanna-tschautscher.eu\/index.php\/filme\/beni-altmueller-2\/inhalt-beni-altmueller\/","title":{"rendered":"Inhalt &#8211; Beni Altm\u00fcller"},"content":{"rendered":"<p style=\"text-align: justify;\">Der Film portraitiert den \u00f6sterreichischen Maler, Architekten und Designer. Seine Schaffensperiode beginnt in den fr\u00fchen Siebzigern mit Metallplastik, K\u00f6rperh\u00fcllen, Architektur und Design. In den Neunzigern beginnt eine Auseinandersetzung mit Wein, der Piemont wird zum neuen Arbeitsraum. Der Film zeigt einen Querschnitt seiner Arbeiten und thematisiert die aktuelle philosophische Auseinandersetzung mit &#8222;dem Offenen&#8220;. Die verknappten, spruchartigen Bildtitel f\u00fchren thematisch durch den Film.<\/p>\n","protected":false},"excerpt":{"rendered":"<p>Der Film portraitiert den \u00f6sterreichischen Maler, Architekten und Designer. Seine Schaffensperiode beginnt in den fr\u00fchen Siebzigern mit Metallplastik, K\u00f6rperh\u00fcllen, Architektur und Design. In den Neunzigern beginnt eine Auseinandersetzung mit Wein, der Piemont wird zum neuen Arbeitsraum. Der Film zeigt einen Querschnitt seiner Arbeiten und thematisiert die aktuelle philosophische Auseinandersetzung mit &#8222;dem Offenen&#8220;. Die verknappten, spruchartigen [&hellip;]<\/p>\n","protected":false},"author":1,"featured_media":0,"parent":908,"menu_order":0,"comment_status":"closed","ping_status":"closed","template":"","meta":{"ngg_post_thumbnail":0,"footnotes":""},"class_list":["post-282","page","type-page","status-publish","hentry"],"_links":{"self":[{"href":"https:\/\/www.johanna-tschautscher.eu\/index.php\/wp-json\/wp\/v2\/pages\/282","targetHints":{"allow":["GET"]}}],"collection":[{"href":"https:\/\/www.johanna-tschautscher.eu\/index.php\/wp-json\/wp\/v2\/pages"}],"about":[{"href":"https:\/\/www.johanna-tschautscher.eu\/index.php\/wp-json\/wp\/v2\/types\/page"}],"author":[{"embeddable":true,"href":"https:\/\/www.johanna-tschautscher.eu\/index.php\/wp-json\/wp\/v2\/users\/1"}],"replies":[{"embeddable":true,"href":"https:\/\/www.johanna-tschautscher.eu\/index.php\/wp-json\/wp\/v2\/comments?post=282"}],"version-history":[{"count":1,"href":"https:\/\/www.johanna-tschautscher.eu\/index.php\/wp-json\/wp\/v2\/pages\/282\/revisions"}],"predecessor-version":[{"id":283,"href":"https:\/\/www.johanna-tschautscher.eu\/index.php\/wp-json\/wp\/v2\/pages\/282\/revisions\/283"}],"up":[{"embeddable":true,"href":"https:\/\/www.johanna-tschautscher.eu\/index.php\/wp-json\/wp\/v2\/pages\/908"}],"wp:attachment":[{"href":"https:\/\/www.johanna-tschautscher.eu\/index.php\/wp-json\/wp\/v2\/media?parent=282"}],"curies":[{"name":"wp","href":"https:\/\/api.w.org\/{rel}","templated":true}]}}