{"id":2784,"date":"2020-08-19T19:28:28","date_gmt":"2020-08-19T17:28:28","guid":{"rendered":"http:\/\/www.johanna-tschautscher.eu\/?page_id=2784"},"modified":"2020-08-19T19:31:25","modified_gmt":"2020-08-19T17:31:25","slug":"regiestatement-wer-ist-jesus-christus","status":"publish","type":"page","link":"https:\/\/www.johanna-tschautscher.eu\/index.php\/regiestatement-wer-ist-jesus-christus\/","title":{"rendered":"Regiestatement \/ Wer ist Jesus Christus ?"},"content":{"rendered":"\n<p><\/p>\n\n\n\n<ul class=\"wp-block-gallery columns-1 is-cropped wp-block-gallery-1 is-layout-flex wp-block-gallery-is-layout-flex\"><li class=\"blocks-gallery-item\"><figure><img loading=\"lazy\" decoding=\"async\" width=\"768\" height=\"1024\" src=\"http:\/\/www.johanna-tschautscher.eu\/wp-content\/uploads\/2020\/08\/Tschautscher-768x1024.jpg\" alt=\"\" data-id=\"2785\" data-link=\"http:\/\/www.johanna-tschautscher.eu\/regiestatement-wer-ist-jesus-christus\/tschautscher\/\" class=\"wp-image-2785\" srcset=\"https:\/\/www.johanna-tschautscher.eu\/wp-content\/uploads\/2020\/08\/Tschautscher-768x1024.jpg 768w, https:\/\/www.johanna-tschautscher.eu\/wp-content\/uploads\/2020\/08\/Tschautscher-225x300.jpg 225w, https:\/\/www.johanna-tschautscher.eu\/wp-content\/uploads\/2020\/08\/Tschautscher-1320x1760.jpg 1320w\" sizes=\"auto, (max-width: 768px) 100vw, 768px\" \/><figcaption>Johanna Tschautscher P\u00f6stlingbergkirche Linz<\/figcaption><\/figure><\/li><\/ul>\n\n\n\n<p>Ich verstehe nun deutlich mehr von Golgota, von Steinbr\u00fcchen, reichen Juden, r\u00f6mischen Versuchen das Christentum durch eigene Bauten auszutreiben, Frauen, die ihren Instinkten, n\u00e4chtlichen Tr\u00e4umen und ihrem Wesen folgen. Wunder geschehen. Wer sich daf\u00fcr interessiert, muss sich auf sie einlassen. In der Grabeskirche geschahen w\u00e4hrend Renovierungsarbeiten unerkl\u00e4rliche Ereignisse. Beachtlich viele Menschen haben es gemeinsam erlebt. Das Turiner Grabtuch ist echt und bleibt gleichzeitig ein echtes R\u00e4tsel. Das Alte Testament formuliert einen sperrigen Begriff, den Gottesknecht. Endlich gibt es dadurch f\u00fcr mich B\u00f6gen zwischen den unz\u00e4hligen Propheten an der Decke der Sixtinischen Kapelle und Jesus. er wird geschlachtet, damit sich eine Schrift erf\u00fcllt. Ein Opfer, das ich immer noch innerlich ablehne. Vermutlich geth es genau darum. Jesus wollte damit brechen und neue Perspektiven erm\u00f6glichen. Relationen.<\/p>\n\n\n\n<p>Das Bild der vollst\u00e4ndigen Zur\u00fccknahme Gottes vor dem Sch\u00f6pfungsakt, um im Nichts und daraus eine Begegnung auf Augenh\u00f6he mit einem Menschen auf den Weg zu bringen, inspirierte mich w\u00e4hrend der Recherchen. Schon vorher hatten wir festgelegt: Menschen geben in diesem Film Einblick in ihre pers\u00f6nliche Gottesbeziehung. Der gemeinsame Subtext dieser Sequenzen: Gott ist pers\u00f6nlich. Gott macht sich auf seine Weise dem Menschen erkenntlich, wie es ihm eben gef\u00e4llt, sagt ein Protagonist. Wir m\u00fcssen die Dinge selbst in die Hand nehmen, sagt eine andere.<\/p>\n\n\n\n<p><\/p>\n\n\n\n<p><\/p>\n","protected":false},"excerpt":{"rendered":"<p>Ich verstehe nun deutlich mehr von Golgota, von Steinbr\u00fcchen, reichen Juden, r\u00f6mischen Versuchen das Christentum durch eigene Bauten auszutreiben, Frauen, die ihren Instinkten, n\u00e4chtlichen Tr\u00e4umen und ihrem Wesen folgen. Wunder geschehen. Wer sich daf\u00fcr interessiert, muss sich auf sie einlassen. In der Grabeskirche geschahen w\u00e4hrend Renovierungsarbeiten unerkl\u00e4rliche Ereignisse. Beachtlich viele Menschen haben es gemeinsam erlebt. [&hellip;]<\/p>\n","protected":false},"author":1,"featured_media":0,"parent":0,"menu_order":0,"comment_status":"closed","ping_status":"closed","template":"page-full-width.php","meta":{"ngg_post_thumbnail":0,"footnotes":""},"class_list":["post-2784","page","type-page","status-publish","hentry"],"_links":{"self":[{"href":"https:\/\/www.johanna-tschautscher.eu\/index.php\/wp-json\/wp\/v2\/pages\/2784","targetHints":{"allow":["GET"]}}],"collection":[{"href":"https:\/\/www.johanna-tschautscher.eu\/index.php\/wp-json\/wp\/v2\/pages"}],"about":[{"href":"https:\/\/www.johanna-tschautscher.eu\/index.php\/wp-json\/wp\/v2\/types\/page"}],"author":[{"embeddable":true,"href":"https:\/\/www.johanna-tschautscher.eu\/index.php\/wp-json\/wp\/v2\/users\/1"}],"replies":[{"embeddable":true,"href":"https:\/\/www.johanna-tschautscher.eu\/index.php\/wp-json\/wp\/v2\/comments?post=2784"}],"version-history":[{"count":2,"href":"https:\/\/www.johanna-tschautscher.eu\/index.php\/wp-json\/wp\/v2\/pages\/2784\/revisions"}],"predecessor-version":[{"id":2787,"href":"https:\/\/www.johanna-tschautscher.eu\/index.php\/wp-json\/wp\/v2\/pages\/2784\/revisions\/2787"}],"wp:attachment":[{"href":"https:\/\/www.johanna-tschautscher.eu\/index.php\/wp-json\/wp\/v2\/media?parent=2784"}],"curies":[{"name":"wp","href":"https:\/\/api.w.org\/{rel}","templated":true}]}}