{"id":2781,"date":"2020-08-19T19:19:34","date_gmt":"2020-08-19T17:19:34","guid":{"rendered":"http:\/\/www.johanna-tschautscher.eu\/?page_id=2781"},"modified":"2020-08-19T19:37:20","modified_gmt":"2020-08-19T17:37:20","slug":"inhalt-wer-ist-jesus-christus","status":"publish","type":"page","link":"https:\/\/www.johanna-tschautscher.eu\/index.php\/inhalt-wer-ist-jesus-christus\/","title":{"rendered":"Inhalt \/ Wer ist Jesus Christus?"},"content":{"rendered":"\n<ul class=\"wp-block-gallery columns-1 is-cropped wp-block-gallery-1 is-layout-flex wp-block-gallery-is-layout-flex\"><li class=\"blocks-gallery-item\"><figure><img loading=\"lazy\" decoding=\"async\" width=\"1024\" height=\"576\" src=\"https:\/\/www.johanna-tschautscher.eu\/wp-content\/uploads\/2020\/08\/H-Jerusalem-2-1024x576.jpg\" alt=\"\" data-id=\"2794\" data-link=\"https:\/\/www.johanna-tschautscher.eu\/inhalt-wer-ist-jesus-christus\/h-jerusalem-2\/\" class=\"wp-image-2794\" srcset=\"https:\/\/www.johanna-tschautscher.eu\/wp-content\/uploads\/2020\/08\/H-Jerusalem-2-1024x576.jpg 1024w, https:\/\/www.johanna-tschautscher.eu\/wp-content\/uploads\/2020\/08\/H-Jerusalem-2-300x169.jpg 300w, https:\/\/www.johanna-tschautscher.eu\/wp-content\/uploads\/2020\/08\/H-Jerusalem-2-768x432.jpg 768w, https:\/\/www.johanna-tschautscher.eu\/wp-content\/uploads\/2020\/08\/H-Jerusalem-2-1320x743.jpg 1320w, https:\/\/www.johanna-tschautscher.eu\/wp-content\/uploads\/2020\/08\/H-Jerusalem-2.jpg 1920w\" sizes=\"auto, (max-width: 1024px) 100vw, 1024px\" \/><\/figure><\/li><\/ul>\n\n\n\n<p>Die Glaubw\u00fcrdigkeit der Evangelien als ausf\u00fchrlichste Quelle \u00fcber Jesus von Nazaret. Zeugnisse von Menschen, wie sie \u00fcber Jesus denken. Das Wirken Jesu, die Bedeutung seiner Wunder. Das Leiden Jesu aus der Sicht des Alten Testaments. Orte, die f\u00fcr die Geschichte Jesu von allergr\u00f6\u00dfter Bedeutung sind: Golgota und Heiliges Grab. <\/p>\n\n\n\n<p>Aussagen \u00fcber eindeutige Funde w\u00e4hrend Renovierungsarbeiten am Heiligen Grab, die die Historizit\u00e4t des Grabes Jesu belegen. Das Grabtuch von Turin. Die Auferstehung Jesu. <\/p>\n\n\n\n<p><\/p>\n\n\n\n<p>von Pater Benno Mikocki OFM und Traude Gallhofer<\/p>\n","protected":false},"excerpt":{"rendered":"<p>Die Glaubw\u00fcrdigkeit der Evangelien als ausf\u00fchrlichste Quelle \u00fcber Jesus von Nazaret. Zeugnisse von Menschen, wie sie \u00fcber Jesus denken. Das Wirken Jesu, die Bedeutung seiner Wunder. Das Leiden Jesu aus der Sicht des Alten Testaments. Orte, die f\u00fcr die Geschichte Jesu von allergr\u00f6\u00dfter Bedeutung sind: Golgota und Heiliges Grab. Aussagen \u00fcber eindeutige Funde w\u00e4hrend Renovierungsarbeiten [&hellip;]<\/p>\n","protected":false},"author":1,"featured_media":0,"parent":0,"menu_order":0,"comment_status":"closed","ping_status":"closed","template":"page-full-width.php","meta":{"ngg_post_thumbnail":0,"footnotes":""},"class_list":["post-2781","page","type-page","status-publish","hentry"],"_links":{"self":[{"href":"https:\/\/www.johanna-tschautscher.eu\/index.php\/wp-json\/wp\/v2\/pages\/2781","targetHints":{"allow":["GET"]}}],"collection":[{"href":"https:\/\/www.johanna-tschautscher.eu\/index.php\/wp-json\/wp\/v2\/pages"}],"about":[{"href":"https:\/\/www.johanna-tschautscher.eu\/index.php\/wp-json\/wp\/v2\/types\/page"}],"author":[{"embeddable":true,"href":"https:\/\/www.johanna-tschautscher.eu\/index.php\/wp-json\/wp\/v2\/users\/1"}],"replies":[{"embeddable":true,"href":"https:\/\/www.johanna-tschautscher.eu\/index.php\/wp-json\/wp\/v2\/comments?post=2781"}],"version-history":[{"count":2,"href":"https:\/\/www.johanna-tschautscher.eu\/index.php\/wp-json\/wp\/v2\/pages\/2781\/revisions"}],"predecessor-version":[{"id":2795,"href":"https:\/\/www.johanna-tschautscher.eu\/index.php\/wp-json\/wp\/v2\/pages\/2781\/revisions\/2795"}],"wp:attachment":[{"href":"https:\/\/www.johanna-tschautscher.eu\/index.php\/wp-json\/wp\/v2\/media?parent=2781"}],"curies":[{"name":"wp","href":"https:\/\/api.w.org\/{rel}","templated":true}]}}