{"id":2570,"date":"2019-09-04T13:13:04","date_gmt":"2019-09-04T11:13:04","guid":{"rendered":"http:\/\/www.johanna-tschautscher.eu\/?page_id=2570"},"modified":"2020-10-09T09:46:20","modified_gmt":"2020-10-09T07:46:20","slug":"geheimnisvolles-leben","status":"publish","type":"page","link":"https:\/\/www.johanna-tschautscher.eu\/index.php\/geheimnisvolles-leben\/","title":{"rendered":"GEHEIMNISVOLLES LEBEN"},"content":{"rendered":"\nngg_shortcode_0_placeholder\n\n\n\n<p>Dokumentation, 30 min, AUT 2019<\/p>\n\n\n\n<p>Regie: Johanna Tschautscher<\/p>\n\n\n\n<p>Idee: Pater Benno Mikocki<\/p>\n\n\n\n<p>Musik: Gerald H\u00f6fler<\/p>\n\n\n\n<p>Schnitt: Johanna Tschautscher<\/p>\n\n\n\n<p>mit: Prof. Dr. Siegfried Scherer, TU M\u00fcnchen<\/p>\n\n\n\n<p><\/p>\n\n\n\n<p><\/p>\n\n\n\n<p>Inhalt:<\/p>\n\n\n\n<p>Seit Jahrhunderten staunen Biologen \u00fcber die Vielfalt der Lebewesen und deren molekularen Funktionen. Das biologische Wissen nimmt exponentiell zu, doch die Biowissenschaftler sto\u00dfen auf immer mehr ungel\u00f6ste Fragen.<\/p>\n\n\n\n<p>Prof. Siegfried Scherer f\u00fchrt in seinem Labor der TU M\u00fcnchen durch das Reich von Millionen Mikroorganismen im Wasser, die informationstragenden Grundstrukturen der Zellen und die gigantischen Speicherkapazit\u00e4t der DNA. Unerm\u00fcdllich arbeiten in jeder menschlichen Zelle hunderttausende hoch differenzierte molekulare Werkzeuge, Turbinen und Laufmaschinen. Prof. Siegfried Scherer erl\u00e4utert eine Auswahl davon und vermittelt seine pers\u00f6nlichen Schlussfolgerungen: Leben ist mehr als Materia. Leben ist hochkomplexe Information.<\/p>\n\n\n\n<p>Prof. Siegfried Scherer fragt nach der Herkunft der un\u00fcbersehbaren F\u00fclle an biologischer Information, ihrer Synorganisation und nach der Herkunft der ersten lebendigen Zellen und gibt Antworten.<\/p>\n\n\n\n<p>Entsteht Leben nur aus Leben? Welches Geheimnis steht hinter der immer offensichtlicher zutage tretenden \u00fcberragenden Intelligenz in der Natur?<\/p>\n\n\n\n<p><\/p>\n\n\n\n<p><\/p>\n\n\n\n<p><br><\/p>\n\n\n\n<p><a href=\"https:\/\/www.rsk-ma.at\/kontakt\">DVD gegen Spende bestellbar bei RSK Gebetsgemeinschaft<\/a><\/p>\n\n\n\n<p><a href=\"http:\/\/www.micbio.wzw.tum.de\/cms\/docs\/scherer-anzeigen.php\">Prof. Siegfried Scherer<\/a><br><\/p>\n\n\n\n<p><a href=\"https:\/\/www.rsk-ma.at\/kontakt\">RSK Gebetsgemeinschaft<\/a><\/p>\n\n\n\n<p><\/p>\n\n\n\n<p><\/p>\n","protected":false},"excerpt":{"rendered":"<p>Dokumentation, 30 min, AUT 2019 Regie: Johanna Tschautscher Idee: Pater Benno Mikocki Musik: Gerald H\u00f6fler Schnitt: Johanna Tschautscher mit: Prof. Dr. Siegfried Scherer, TU M\u00fcnchen Inhalt: Seit Jahrhunderten staunen Biologen \u00fcber die Vielfalt der Lebewesen und deren molekularen Funktionen. Das biologische Wissen nimmt exponentiell zu, doch die Biowissenschaftler sto\u00dfen auf immer mehr ungel\u00f6ste Fragen. Prof. [&hellip;]<\/p>\n","protected":false},"author":1,"featured_media":0,"parent":0,"menu_order":0,"comment_status":"closed","ping_status":"closed","template":"page-full-width.php","meta":{"ngg_post_thumbnail":0,"footnotes":""},"class_list":["post-2570","page","type-page","status-publish","hentry"],"_links":{"self":[{"href":"https:\/\/www.johanna-tschautscher.eu\/index.php\/wp-json\/wp\/v2\/pages\/2570","targetHints":{"allow":["GET"]}}],"collection":[{"href":"https:\/\/www.johanna-tschautscher.eu\/index.php\/wp-json\/wp\/v2\/pages"}],"about":[{"href":"https:\/\/www.johanna-tschautscher.eu\/index.php\/wp-json\/wp\/v2\/types\/page"}],"author":[{"embeddable":true,"href":"https:\/\/www.johanna-tschautscher.eu\/index.php\/wp-json\/wp\/v2\/users\/1"}],"replies":[{"embeddable":true,"href":"https:\/\/www.johanna-tschautscher.eu\/index.php\/wp-json\/wp\/v2\/comments?post=2570"}],"version-history":[{"count":10,"href":"https:\/\/www.johanna-tschautscher.eu\/index.php\/wp-json\/wp\/v2\/pages\/2570\/revisions"}],"predecessor-version":[{"id":2847,"href":"https:\/\/www.johanna-tschautscher.eu\/index.php\/wp-json\/wp\/v2\/pages\/2570\/revisions\/2847"}],"wp:attachment":[{"href":"https:\/\/www.johanna-tschautscher.eu\/index.php\/wp-json\/wp\/v2\/media?parent=2570"}],"curies":[{"name":"wp","href":"https:\/\/api.w.org\/{rel}","templated":true}]}}