{"id":199,"date":"2015-01-11T10:34:33","date_gmt":"2015-01-11T09:34:33","guid":{"rendered":"http:\/\/www.johanna-tschautscher.eu\/?page_id=199"},"modified":"2015-01-14T16:18:51","modified_gmt":"2015-01-14T15:18:51","slug":"termine-wie-geht-friede","status":"publish","type":"page","link":"https:\/\/www.johanna-tschautscher.eu\/index.php\/filme\/wie-geht-friede\/termine-wie-geht-friede\/","title":{"rendered":"Termine &#8211; Wie geht Friede?"},"content":{"rendered":"<p><strong>18. bis 21. Januar 2011<\/strong><\/p>\n<p>Moviemento Kino Linz<\/p>\n<p>18 Uhr<br \/>\n<strong>9. 10. 26. Februar 2011<\/strong><\/p>\n<p>Tamsweg, Kulturverein<\/p>\n<p>20 Uhr<br \/>\n<strong>18. Februar 2011<\/strong><\/p>\n<p>Sch\u00fclervorstellungen, Moviemento<\/p>\n<p>8 Uhr, 10 Uhr<br \/>\n<strong>15. M\u00e4rz 2011<\/strong><\/p>\n<p>Votivkino Wien<\/p>\n<p>19 Uhr 30<br \/>\n<strong>17. M\u00e4rz 2011<\/strong><\/p>\n<p>BRG Freistadt<\/p>\n<p>10 Uhr<br \/>\n<strong>23. M\u00e4rz 2011<br \/>\n<\/strong><\/p>\n<p>Kepler-Universit\u00e4t Linz, H\u00f6rsaal 4<\/p>\n<p>18 Uhr<br \/>\n<strong>12 &#8211; 17. April 2011<\/strong><\/p>\n<p>Crossing Europe Filmfestival<br \/>\n<strong>15. April 2011<\/strong><\/p>\n<p>Moviemento Kino Linz<\/p>\n<p>12 Uhr 30<br \/>\n<strong>17. April 2011<\/strong><\/p>\n<p>Moviemento Kino Linz<\/p>\n<p>14 Uhr<br \/>\n<strong>30. September 2011<\/strong><\/p>\n<p>Pax Christi, KHG Heim Linz<\/p>\n<p>20 Uhr<br \/>\n<strong>21. Oktober 2011<\/strong><\/p>\n<p>Aschach, Pfarrheim<\/p>\n<p>19 Uhr 30<\/p>\n","protected":false},"excerpt":{"rendered":"<p>18. bis 21. Januar 2011 Moviemento Kino Linz 18 Uhr 9. 10. 26. Februar 2011 Tamsweg, Kulturverein 20 Uhr 18. Februar 2011 Sch\u00fclervorstellungen, Moviemento 8 Uhr, 10 Uhr 15. M\u00e4rz 2011 Votivkino Wien 19 Uhr 30 17. M\u00e4rz 2011 BRG Freistadt 10 Uhr 23. M\u00e4rz 2011 Kepler-Universit\u00e4t Linz, H\u00f6rsaal 4 18 Uhr 12 &#8211; 17. [&hellip;]<\/p>\n","protected":false},"author":1,"featured_media":0,"parent":191,"menu_order":0,"comment_status":"closed","ping_status":"closed","template":"","meta":{"ngg_post_thumbnail":0,"footnotes":""},"class_list":["post-199","page","type-page","status-publish","hentry"],"_links":{"self":[{"href":"https:\/\/www.johanna-tschautscher.eu\/index.php\/wp-json\/wp\/v2\/pages\/199","targetHints":{"allow":["GET"]}}],"collection":[{"href":"https:\/\/www.johanna-tschautscher.eu\/index.php\/wp-json\/wp\/v2\/pages"}],"about":[{"href":"https:\/\/www.johanna-tschautscher.eu\/index.php\/wp-json\/wp\/v2\/types\/page"}],"author":[{"embeddable":true,"href":"https:\/\/www.johanna-tschautscher.eu\/index.php\/wp-json\/wp\/v2\/users\/1"}],"replies":[{"embeddable":true,"href":"https:\/\/www.johanna-tschautscher.eu\/index.php\/wp-json\/wp\/v2\/comments?post=199"}],"version-history":[{"count":2,"href":"https:\/\/www.johanna-tschautscher.eu\/index.php\/wp-json\/wp\/v2\/pages\/199\/revisions"}],"predecessor-version":[{"id":987,"href":"https:\/\/www.johanna-tschautscher.eu\/index.php\/wp-json\/wp\/v2\/pages\/199\/revisions\/987"}],"up":[{"embeddable":true,"href":"https:\/\/www.johanna-tschautscher.eu\/index.php\/wp-json\/wp\/v2\/pages\/191"}],"wp:attachment":[{"href":"https:\/\/www.johanna-tschautscher.eu\/index.php\/wp-json\/wp\/v2\/media?parent=199"}],"curies":[{"name":"wp","href":"https:\/\/api.w.org\/{rel}","templated":true}]}}