{"id":197,"date":"2015-01-11T10:30:04","date_gmt":"2015-01-11T09:30:04","guid":{"rendered":"http:\/\/www.johanna-tschautscher.eu\/?page_id=197"},"modified":"2015-01-14T17:09:07","modified_gmt":"2015-01-14T16:09:07","slug":"regiestatement-wie-geht-friede","status":"publish","type":"page","link":"https:\/\/www.johanna-tschautscher.eu\/index.php\/filme\/wie-geht-friede\/regiestatement-wie-geht-friede\/","title":{"rendered":"Regiestatement &#8211; Wie geht Friede?"},"content":{"rendered":"<p style=\"text-align: justify;\">Mein Film ist eine Recherche geworden, die in verschiedene politische und soziale Ebenen reicht. Diese Schichten haben miteinander zu tun, der Austausch und die Verbindungen funktionieren langsam, vorsichtig, tastend. Die Traumen sind noch sehr aktuell, tiefe, tiefe Verletzungen sind da, die Wirtschaft ist schwach, Korruption herrscht, die ist aber nicht nur im Kosovo ein Thema, das haben wir in Italien, Deutschland und \u00d6sterreich genauso. Worauf ich den Fokus gelegt habe sind Menschen, die sich neben den Problemen, die das junge Land hat, ernsthaft Fragen stellen, wie sie in Zukunft miteinander leben wollen. Lehrer, Politiker, Polizisten, Soldaten, Zivile. Das Land will in die EU, das Miteinander f\u00fcr die Zukunft gleicht oft der Frage: &#8222;Was ist eigentlich Demokratie?&#8220; Zwischen den M\u00f6glichkeiten, die Institutionen, Investitionen und parlamentarische wie rechtliche Strukturen haben, stellte ich mir privat oft die Frage, was passieren w\u00fcrde, wenn wir in ein Krisengebiet eines Tages 2000 hochprofessionelle Gespr\u00e4chstherapeuten schicken. In erster Linie m\u00fcssen Traumen bew\u00e4ltigt werden. Das geht weder durch politische noch durch milit\u00e4rische Ma\u00dfnahmen. Im Moment wenden wir politischen und milit\u00e4risches Know-How in Krisengebieten. F\u00fcr die viel tieferen Ebenen der kollektiven und individuellen Traumen schicken wir noch keine 1000 k\u00f6pfige Mission in ein Land.<\/p>\n","protected":false},"excerpt":{"rendered":"<p>Mein Film ist eine Recherche geworden, die in verschiedene politische und soziale Ebenen reicht. Diese Schichten haben miteinander zu tun, der Austausch und die Verbindungen funktionieren langsam, vorsichtig, tastend. Die Traumen sind noch sehr aktuell, tiefe, tiefe Verletzungen sind da, die Wirtschaft ist schwach, Korruption herrscht, die ist aber nicht nur im Kosovo ein Thema, [&hellip;]<\/p>\n","protected":false},"author":1,"featured_media":0,"parent":191,"menu_order":0,"comment_status":"closed","ping_status":"closed","template":"","meta":{"ngg_post_thumbnail":0,"footnotes":""},"class_list":["post-197","page","type-page","status-publish","hentry"],"_links":{"self":[{"href":"https:\/\/www.johanna-tschautscher.eu\/index.php\/wp-json\/wp\/v2\/pages\/197","targetHints":{"allow":["GET"]}}],"collection":[{"href":"https:\/\/www.johanna-tschautscher.eu\/index.php\/wp-json\/wp\/v2\/pages"}],"about":[{"href":"https:\/\/www.johanna-tschautscher.eu\/index.php\/wp-json\/wp\/v2\/types\/page"}],"author":[{"embeddable":true,"href":"https:\/\/www.johanna-tschautscher.eu\/index.php\/wp-json\/wp\/v2\/users\/1"}],"replies":[{"embeddable":true,"href":"https:\/\/www.johanna-tschautscher.eu\/index.php\/wp-json\/wp\/v2\/comments?post=197"}],"version-history":[{"count":3,"href":"https:\/\/www.johanna-tschautscher.eu\/index.php\/wp-json\/wp\/v2\/pages\/197\/revisions"}],"predecessor-version":[{"id":1021,"href":"https:\/\/www.johanna-tschautscher.eu\/index.php\/wp-json\/wp\/v2\/pages\/197\/revisions\/1021"}],"up":[{"embeddable":true,"href":"https:\/\/www.johanna-tschautscher.eu\/index.php\/wp-json\/wp\/v2\/pages\/191"}],"wp:attachment":[{"href":"https:\/\/www.johanna-tschautscher.eu\/index.php\/wp-json\/wp\/v2\/media?parent=197"}],"curies":[{"name":"wp","href":"https:\/\/api.w.org\/{rel}","templated":true}]}}