{"id":195,"date":"2015-01-11T10:29:10","date_gmt":"2015-01-11T09:29:10","guid":{"rendered":"http:\/\/www.johanna-tschautscher.eu\/?page_id=195"},"modified":"2015-01-14T15:55:46","modified_gmt":"2015-01-14T14:55:46","slug":"inhalt-wie-geht-friede","status":"publish","type":"page","link":"https:\/\/www.johanna-tschautscher.eu\/index.php\/filme\/wie-geht-friede\/inhalt-wie-geht-friede\/","title":{"rendered":"Inhalt &#8211; Wie geht Friede?"},"content":{"rendered":"<p style=\"text-align: justify;\">1999 scheitern Verhandlungen zwischen Serben und Kosovo-Albaner zur L\u00f6sung der Autonomiefrage des Landes. Tausende Fl\u00fcchtlinge dr\u00e4ngen in die EU und die Schweiz. Die NATO f\u00fchrt einen milit\u00e4rischen Schlag gegen strategische Ziele in Jugoslawien durch. Der Kosovo wird von internationalen Truppen besetzt, ein UN-Protektorat wird errichtet, die Region milit\u00e4risch befriedet. 2008 erkl\u00e4rt der Kosovo seine Unabh\u00e4ngigkeit. Nicht alle Staaten erkennen diese Unabh\u00e4ngigkeit an. Die EU schickt die EULEX Mission in das Gebiet; hunderte Staatsanw\u00e4lte, Richter, Polizisten sollen den Aufbau einer multi-ethnischen Polizei, Justiz und Verwaltung sichern.<\/p>\n<p>Von diesem Ist-Zustand ausgehend zeigt der Film Ausschnitte aus dem Engagement der internationalen Gemeinschaft im Kosovo. Einblicke in die T\u00e4tigkeiten der KFOR Truppe, der EULEX Mission, des Botschafters der OSZE Dr. Werner Almhofer, der Kosovo Police, dem Minister f\u00fcr Ethnien und R\u00fcckkehrer Dr. Sasa Rasic, dem Sekret\u00e4r der parlamentarischen Versammlung Dr. Ismet Krasniqi und der EU-Abgeordneten Mag. Ulrike Lunacek zeigen, wie auf verschiedenen Ebenen f\u00fcr Stabilit\u00e4t, Zukunft und Auss\u00f6hnungen in der Region gearbeitet wird. Damit stellt der Film auch die Frage: Wie geht Friede? Welche institutionellen, sozialen, rechtlichen, psychologischen Voraussetzungen m\u00fcssen herrschen, damit verfeindete Menschen in Frieden auf einander zugehen? Welche Inhalte k\u00f6nnen schriftlich festgelegt und unterzeichnet werden? F\u00fcr welche Probleme gibt es nur psychologische, identit\u00e4tsorientierte L\u00f6sungen? Wo steht der Friede? Was k\u00f6nnen wir bereits? Woran mangelt es?<\/p>\n","protected":false},"excerpt":{"rendered":"<p>1999 scheitern Verhandlungen zwischen Serben und Kosovo-Albaner zur L\u00f6sung der Autonomiefrage des Landes. Tausende Fl\u00fcchtlinge dr\u00e4ngen in die EU und die Schweiz. Die NATO f\u00fchrt einen milit\u00e4rischen Schlag gegen strategische Ziele in Jugoslawien durch. Der Kosovo wird von internationalen Truppen besetzt, ein UN-Protektorat wird errichtet, die Region milit\u00e4risch befriedet. 2008 erkl\u00e4rt der Kosovo seine Unabh\u00e4ngigkeit. [&hellip;]<\/p>\n","protected":false},"author":1,"featured_media":0,"parent":191,"menu_order":0,"comment_status":"closed","ping_status":"closed","template":"","meta":{"ngg_post_thumbnail":0,"footnotes":""},"class_list":["post-195","page","type-page","status-publish","hentry"],"_links":{"self":[{"href":"https:\/\/www.johanna-tschautscher.eu\/index.php\/wp-json\/wp\/v2\/pages\/195","targetHints":{"allow":["GET"]}}],"collection":[{"href":"https:\/\/www.johanna-tschautscher.eu\/index.php\/wp-json\/wp\/v2\/pages"}],"about":[{"href":"https:\/\/www.johanna-tschautscher.eu\/index.php\/wp-json\/wp\/v2\/types\/page"}],"author":[{"embeddable":true,"href":"https:\/\/www.johanna-tschautscher.eu\/index.php\/wp-json\/wp\/v2\/users\/1"}],"replies":[{"embeddable":true,"href":"https:\/\/www.johanna-tschautscher.eu\/index.php\/wp-json\/wp\/v2\/comments?post=195"}],"version-history":[{"count":2,"href":"https:\/\/www.johanna-tschautscher.eu\/index.php\/wp-json\/wp\/v2\/pages\/195\/revisions"}],"predecessor-version":[{"id":983,"href":"https:\/\/www.johanna-tschautscher.eu\/index.php\/wp-json\/wp\/v2\/pages\/195\/revisions\/983"}],"up":[{"embeddable":true,"href":"https:\/\/www.johanna-tschautscher.eu\/index.php\/wp-json\/wp\/v2\/pages\/191"}],"wp:attachment":[{"href":"https:\/\/www.johanna-tschautscher.eu\/index.php\/wp-json\/wp\/v2\/media?parent=195"}],"curies":[{"name":"wp","href":"https:\/\/api.w.org\/{rel}","templated":true}]}}