{"id":1679,"date":"2017-10-19T15:05:46","date_gmt":"2017-10-19T13:05:46","guid":{"rendered":"http:\/\/www.johanna-tschautscher.eu\/?page_id=1679"},"modified":"2017-10-19T15:05:46","modified_gmt":"2017-10-19T13:05:46","slug":"inhalt-vom-mythos-der-erloesenden-gewalt","status":"publish","type":"page","link":"https:\/\/www.johanna-tschautscher.eu\/index.php\/inhalt-vom-mythos-der-erloesenden-gewalt\/","title":{"rendered":"INHALT Vom Mythos der erl\u00f6senden Gewalt"},"content":{"rendered":"<p>Das G\u00f6tterkind Marduk t\u00f6tet seine Mutter und formt aus ihrem Leib den Kosmos. Dem Ursprung der Welt geht im babylonischen Sch\u00f6pfungsmythos &#8222;Enuma Elish&#8220; Grausamkeit und Gewalt voran. Die in Babylon gefangenen Juden schreiben den alttestamentlichen Sch\u00f6pfungsmythos in dem jeder Tag gut ist. Das Alte Testament steht dem Mythos der sch\u00f6pferischen Gewalt seither diametral gegen\u00fcber.<\/p>\n<p>Der Theologe Walter Wink z\u00e4hlt zu den zehn wichtigsten amerikanischen Theologen.<\/p>\n<p>Er besch\u00e4ftigte sich drei\u00dfig Jahre mit den M\u00e4chten und ihren Mythen und fragte dabei nach Engeln, D\u00e4monen, dem Geist von Gemeinden, Institutionen und Nationen.\u00a0 In der B\u00fcrgerrechtsbewegung aktiv demonstrierte Wink gegen die amerikanischen Interventionskriege, reiste in Chiles Milit\u00e4rdiktatur und schmuggelte B\u00fccher \u00fcber gewaltfreie Methoden, die er &#8222;den dritten Weg Jesu&#8220; nennt, nach S\u00fcdafrika. Er erlebte dabei konkret Gottes Wirken. Der \u201eEngel einer Nation\u201c wird f\u00fcr ihn mehr als reine Metapher.<\/p>\n","protected":false},"excerpt":{"rendered":"<p>Das G\u00f6tterkind Marduk t\u00f6tet seine Mutter und formt aus ihrem Leib den Kosmos. Dem Ursprung der Welt geht im babylonischen Sch\u00f6pfungsmythos &#8222;Enuma Elish&#8220; Grausamkeit und Gewalt voran. Die in Babylon gefangenen Juden schreiben den alttestamentlichen Sch\u00f6pfungsmythos in dem jeder Tag gut ist. Das Alte Testament steht dem Mythos der sch\u00f6pferischen Gewalt seither diametral gegen\u00fcber. Der [&hellip;]<\/p>\n","protected":false},"author":1,"featured_media":0,"parent":0,"menu_order":0,"comment_status":"closed","ping_status":"closed","template":"","meta":{"ngg_post_thumbnail":0,"footnotes":""},"class_list":["post-1679","page","type-page","status-publish","hentry"],"_links":{"self":[{"href":"https:\/\/www.johanna-tschautscher.eu\/index.php\/wp-json\/wp\/v2\/pages\/1679","targetHints":{"allow":["GET"]}}],"collection":[{"href":"https:\/\/www.johanna-tschautscher.eu\/index.php\/wp-json\/wp\/v2\/pages"}],"about":[{"href":"https:\/\/www.johanna-tschautscher.eu\/index.php\/wp-json\/wp\/v2\/types\/page"}],"author":[{"embeddable":true,"href":"https:\/\/www.johanna-tschautscher.eu\/index.php\/wp-json\/wp\/v2\/users\/1"}],"replies":[{"embeddable":true,"href":"https:\/\/www.johanna-tschautscher.eu\/index.php\/wp-json\/wp\/v2\/comments?post=1679"}],"version-history":[{"count":1,"href":"https:\/\/www.johanna-tschautscher.eu\/index.php\/wp-json\/wp\/v2\/pages\/1679\/revisions"}],"predecessor-version":[{"id":1680,"href":"https:\/\/www.johanna-tschautscher.eu\/index.php\/wp-json\/wp\/v2\/pages\/1679\/revisions\/1680"}],"wp:attachment":[{"href":"https:\/\/www.johanna-tschautscher.eu\/index.php\/wp-json\/wp\/v2\/media?parent=1679"}],"curies":[{"name":"wp","href":"https:\/\/api.w.org\/{rel}","templated":true}]}}