{"id":1310,"date":"2015-04-14T08:31:01","date_gmt":"2015-04-14T06:31:01","guid":{"rendered":"http:\/\/www.johanna-tschautscher.eu\/?page_id=1310"},"modified":"2024-12-29T19:10:22","modified_gmt":"2024-12-29T18:10:22","slug":"mundus-decipi-vult","status":"publish","type":"page","link":"https:\/\/www.johanna-tschautscher.eu\/index.php\/mundus-decipi-vult\/","title":{"rendered":"Mundus decipi vult"},"content":{"rendered":"ngg_shortcode_0_placeholder\n<h4><strong>&#8222;MUNDUS DECIPI VULT&#8220;<\/strong><\/h4>\n<p><em>Welt will betrogen seyn<\/em><\/p>\n<p>&nbsp;<\/p>\n<p>Portrait des Wirtschaftsanwaltes Hans Scharpf LL.M<\/p>\n<p>AUT 2015, 47 min.<\/p>\n<p>&nbsp;<\/p>\n<p>Regie: Johanna Tschautscher<\/p>\n<p>Musik: Gerald H\u00f6fler<\/p>\n<p>Gitarre: Christian Eilmsteiner<\/p>\n<p>mit: Hans Scharpf LL.M, Gero M. W\u00e4hner<\/p>\n<p>&nbsp;<\/p>\n<p>Filmpremiere: 7. Mai 2015, Johannes Kepler Universit\u00e4t Linz<\/p>\n<p>17 Uhr<\/p>\n<p>H\u00f6rsaal 3 (H\u00f6rsaaltrakt)<\/p>\n<p>&nbsp;<\/p>\n<p>veranstaltet vom Kulturinstitut der JKU<\/p>\n<p>Prof. Gerhard Fr\u00f6hlich<\/p>\n<p>In Anwesenheit von Hans Scharpf LL.M. und Johanna Tschautscher<\/p>\n<p>&nbsp;<\/p>\n\n\n<p>Inhalt \/ Regiestatement \/ Premiere \/<a href=\"https:\/\/www.johanna-tschautscher.eu\/?page_id=1369\" data-type=\"page\" data-id=\"1369\"> DVD<\/a><\/p>\n","protected":false},"excerpt":{"rendered":"<p>&#8222;MUNDUS DECIPI VULT&#8220; Welt will betrogen seyn &nbsp; Portrait des Wirtschaftsanwaltes Hans Scharpf LL.M AUT 2015, 47 min. &nbsp; Regie: Johanna Tschautscher Musik: Gerald H\u00f6fler Gitarre: Christian Eilmsteiner mit: Hans Scharpf LL.M, Gero M. W\u00e4hner &nbsp; Filmpremiere: 7. Mai 2015, Johannes Kepler Universit\u00e4t Linz 17 Uhr H\u00f6rsaal 3 (H\u00f6rsaaltrakt) &nbsp; veranstaltet vom Kulturinstitut der JKU [&hellip;]<\/p>\n","protected":false},"author":1,"featured_media":0,"parent":0,"menu_order":0,"comment_status":"closed","ping_status":"closed","template":"page-full-width.php","meta":{"ngg_post_thumbnail":0,"footnotes":""},"class_list":["post-1310","page","type-page","status-publish","hentry"],"_links":{"self":[{"href":"https:\/\/www.johanna-tschautscher.eu\/index.php\/wp-json\/wp\/v2\/pages\/1310","targetHints":{"allow":["GET"]}}],"collection":[{"href":"https:\/\/www.johanna-tschautscher.eu\/index.php\/wp-json\/wp\/v2\/pages"}],"about":[{"href":"https:\/\/www.johanna-tschautscher.eu\/index.php\/wp-json\/wp\/v2\/types\/page"}],"author":[{"embeddable":true,"href":"https:\/\/www.johanna-tschautscher.eu\/index.php\/wp-json\/wp\/v2\/users\/1"}],"replies":[{"embeddable":true,"href":"https:\/\/www.johanna-tschautscher.eu\/index.php\/wp-json\/wp\/v2\/comments?post=1310"}],"version-history":[{"count":7,"href":"https:\/\/www.johanna-tschautscher.eu\/index.php\/wp-json\/wp\/v2\/pages\/1310\/revisions"}],"predecessor-version":[{"id":3791,"href":"https:\/\/www.johanna-tschautscher.eu\/index.php\/wp-json\/wp\/v2\/pages\/1310\/revisions\/3791"}],"wp:attachment":[{"href":"https:\/\/www.johanna-tschautscher.eu\/index.php\/wp-json\/wp\/v2\/media?parent=1310"}],"curies":[{"name":"wp","href":"https:\/\/api.w.org\/{rel}","templated":true}]}}