{"id":131,"date":"2015-01-10T10:55:56","date_gmt":"2015-01-10T10:55:56","guid":{"rendered":"http:\/\/www.johanna-tschautscher.eu\/?page_id=131"},"modified":"2015-01-14T15:56:33","modified_gmt":"2015-01-14T14:56:33","slug":"inhalt-wie-viele-subjekte-bist-du","status":"publish","type":"page","link":"https:\/\/www.johanna-tschautscher.eu\/index.php\/filme\/wie-viele-subjekte-bist-du\/inhalt-wie-viele-subjekte-bist-du\/","title":{"rendered":"Inhalt &#8211; Wie viele Subjekte bist du?"},"content":{"rendered":"<p style=\"text-align: justify;\">Die Regisseurin montiert Bilder, Videomaterial und vom K\u00fcnstler Franco Accursio Gulino gelesene Gedichte zu einem eigenst\u00e4ndigen Kurzfilm, der um die Identit\u00e4t von Subjekten kreist. Am Ende versteht sich die Montage als Bekenntnis zur Koeexistenz aller Subjekte.<\/p>\n<p>&#8222;Ich w\u00fcrde mich selbst gerne treffen, und ihn fragen: Wie viele Subjekte bist du? Zu welcher Gruppe Personen geh\u00f6rst du, die gezwungen sind, eine andere Sprache zu sprechen?&#8220;<\/p>\n<p>&#8222;Sie hat das Recht mich zu fragen, was Ich und mir gelegen kommt. Denn ich bin und sie ist nicht. Interview! Ich wollte sprechen, sie kann nicht sprechen, denn ich wurde vom Volk gew\u00e4hlt! Welches Volk? Die Italiener? Wo sind sie?&#8220;<\/p>\n","protected":false},"excerpt":{"rendered":"<p>Die Regisseurin montiert Bilder, Videomaterial und vom K\u00fcnstler Franco Accursio Gulino gelesene Gedichte zu einem eigenst\u00e4ndigen Kurzfilm, der um die Identit\u00e4t von Subjekten kreist. Am Ende versteht sich die Montage als Bekenntnis zur Koeexistenz aller Subjekte. &#8222;Ich w\u00fcrde mich selbst gerne treffen, und ihn fragen: Wie viele Subjekte bist du? Zu welcher Gruppe Personen geh\u00f6rst [&hellip;]<\/p>\n","protected":false},"author":1,"featured_media":0,"parent":129,"menu_order":0,"comment_status":"closed","ping_status":"closed","template":"","meta":{"ngg_post_thumbnail":0,"footnotes":""},"class_list":["post-131","page","type-page","status-publish","hentry"],"_links":{"self":[{"href":"https:\/\/www.johanna-tschautscher.eu\/index.php\/wp-json\/wp\/v2\/pages\/131","targetHints":{"allow":["GET"]}}],"collection":[{"href":"https:\/\/www.johanna-tschautscher.eu\/index.php\/wp-json\/wp\/v2\/pages"}],"about":[{"href":"https:\/\/www.johanna-tschautscher.eu\/index.php\/wp-json\/wp\/v2\/types\/page"}],"author":[{"embeddable":true,"href":"https:\/\/www.johanna-tschautscher.eu\/index.php\/wp-json\/wp\/v2\/users\/1"}],"replies":[{"embeddable":true,"href":"https:\/\/www.johanna-tschautscher.eu\/index.php\/wp-json\/wp\/v2\/comments?post=131"}],"version-history":[{"count":2,"href":"https:\/\/www.johanna-tschautscher.eu\/index.php\/wp-json\/wp\/v2\/pages\/131\/revisions"}],"predecessor-version":[{"id":984,"href":"https:\/\/www.johanna-tschautscher.eu\/index.php\/wp-json\/wp\/v2\/pages\/131\/revisions\/984"}],"up":[{"embeddable":true,"href":"https:\/\/www.johanna-tschautscher.eu\/index.php\/wp-json\/wp\/v2\/pages\/129"}],"wp:attachment":[{"href":"https:\/\/www.johanna-tschautscher.eu\/index.php\/wp-json\/wp\/v2\/media?parent=131"}],"curies":[{"name":"wp","href":"https:\/\/api.w.org\/{rel}","templated":true}]}}