{"id":115,"date":"2015-01-10T10:33:51","date_gmt":"2015-01-10T10:33:51","guid":{"rendered":"http:\/\/www.johanna-tschautscher.eu\/?page_id=115"},"modified":"2015-01-12T15:51:11","modified_gmt":"2015-01-12T14:51:11","slug":"inhalt-alfred-haberpointner","status":"publish","type":"page","link":"https:\/\/www.johanna-tschautscher.eu\/index.php\/filme\/alfred-haberpointner\/inhalt-alfred-haberpointner\/","title":{"rendered":"Inhalt &#8211; Alfred Haberpointner"},"content":{"rendered":"<p>Alfred Haberpointner:<\/p>\n<p>Ich habe mir fr\u00fcher im Studium gedacht, das Gestalten sollte nur vom Denken her beeinflusst sein und kommen. So habe ich auch gehandelt. Ich habe versucht meine Gestaltung nur vom Denken her zu beeinflussen. Als Reaktion darauf ist es dann so gewesen: Es wurde mir zu viel. Es gab eine Gegenreaktion. Wir wollen eigentlich nur die reine Emotion und zwar naiver als Kinder. Sp\u00e4ter ist es mir klar geworden, dass der Mensch aus Denken und aus Gef\u00fchl besteht und dass es auch kurz oder langfristig nicht m\u00f6glich ist einen Aspekt v\u00f6llig abzustellen,\u00a0 zu verneinen oder zu negieren.<\/p>\n<p>Warum setze ich diesen oder jenen Schritt, mit dieser oder jener Materie?<\/p>\n<p>Das ist ein Unterschied, wenn ich hergehe und sage: Das mache ich jetzt, weil es mir gef\u00e4llt und ohne es hinterfragen zu wollen, oder dass man hergeht und sagt: Ich setze jetzt diesen oder jenen Schritt und fragt dann nicht eine Frage, sondern viele Fragen: Warum? Und das M\u00fchsame ist nat\u00fcrlich: Diese Frage: Warum?<\/p>\n<p>Sobald diese Frage angesprochen ist, wird es kompliziert! Und es kommen all diese Fragen dazu, von der Philosophie, von der Psychologie &#8211; all diese Fragen, wo man sagen muss: Da gibt es m\u00f6glicherweise keine letztg\u00fcltige Antwort!<\/p>\n<p>Ich glaube, dass die Besch\u00e4ftigung mit der Kunst immer mit Suchen zu tun hat. Aber kaum hat man halbwegs festen Boden unter den F\u00fc\u00dfen, springt man gleich in die n\u00e4chste Pf\u00fctze rein. Das ist nat\u00fcrlich schon m\u00fchsam, weil man st\u00e4ndig unterwegs ist und sich auch gewisserma\u00dfen aussetzt \u2013 sobald man halbwegs sicheren Boden unter den F\u00fc\u00dfen h\u00e4tte!<\/p>\n<p>Das hei\u00dft, der Mensch setzt sich, nicht apriori freiwillig den Naturgewalten aus, oder anderen Einfl\u00fcssen, sozialen Isolierungen oder dergleichen, obwohl der Mensch an und f\u00fcr sich Schutz sucht und auch Schutz suchen muss, wenn es ums Leben oder auch ums \u00dcberleben geht. Und: Sich immer wieder auszusetzen und das absichtlich oder gezielt oder bewusst, das ist schon eine gezielte Entscheidung!<\/p>\n","protected":false},"excerpt":{"rendered":"<p>Alfred Haberpointner: Ich habe mir fr\u00fcher im Studium gedacht, das Gestalten sollte nur vom Denken her beeinflusst sein und kommen. So habe ich auch gehandelt. Ich habe versucht meine Gestaltung nur vom Denken her zu beeinflussen. Als Reaktion darauf ist es dann so gewesen: Es wurde mir zu viel. Es gab eine Gegenreaktion. Wir wollen [&hellip;]<\/p>\n","protected":false},"author":1,"featured_media":0,"parent":112,"menu_order":0,"comment_status":"closed","ping_status":"closed","template":"","meta":{"ngg_post_thumbnail":0,"footnotes":""},"class_list":["post-115","page","type-page","status-publish","hentry"],"_links":{"self":[{"href":"https:\/\/www.johanna-tschautscher.eu\/index.php\/wp-json\/wp\/v2\/pages\/115","targetHints":{"allow":["GET"]}}],"collection":[{"href":"https:\/\/www.johanna-tschautscher.eu\/index.php\/wp-json\/wp\/v2\/pages"}],"about":[{"href":"https:\/\/www.johanna-tschautscher.eu\/index.php\/wp-json\/wp\/v2\/types\/page"}],"author":[{"embeddable":true,"href":"https:\/\/www.johanna-tschautscher.eu\/index.php\/wp-json\/wp\/v2\/users\/1"}],"replies":[{"embeddable":true,"href":"https:\/\/www.johanna-tschautscher.eu\/index.php\/wp-json\/wp\/v2\/comments?post=115"}],"version-history":[{"count":1,"href":"https:\/\/www.johanna-tschautscher.eu\/index.php\/wp-json\/wp\/v2\/pages\/115\/revisions"}],"predecessor-version":[{"id":116,"href":"https:\/\/www.johanna-tschautscher.eu\/index.php\/wp-json\/wp\/v2\/pages\/115\/revisions\/116"}],"up":[{"embeddable":true,"href":"https:\/\/www.johanna-tschautscher.eu\/index.php\/wp-json\/wp\/v2\/pages\/112"}],"wp:attachment":[{"href":"https:\/\/www.johanna-tschautscher.eu\/index.php\/wp-json\/wp\/v2\/media?parent=115"}],"curies":[{"name":"wp","href":"https:\/\/api.w.org\/{rel}","templated":true}]}}