{"id":1118,"date":"2015-01-17T13:14:35","date_gmt":"2015-01-17T12:14:35","guid":{"rendered":"http:\/\/www.johanna-tschautscher.eu\/?page_id=1118"},"modified":"2024-12-27T17:39:38","modified_gmt":"2024-12-27T16:39:38","slug":"regiestatement-too-big-to-tell","status":"publish","type":"page","link":"https:\/\/www.johanna-tschautscher.eu\/index.php\/filme\/too-big-to-tell\/regiestatement-too-big-to-tell\/","title":{"rendered":"Regiestatement &#8211; Too BIG To Tell"},"content":{"rendered":"<div class=\"wp-block-image\">\n<figure class=\"alignright\"><a href=\"http:\/\/www.johanna-tschautscher.eu\/wp-content\/uploads\/2015\/01\/IMG_5389.jpg\"><img loading=\"lazy\" decoding=\"async\" width=\"2592\" height=\"1936\" src=\"http:\/\/www.johanna-tschautscher.eu\/wp-content\/uploads\/2015\/01\/IMG_5389.jpg\" alt=\"IMG_5389\" class=\"wp-image-1132\" srcset=\"https:\/\/www.johanna-tschautscher.eu\/wp-content\/uploads\/2015\/01\/IMG_5389.jpg 2592w, https:\/\/www.johanna-tschautscher.eu\/wp-content\/uploads\/2015\/01\/IMG_5389-300x224.jpg 300w, https:\/\/www.johanna-tschautscher.eu\/wp-content\/uploads\/2015\/01\/IMG_5389-1024x765.jpg 1024w, https:\/\/www.johanna-tschautscher.eu\/wp-content\/uploads\/2015\/01\/IMG_5389-320x240.jpg 320w\" sizes=\"auto, (max-width: 2592px) 100vw, 2592px\" \/><\/a><\/figure><\/div>\n\n\n<p><\/p>\n\n\n<p style=\"text-align: justify;\">Mit Distanz betrachtet ist unser Film der Trailer unserer drei Mal vierundzwanzig Stunden Dokumentation \u00fcber die Finanzwelt, die wir nicht gemacht haben. Es geht um die gigantischen Verh\u00e4ltnisse zwischen Herrschaft, Verm\u00f6gen, Potenz, Kapital, Eigentum auf der einen, Knechtschaft, Schuld, Vitalit\u00e4t, Arbeitskraft und die pure Mittellosigkeit auf der anderen Seite. Wir haben einige Details davon in drei Filmebenen erz\u00e4hlt. Gespr\u00e4che, Reaktionen eines bodenst\u00e4ndigen Kabarettisten, G\u00fcnther Lainer und Wasserbilder aus \u00d6sterreich.<br>In meinem tiefsten Wesen bin ich ungeeignet einen Film \u00fcber die Finanzwelt \u00f6konomisch folgerichtig abzuschlie\u00dfen. Das ist ein riesiges Problem, ich f\u00fchle mich angreifbar. Auf der anderen Seite spiegelt es die Wirklichkeit eines Gro\u00dfteils der Bev\u00f6lkerung. Immer wieder sto\u00dfen wir im Film an die zu hohe Komplexit\u00e4t des uns bestimmenden Ph\u00e4nomens und die Problematik der Orientierung und Entscheidungsfindung, eine unserer demokratischen Grundpflichten: Wir sollten w\u00e4hlen k\u00f6nnen. Nach zahlreicher Lekt\u00fcre wei\u00df ich nun hunderte Details und kenne diese Sprache. Sie kommt fast v\u00f6llig ohne die lebens- und liebenswerten Facetten unseres Menschseins aus. Das ist ebenfalls ein riesiges Problem.<\/p>\n\n<div class=\"wp-block-image\">\n<figure class=\"alignright\"><a href=\"http:\/\/www.johanna-tschautscher.eu\/wp-content\/uploads\/2015\/01\/IMG_4631.jpg\"><img loading=\"lazy\" decoding=\"async\" width=\"2592\" height=\"1936\" src=\"http:\/\/www.johanna-tschautscher.eu\/wp-content\/uploads\/2015\/01\/IMG_4631.jpg\" alt=\"IMG_4631\" class=\"wp-image-1131\" srcset=\"https:\/\/www.johanna-tschautscher.eu\/wp-content\/uploads\/2015\/01\/IMG_4631.jpg 2592w, https:\/\/www.johanna-tschautscher.eu\/wp-content\/uploads\/2015\/01\/IMG_4631-300x224.jpg 300w, https:\/\/www.johanna-tschautscher.eu\/wp-content\/uploads\/2015\/01\/IMG_4631-1024x765.jpg 1024w, https:\/\/www.johanna-tschautscher.eu\/wp-content\/uploads\/2015\/01\/IMG_4631-320x240.jpg 320w\" sizes=\"auto, (max-width: 2592px) 100vw, 2592px\" \/><\/a><\/figure><\/div>\n\n<p style=\"text-align: justify;\"><br>\u201e\u00d6konomie ist zu gro\u00df und zu wichtig geworden\u201c, sagt ein Gespr\u00e4chspartner in unserem Film. Ich wei\u00df nicht woher das kommt, die Ordnungsexperimente reduzieren den Menschen dauernd auf die \u201eKreatur\u201c, die st\u00e4ndig aufgez\u00e4umt und gez\u00fcgelt werden muss. Mein Wesen sieht den Menschen von der anderen Seite. Wir sind prinzipiell f\u00fcr einander angelegt! \u00d6konomie und Finanzwesen erkennen im Modell, einer Bilanz, der Zahl und der Ideologie die Kraft der Ordnung. Ich habe nach diese Klarheit, Grenze und Anordnung wirklich dringend gesucht! Doch nur sehr selten fand ich Schemen, die mit unserer angeborenen F\u00e4higkeit mit einander auszukommen rechnen und sie damit auch einfordern. Als w\u00fcrden wir ausschlie\u00dflich mittels Konstrukt und Gesetz miteinander umgehen k\u00f6nnen! Das gro\u00dfe \u00fcbergeordnete Schema wird immer korrumpiert werden. Es muss korrumpiert werden, weil jedes Schema eines Tages zu engmaschig wird und \u201eder Stoff\u201c immer eine neue Form verlangt. Die Vitalit\u00e4t innerhalb der Beziehungen, nennen wir es altmodischer \u201eder Flirt\u201c, ist doch das viel grundlegendere Interesse des Menschen, dann erst kommt die Macht, die das und anderes festhalten will. Dieses alte Machtschema will einfach nicht mehr sterben.<\/p>\n\n<div class=\"wp-block-image\">\n<figure class=\"aligncenter is-resized\"><a href=\"http:\/\/www.johanna-tschautscher.eu\/wp-content\/uploads\/2015\/01\/IMG_4574.jpg\"><img loading=\"lazy\" decoding=\"async\" width=\"640\" height=\"480\" src=\"http:\/\/www.johanna-tschautscher.eu\/wp-content\/uploads\/2015\/01\/IMG_4574.jpg\" alt=\"IMG_4574\" class=\"wp-image-1133\" style=\"width:840px;height:auto\" srcset=\"https:\/\/www.johanna-tschautscher.eu\/wp-content\/uploads\/2015\/01\/IMG_4574.jpg 640w, https:\/\/www.johanna-tschautscher.eu\/wp-content\/uploads\/2015\/01\/IMG_4574-300x225.jpg 300w, https:\/\/www.johanna-tschautscher.eu\/wp-content\/uploads\/2015\/01\/IMG_4574-320x240.jpg 320w\" sizes=\"auto, (max-width: 640px) 100vw, 640px\" \/><\/a><\/figure><\/div>\n\n<p style=\"text-align: justify;\">G\u00fcnther Lainer und ich sind vom Ansatz her komplett verschieden doch wir haben einen sehr \u00e4hnlichen Instinkt. Ein Humor, der uns erlaubt zu wissen, dass der Film alt ist, sobald er herauskommt, dass er noch Jahre aktuell ist, weil eine tiefgehende L\u00f6sung noch Jahrzehnte brauchen wird. Ich habe G\u00fcnther Lainer instinktiv gesucht, wusste, dass er im richtigen Moment Hunger hat.<br>Zum Abschluss eine Ern\u00fcchterung: In grauenhaften Zeiten ist man geneigt die Dinge sch\u00f6n zu schreiben. N\u00fcchtern betrachtet sage ich zu unseren Recherchen: Es existiert eine grauenhafte W\u00fcrgekraft an unseren \u201eHerzensqualit\u00e4ten\u201c. Diese Kraft hat bereits enormen Schaden angerichtet. Mit diesen Traumen werden wir noch einige Zeit zu tun haben.<\/p>\n\n\n<p><\/p>\n\n\n<div class=\"wp-block-image\">\n<figure class=\"alignright\"><a href=\"http:\/\/www.johanna-tschautscher.eu\/wp-content\/uploads\/2015\/01\/IMG_4398.jpg\"><img loading=\"lazy\" decoding=\"async\" width=\"2592\" height=\"1936\" src=\"http:\/\/www.johanna-tschautscher.eu\/wp-content\/uploads\/2015\/01\/IMG_4398.jpg\" alt=\"IMG_4398\" class=\"wp-image-1130\" srcset=\"https:\/\/www.johanna-tschautscher.eu\/wp-content\/uploads\/2015\/01\/IMG_4398.jpg 2592w, https:\/\/www.johanna-tschautscher.eu\/wp-content\/uploads\/2015\/01\/IMG_4398-300x224.jpg 300w, https:\/\/www.johanna-tschautscher.eu\/wp-content\/uploads\/2015\/01\/IMG_4398-1024x765.jpg 1024w, https:\/\/www.johanna-tschautscher.eu\/wp-content\/uploads\/2015\/01\/IMG_4398-320x240.jpg 320w\" sizes=\"auto, (max-width: 2592px) 100vw, 2592px\" \/><\/a><\/figure><\/div>\n\n\n<p><\/p>\n\n\n\n<p>&nbsp;<\/p>\n\n\n<div class=\"wp-block-image\">\n<figure class=\"alignright\"><a href=\"http:\/\/www.johanna-tschautscher.eu\/wp-content\/uploads\/2015\/01\/johanna-g\u00fcnther-2.jpg\"><img loading=\"lazy\" decoding=\"async\" width=\"1099\" height=\"836\" src=\"http:\/\/www.johanna-tschautscher.eu\/wp-content\/uploads\/2015\/01\/johanna-g\u00fcnther-2.jpg\" alt=\"johanna g\u00fcnther 2\" class=\"wp-image-1136\" srcset=\"https:\/\/www.johanna-tschautscher.eu\/wp-content\/uploads\/2015\/01\/johanna-g\u00fcnther-2.jpg 1099w, https:\/\/www.johanna-tschautscher.eu\/wp-content\/uploads\/2015\/01\/johanna-g\u00fcnther-2-300x228.jpg 300w, https:\/\/www.johanna-tschautscher.eu\/wp-content\/uploads\/2015\/01\/johanna-g\u00fcnther-2-1024x779.jpg 1024w\" sizes=\"auto, (max-width: 1099px) 100vw, 1099px\" \/><\/a><\/figure><\/div>\n\n\n<p><\/p>\n\n\n\n<p>&nbsp;<\/p>\n\n\n\n<p>Kabarettstatement G\u00fcnther Lainer<\/p>\n\n\n<p style=\"text-align: justify;\">Johanna hat gemeint ich soll mein Statement mit dem Satz beginnen: Ich danke der Johanna, dass sie mich \u00fcberredet hat mitzumachen!<br>Ich danke der Johanna, dass sie mich \u00fcberredet hat mitzumachen!<br>Sie hat mich zu meinem Gl\u00fcck gezwungen. Mir ist diese Materie, die Finanzwelt durch Johanna zugefallen und mir ist einiges aufgefallen. F\u00fcr mich war dieser Film immer ein Film \u00fcbers Geld. F\u00fcr Johanna war es komplexer. Wir sollten nach dem Film alles verstehen und begreifen. F\u00fcr mich aber blieb es ein Film \u00fcbers GELD. Die Finanzwelt ist f\u00fcr mich nach wie vor eine sehr schwierige und komplizierte Angelegenheit. Mir wurde bewusst, dass es wenige Themen gibt wor\u00fcber soviel bzw. sowenig geredet wird. Nicht umsonst gibt es so sch\u00f6ne Spr\u00fcche wie &#8222;\u00dcbers Geld redet man nicht!&#8220;, &#8222;Geld stinkt nicht&#8220; oder &#8222;Das Geld liegt auf der Stra\u00dfe&#8220;. Und! Es gibt sehr viele Experten. Auf der ganzen Welt, in \u00d6sterreich, in Ober\u00f6sterreich, sogar in Linz! F\u00fcr jeden Bereich. Die \u201eExperten\u201c wissen viel, aber meistens in ihrem Fachbereich, wo sie sich eingearbeitet haben. Niemand der Finanzprofis konnte mir die Zusammenh\u00e4nge so erkl\u00e4ren, dass ich dieses Thema jetzt durchschaue. F\u00fcr mich war es wirklich faszinierend, wie sich das Finanzsystem selbstst\u00e4ndig gemacht hat. Manche nutzen es reichlich f\u00fcr sich (ich glaube legal), andere leiden unter dem System (ich glaube leider auch legal). Die gr\u00f6\u00dfte Erkenntnis kam, als ich begriff, dass dieses System Menschen gemacht haben und Menschen auch jederzeit \u00e4ndern k\u00f6nnen! Wenn sie wollten oder k\u00f6nnten. Ein Widerspruch.<\/p>\n\n<div class=\"wp-block-image\">\n<figure class=\"alignright\"><a href=\"http:\/\/www.johanna-tschautscher.eu\/wp-content\/uploads\/2015\/01\/IMG_4427.jpg\"><img loading=\"lazy\" decoding=\"async\" width=\"2592\" height=\"1936\" src=\"http:\/\/www.johanna-tschautscher.eu\/wp-content\/uploads\/2015\/01\/IMG_4427.jpg\" alt=\"IMG_4427\" class=\"wp-image-1129\" srcset=\"https:\/\/www.johanna-tschautscher.eu\/wp-content\/uploads\/2015\/01\/IMG_4427.jpg 2592w, https:\/\/www.johanna-tschautscher.eu\/wp-content\/uploads\/2015\/01\/IMG_4427-300x224.jpg 300w, https:\/\/www.johanna-tschautscher.eu\/wp-content\/uploads\/2015\/01\/IMG_4427-1024x765.jpg 1024w, https:\/\/www.johanna-tschautscher.eu\/wp-content\/uploads\/2015\/01\/IMG_4427-320x240.jpg 320w\" sizes=\"auto, (max-width: 2592px) 100vw, 2592px\" \/><\/a><\/figure><\/div>\n\n\n<p><\/p>\n\n\n<p style=\"text-align: justify;\">Die Arbeit mit Johanna bedeutete immer Intensit\u00e4t und Neues! Es gab viele spannende Gespr\u00e4che, es gab Phasen, wo ich nicht mehr wollte und Johanna schon und umgekehrt und es gab einige Situationen, wo ich bis heute nicht herausgefunden habe wie das gelaufen ist. Wir waren manchmal gl\u00fccklich und manchmal traurig und manchmal beides zugleich. Die Arbeit an einem Dokumentarfilm war f\u00fcr mich komplett neu. Sich mit \u201edokumentarischen Bildern\u201c an ein Thema anzun\u00e4hern, ohne dass ich wusste (ich hoffe Johanna schon) was dabei rauskommt oder rauskommen soll, war eine ganz neue Erfahrung f\u00fcr mich. Auch dass sehr viel gedreht wurde und dann nicht f\u00fcr den Film verwendet wurde. Johanna sagte immer, das ist ganz normal.<\/p>\n\n<div class=\"wp-block-image\">\n<figure class=\"alignright\"><a href=\"http:\/\/www.johanna-tschautscher.eu\/wp-content\/uploads\/2015\/01\/10-Meter-Turm-G\u00fcnther-Johanna.jpg\"><img loading=\"lazy\" decoding=\"async\" width=\"2048\" height=\"1152\" src=\"http:\/\/www.johanna-tschautscher.eu\/wp-content\/uploads\/2015\/01\/10-Meter-Turm-G\u00fcnther-Johanna.jpg\" alt=\"10 Meter Turm G\u00fcnther Johanna\" class=\"wp-image-1126\" srcset=\"https:\/\/www.johanna-tschautscher.eu\/wp-content\/uploads\/2015\/01\/10-Meter-Turm-G\u00fcnther-Johanna.jpg 2048w, https:\/\/www.johanna-tschautscher.eu\/wp-content\/uploads\/2015\/01\/10-Meter-Turm-G\u00fcnther-Johanna-300x169.jpg 300w, https:\/\/www.johanna-tschautscher.eu\/wp-content\/uploads\/2015\/01\/10-Meter-Turm-G\u00fcnther-Johanna-1024x576.jpg 1024w\" sizes=\"auto, (max-width: 2048px) 100vw, 2048px\" \/><\/a><\/figure><\/div>\n\n\n<p><\/p>\n\n\n<p style=\"text-align: justify;\">Mir ist um jede Szene leid, besonders um die, wo wir so richtig diskutiert haben, auf dem 10 Meter Turm zum Beispiel. Da habe ich die Johanna so richtig kennen gelernt und sie hat mich beim Stadion so richtig kennen gelernt. Im Positiven. Hat sie gesagt. Aber das hat Johanna alles \u201eweggeschmissen\u201c. In einer Zeit wo alles schnell und effizient gehen muss, ist so zu arbeiten ein Luxus. Aber etwas produzieren und dann wegschmei\u00dfen ist eigentlich eh ganz sozial heute. So haben wir alle Arbeit und verdienen unseren Lebensunterhalt. Viele haben mich gefragt, wie viel Geld ich f\u00fcr den Film bekommen habe. Ich habe aus reiner Neugierde und Lust mitgemacht. Wir haben f\u00fcr die Dreharbeiten &#8222;un-entgeld-lich&#8220; gearbeitet. So zu arbeiten ist nat\u00fcrlich auch ein Luxus!<\/p>\n<p style=\"text-align: justify;\">Liebe Johanna! Ich w\u00fcnsche dir alles Gute und vor allem w\u00fcnsche ich dir, dass du die Finanzwelt irgendwann einmal doch noch verstehst, das hast du dir so sehr gew\u00fcnscht, und sie mir dann erkl\u00e4rst, wenn wir uns zuf\u00e4llig wieder einmal auf der Stra\u00dfe treffen.<\/p>\n<p style=\"text-align: justify;\">G\u00fcnther, dein Wegbegleiter<\/p>\n\n\n<p><\/p>\n\n\n\n<p><\/p>\n\n\n\n<p><\/p>\n","protected":false},"excerpt":{"rendered":"<p>Mit Distanz betrachtet ist unser Film der Trailer unserer drei Mal vierundzwanzig Stunden Dokumentation \u00fcber die Finanzwelt, die wir nicht gemacht haben. Es geht um die gigantischen Verh\u00e4ltnisse zwischen Herrschaft, Verm\u00f6gen, Potenz, Kapital, Eigentum auf der einen, Knechtschaft, Schuld, Vitalit\u00e4t, Arbeitskraft und die pure Mittellosigkeit auf der anderen Seite. Wir haben einige Details davon in [&hellip;]<\/p>\n","protected":false},"author":1,"featured_media":0,"parent":37,"menu_order":0,"comment_status":"closed","ping_status":"closed","template":"","meta":{"ngg_post_thumbnail":0,"footnotes":""},"class_list":["post-1118","page","type-page","status-publish","hentry"],"_links":{"self":[{"href":"https:\/\/www.johanna-tschautscher.eu\/index.php\/wp-json\/wp\/v2\/pages\/1118","targetHints":{"allow":["GET"]}}],"collection":[{"href":"https:\/\/www.johanna-tschautscher.eu\/index.php\/wp-json\/wp\/v2\/pages"}],"about":[{"href":"https:\/\/www.johanna-tschautscher.eu\/index.php\/wp-json\/wp\/v2\/types\/page"}],"author":[{"embeddable":true,"href":"https:\/\/www.johanna-tschautscher.eu\/index.php\/wp-json\/wp\/v2\/users\/1"}],"replies":[{"embeddable":true,"href":"https:\/\/www.johanna-tschautscher.eu\/index.php\/wp-json\/wp\/v2\/comments?post=1118"}],"version-history":[{"count":15,"href":"https:\/\/www.johanna-tschautscher.eu\/index.php\/wp-json\/wp\/v2\/pages\/1118\/revisions"}],"predecessor-version":[{"id":3701,"href":"https:\/\/www.johanna-tschautscher.eu\/index.php\/wp-json\/wp\/v2\/pages\/1118\/revisions\/3701"}],"up":[{"embeddable":true,"href":"https:\/\/www.johanna-tschautscher.eu\/index.php\/wp-json\/wp\/v2\/pages\/37"}],"wp:attachment":[{"href":"https:\/\/www.johanna-tschautscher.eu\/index.php\/wp-json\/wp\/v2\/media?parent=1118"}],"curies":[{"name":"wp","href":"https:\/\/api.w.org\/{rel}","templated":true}]}}